{"id":10110,"date":"2026-01-09T15:05:25","date_gmt":"2026-01-09T20:05:25","guid":{"rendered":"https:\/\/experienciaslatam.com\/?post_type=product&#038;p=10110"},"modified":"2026-02-11T09:08:36","modified_gmt":"2026-02-11T14:08:36","slug":"celebra-una-fusion-unica-entre-gastronomia-y-arte-en-bogota-con-tavo-garavato-y-nicocina","status":"publish","type":"product","link":"https:\/\/www.experienciaslatam.com\/es\/experiencias\/celebra-una-fusion-unica-entre-gastronomia-y-arte-en-bogota-con-tavo-garavato-y-nicocina\/","title":{"rendered":"Celebra una fusi\u00f3n \u00fanica entre gastronom\u00eda y arte en Bogot\u00e1 con Tavo Garavato y Nicocina"},"content":{"rendered":"<p>Siente la energ\u00eda que surge en el punto de encuentro entre el arte y la gastronom\u00eda, cuando el aclamado artista gr\u00e1fico Tavo Garavato se une al reconocido creador de contenido e influencer gastron\u00f3mico Nicocina Cooks en una serie de eventos sin precedentes. Tras una bebida de bienvenida, despertar\u00e1s tu lado creativo participando tanto en la preparaci\u00f3n de un exquisito platillo colombiano como en la creaci\u00f3n de una colorida impresi\u00f3n en serigraf\u00eda inspirada en \u00e9l. Al final, te llevar\u00e1s a casa una impresi\u00f3n firmada de edici\u00f3n limitada, junto con una selecci\u00f3n de regalos \u00fanicos de tus anfitriones. Exclusivo para tarjetahabientes de Mastercard.<\/p>\n","protected":false},"excerpt":{"rendered":"<p>Siente la energ\u00eda que surge en el punto de encuentro entre el arte y la gastronom\u00eda, cuando el aclamado artista gr\u00e1fico Tavo Garavato se une al reconocido creador de contenido e influencer gastron\u00f3mico Nicocina Cooks en una serie de eventos sin precedentes. Tras una bebida de bienvenida, despertar\u00e1s tu lado creativo participando tanto en la [&hellip;]<\/p>\n","protected":false},"featured_media":10468,"template":"","meta":{"_acf_changed":false,"inline_featured_image":false},"product_brand":[],"product_cat":[47],"product_tag":[],"class_list":{"0":"post-10110","1":"product","2":"type-product","3":"status-publish","4":"has-post-thumbnail","6":"product_cat-experiencias","8":"first","9":"instock","10":"sold-individually","11":"shipping-taxable","12":"purchasable","13":"product-type-variable"},"acf":[],"_links":{"self":[{"href":"https:\/\/www.experienciaslatam.com\/es\/wp-json\/wp\/v2\/product\/10110","targetHints":{"allow":["GET"]}}],"collection":[{"href":"https:\/\/www.experienciaslatam.com\/es\/wp-json\/wp\/v2\/product"}],"about":[{"href":"https:\/\/www.experienciaslatam.com\/es\/wp-json\/wp\/v2\/types\/product"}],"wp:featuredmedia":[{"embeddable":true,"href":"https:\/\/www.experienciaslatam.com\/es\/wp-json\/wp\/v2\/media\/10468"}],"wp:attachment":[{"href":"https:\/\/www.experienciaslatam.com\/es\/wp-json\/wp\/v2\/media?parent=10110"}],"wp:term":[{"taxonomy":"product_brand","embeddable":true,"href":"https:\/\/www.experienciaslatam.com\/es\/wp-json\/wp\/v2\/product_brand?post=10110"},{"taxonomy":"product_cat","embeddable":true,"href":"https:\/\/www.experienciaslatam.com\/es\/wp-json\/wp\/v2\/product_cat?post=10110"},{"taxonomy":"product_tag","embeddable":true,"href":"https:\/\/www.experienciaslatam.com\/es\/wp-json\/wp\/v2\/product_tag?post=10110"}],"curies":[{"name":"wp","href":"https:\/\/api.w.org\/{rel}","templated":true}]}}