{"id":12211,"date":"2026-04-01T14:55:13","date_gmt":"2026-04-01T19:55:13","guid":{"rendered":"https:\/\/experienciaslatam.com\/?post_type=product&#038;p=12211"},"modified":"2026-04-01T17:21:41","modified_gmt":"2026-04-01T22:21:41","slug":"observa-las-estrellas-desde-un-observatorio-en-el-desierto-sin-contaminacion-luminica","status":"publish","type":"product","link":"https:\/\/www.experienciaslatam.com\/es\/experiencias\/observa-las-estrellas-desde-un-observatorio-en-el-desierto-sin-contaminacion-luminica\/","title":{"rendered":"Observa las estrellas desde un observatorio en el desierto, sin contaminaci\u00f3n lum\u00ednica"},"content":{"rendered":"<p>Ad\u00e9ntrate en el Desierto de Atacama para vivir una velada astron\u00f3mica \u00edntima en el Observatorio del Hemisferio Sur. Comenzar\u00e1s en una terraza con vistas al atardecer, degustaciones de sabores locales dulces y salados, y un brindis con vino o un rica rica sour, antes de explorar el cosmos desde la c\u00fapula educativa y la plataforma de observaci\u00f3n al aire libre.<br \/>\nLuego, observar\u00e1s a trav\u00e9s de telescopios profesionales galaxias, nebulosas y constelaciones del hemisferio sur como Escorpio y Centauro, bajo algunos de los cielos m\u00e1s despejados del planeta. Adem\u00e1s, la experiencia incluye traslados ida y vuelta desde tu hotel. Exclusivo para tarjetahabientes Mastercard.<\/p>\n","protected":false},"excerpt":{"rendered":"<p>Ad\u00e9ntrate en el Desierto de Atacama para vivir una velada astron\u00f3mica \u00edntima en el Observatorio del Hemisferio Sur. Comenzar\u00e1s en una terraza con vistas al atardecer, degustaciones de sabores locales dulces y salados, y un brindis con vino o un rica rica sour, antes de explorar el cosmos desde la c\u00fapula educativa y la plataforma [&hellip;]<\/p>\n","protected":false},"featured_media":0,"template":"","meta":{"_acf_changed":false,"inline_featured_image":false},"product_brand":[],"product_cat":[47],"product_tag":[],"class_list":{"0":"post-12211","1":"product","2":"type-product","3":"status-publish","5":"product_cat-experiencias","7":"first","8":"instock","9":"virtual","10":"sold-individually","11":"purchasable","12":"product-type-booking"},"acf":[],"_links":{"self":[{"href":"https:\/\/www.experienciaslatam.com\/es\/wp-json\/wp\/v2\/product\/12211","targetHints":{"allow":["GET"]}}],"collection":[{"href":"https:\/\/www.experienciaslatam.com\/es\/wp-json\/wp\/v2\/product"}],"about":[{"href":"https:\/\/www.experienciaslatam.com\/es\/wp-json\/wp\/v2\/types\/product"}],"wp:attachment":[{"href":"https:\/\/www.experienciaslatam.com\/es\/wp-json\/wp\/v2\/media?parent=12211"}],"wp:term":[{"taxonomy":"product_brand","embeddable":true,"href":"https:\/\/www.experienciaslatam.com\/es\/wp-json\/wp\/v2\/product_brand?post=12211"},{"taxonomy":"product_cat","embeddable":true,"href":"https:\/\/www.experienciaslatam.com\/es\/wp-json\/wp\/v2\/product_cat?post=12211"},{"taxonomy":"product_tag","embeddable":true,"href":"https:\/\/www.experienciaslatam.com\/es\/wp-json\/wp\/v2\/product_tag?post=12211"}],"curies":[{"name":"wp","href":"https:\/\/api.w.org\/{rel}","templated":true}]}}