{"id":12302,"date":"2026-04-07T14:40:50","date_gmt":"2026-04-07T19:40:50","guid":{"rendered":"https:\/\/experienciaslatam.com\/?post_type=product&#038;p=12302"},"modified":"2026-04-07T16:43:43","modified_gmt":"2026-04-07T21:43:43","slug":"escapate-a-las-montanas-en-una-excursion-de-un-dia-a-los-andes-desde-santiago","status":"publish","type":"product","link":"https:\/\/www.experienciaslatam.com\/es\/experiencias\/escapate-a-las-montanas-en-una-excursion-de-un-dia-a-los-andes-desde-santiago\/","title":{"rendered":"Esc\u00e1pate a las monta\u00f1as en una excursi\u00f3n de un d\u00eda a los Andes desde Santiago"},"content":{"rendered":"<p><span class=\"TextRun SCXW164268885 BCX8\" lang=\"ES-ES\" xml:lang=\"ES-ES\" data-contrast=\"auto\"><span class=\"NormalTextRun SCXW164268885 BCX8\">Explora la cordillera de los Andes en una excursi\u00f3n esc\u00e9nica de un d\u00eda desde Santiago hasta Valle Nevado. Visitar\u00e1s los barrios de Las Condes y El Array\u00e1n, as\u00ed como el pueblo de monta\u00f1a de Farellones. Luego llegar\u00e1s al Centro de\u00a0<\/span><span class=\"NormalTextRun SpellingErrorV2Themed SCXW164268885 BCX8\">Ski<\/span><span class=\"NormalTextRun SCXW164268885 BCX8\">\u00a0Valle Nevado, donde tendr\u00e1s tiempo libre para tomar fotos, probar actividades de temporada y disfrutar de un box lunch rodeado de vistas alpinas. Adem\u00e1s, entrar\u00e1s en calor con bebidas tradicionales chilenas y te llevar\u00e1s a casa un gorro de lana y una botella de vino chileno. Incluye traslados ida y vuelta desde el hotel. Exclusivo para tarjetahabientes\u00a0<\/span><span class=\"NormalTextRun SpellingErrorV2Themed SCXW164268885 BCX8\">Mastercard<\/span><span class=\"NormalTextRun SCXW164268885 BCX8\">.<\/span><\/span><span class=\"EOP SCXW164268885 BCX8\" data-ccp-props=\"{}\">\u00a0<\/span><\/p>\n","protected":false},"excerpt":{"rendered":"<p>Explora la cordillera de los Andes en una excursi\u00f3n esc\u00e9nica de un d\u00eda desde Santiago hasta Valle Nevado. Visitar\u00e1s los barrios de Las Condes y El Array\u00e1n, as\u00ed como el pueblo de monta\u00f1a de Farellones. Luego llegar\u00e1s al Centro de\u00a0Ski\u00a0Valle Nevado, donde tendr\u00e1s tiempo libre para tomar fotos, probar actividades de temporada y disfrutar de [&hellip;]<\/p>\n","protected":false},"featured_media":12306,"template":"","meta":{"_acf_changed":false,"inline_featured_image":false},"product_brand":[],"product_cat":[47],"product_tag":[],"class_list":{"0":"post-12302","1":"product","2":"type-product","3":"status-publish","4":"has-post-thumbnail","6":"product_cat-experiencias","8":"first","9":"instock","10":"virtual","11":"sold-individually","12":"purchasable","13":"product-type-booking"},"acf":[],"_links":{"self":[{"href":"https:\/\/www.experienciaslatam.com\/es\/wp-json\/wp\/v2\/product\/12302","targetHints":{"allow":["GET"]}}],"collection":[{"href":"https:\/\/www.experienciaslatam.com\/es\/wp-json\/wp\/v2\/product"}],"about":[{"href":"https:\/\/www.experienciaslatam.com\/es\/wp-json\/wp\/v2\/types\/product"}],"wp:featuredmedia":[{"embeddable":true,"href":"https:\/\/www.experienciaslatam.com\/es\/wp-json\/wp\/v2\/media\/12306"}],"wp:attachment":[{"href":"https:\/\/www.experienciaslatam.com\/es\/wp-json\/wp\/v2\/media?parent=12302"}],"wp:term":[{"taxonomy":"product_brand","embeddable":true,"href":"https:\/\/www.experienciaslatam.com\/es\/wp-json\/wp\/v2\/product_brand?post=12302"},{"taxonomy":"product_cat","embeddable":true,"href":"https:\/\/www.experienciaslatam.com\/es\/wp-json\/wp\/v2\/product_cat?post=12302"},{"taxonomy":"product_tag","embeddable":true,"href":"https:\/\/www.experienciaslatam.com\/es\/wp-json\/wp\/v2\/product_tag?post=12302"}],"curies":[{"name":"wp","href":"https:\/\/api.w.org\/{rel}","templated":true}]}}