{"id":12344,"date":"2026-04-07T17:02:50","date_gmt":"2026-04-07T22:02:50","guid":{"rendered":"https:\/\/experienciaslatam.com\/?post_type=product&#038;p=12344"},"modified":"2026-04-07T17:35:48","modified_gmt":"2026-04-07T22:35:48","slug":"descubre-el-mar-chileno-a-traves-de-una-experiencia-gastronomica-sensorial","status":"publish","type":"product","link":"https:\/\/www.experienciaslatam.com\/es\/experiencias\/descubre-el-mar-chileno-a-traves-de-una-experiencia-gastronomica-sensorial\/","title":{"rendered":"Descubre el mar chileno a trav\u00e9s de una experiencia gastron\u00f3mica sensorial"},"content":{"rendered":"<p><span class=\"TextRun SCXW57499456 BCX8\" lang=\"ES-ES\" xml:lang=\"ES-ES\" data-contrast=\"auto\"><span class=\"NormalTextRun SCXW57499456 BCX8\">Descubre la cocina costera chilena a trav\u00e9s de una comida centrada en pescados y mariscos en Aqu\u00ed Est\u00e1 Coco. Comenzar\u00e1s con un refrescante c\u00f3ctel de bienvenida de la casa y un aperitivo de cortes\u00eda dise\u00f1ado para despertar el paladar. Luego, disfrutar\u00e1s de un men\u00fa estructurado elaborado con ingredientes locales frescos, enfocado en la sostenibilidad y en t\u00e9cnicas culinarias tradicionales transmitidas a lo largo del tiempo, acompa\u00f1ado de una c\u00e1lida hospitalidad y presentaciones cuidadas que resaltan los sabores frescos del mar. Adem\u00e1s, la experiencia incluye traslados ida y vuelta para que disfrutes de una salida sin preocupaciones de principio a fin. Exclusivo para tarjetahabientes\u00a0<\/span><span class=\"NormalTextRun SpellingErrorV2Themed SpellingErrorHighlight SCXW57499456 BCX8\">Mastercard<\/span><span class=\"NormalTextRun SCXW57499456 BCX8\">.<\/span><\/span><span class=\"EOP SCXW57499456 BCX8\" data-ccp-props=\"{}\">\u00a0<\/span><\/p>\n","protected":false},"excerpt":{"rendered":"<p>Descubre la cocina costera chilena a trav\u00e9s de una comida centrada en pescados y mariscos en Aqu\u00ed Est\u00e1 Coco. Comenzar\u00e1s con un refrescante c\u00f3ctel de bienvenida de la casa y un aperitivo de cortes\u00eda dise\u00f1ado para despertar el paladar. Luego, disfrutar\u00e1s de un men\u00fa estructurado elaborado con ingredientes locales frescos, enfocado en la sostenibilidad y [&hellip;]<\/p>\n","protected":false},"featured_media":12350,"template":"","meta":{"_acf_changed":false,"inline_featured_image":false},"product_brand":[],"product_cat":[47],"product_tag":[],"class_list":{"0":"post-12344","1":"product","2":"type-product","3":"status-publish","4":"has-post-thumbnail","6":"product_cat-experiencias","8":"first","9":"instock","10":"virtual","11":"sold-individually","12":"purchasable","13":"product-type-booking"},"acf":[],"_links":{"self":[{"href":"https:\/\/www.experienciaslatam.com\/es\/wp-json\/wp\/v2\/product\/12344","targetHints":{"allow":["GET"]}}],"collection":[{"href":"https:\/\/www.experienciaslatam.com\/es\/wp-json\/wp\/v2\/product"}],"about":[{"href":"https:\/\/www.experienciaslatam.com\/es\/wp-json\/wp\/v2\/types\/product"}],"wp:featuredmedia":[{"embeddable":true,"href":"https:\/\/www.experienciaslatam.com\/es\/wp-json\/wp\/v2\/media\/12350"}],"wp:attachment":[{"href":"https:\/\/www.experienciaslatam.com\/es\/wp-json\/wp\/v2\/media?parent=12344"}],"wp:term":[{"taxonomy":"product_brand","embeddable":true,"href":"https:\/\/www.experienciaslatam.com\/es\/wp-json\/wp\/v2\/product_brand?post=12344"},{"taxonomy":"product_cat","embeddable":true,"href":"https:\/\/www.experienciaslatam.com\/es\/wp-json\/wp\/v2\/product_cat?post=12344"},{"taxonomy":"product_tag","embeddable":true,"href":"https:\/\/www.experienciaslatam.com\/es\/wp-json\/wp\/v2\/product_tag?post=12344"}],"curies":[{"name":"wp","href":"https:\/\/api.w.org\/{rel}","templated":true}]}}