{"id":12385,"date":"2026-04-09T08:42:54","date_gmt":"2026-04-09T13:42:54","guid":{"rendered":"https:\/\/experienciaslatam.com\/?post_type=product&#038;p=12385"},"modified":"2026-04-09T10:53:45","modified_gmt":"2026-04-09T15:53:45","slug":"caminata-hacia-una-cascada-escenica-y-almuerzo-en-un-eco-lodge-de-la-patagonia","status":"publish","type":"product","link":"https:\/\/www.experienciaslatam.com\/es\/experiencias\/caminata-hacia-una-cascada-escenica-y-almuerzo-en-un-eco-lodge-de-la-patagonia\/","title":{"rendered":"Caminata hacia una cascada esc\u00e9nica y almuerzo en un eco\u2011lodge de la Patagonia"},"content":{"rendered":"<p><span class=\"TextRun SCXW151464382 BCX8\" lang=\"ES-ES\" xml:lang=\"ES-ES\" data-contrast=\"auto\"><span class=\"NormalTextRun SCXW151464382 BCX8\">Emb\u00e1rcate en una caminata guiada desde\u00a0<\/span><span class=\"NormalTextRun SCXW151464382 BCX8\">Estancia\u00a0<\/span><span class=\"NormalTextRun SpellingErrorV2Themed SCXW151464382 BCX8\">Peuma<\/span><span class=\"NormalTextRun SCXW151464382 BCX8\">\u00a0<\/span><span class=\"NormalTextRun SpellingErrorV2Themed SCXW151464382 BCX8\">Hue<\/span><span class=\"NormalTextRun SCXW151464382 BCX8\">, un eco\u2011<\/span><span class=\"NormalTextRun SpellingErrorV2Themed SCXW151464382 BCX8\">lodge<\/span><span class=\"NormalTextRun SCXW151464382 BCX8\">\u00a0boutique ubicado dentro del\u00a0<\/span><span class=\"NormalTextRun SCXW151464382 BCX8\">Parque Nacional Nahuel Huapi<\/span><span class=\"NormalTextRun SCXW151464382 BCX8\">, cerca de Bariloche. A lo largo del sendero atravesar\u00e1s miradores dignos de postal hasta llegar a la imponente\u00a0<\/span><span class=\"NormalTextRun SCXW151464382 BCX8\">cascada\u00a0<\/span><span class=\"NormalTextRun SpellingErrorV2Themed SCXW151464382 BCX8\">D\u2019Agostini<\/span><span class=\"NormalTextRun SCXW151464382 BCX8\">, donde podr\u00e1s disfrutar de las aguas que caen y del entorno natural impresionante.<\/span><\/span><span class=\"LineBreakBlob BlobObject DragDrop SCXW151464382 BCX8\"><span class=\"SCXW151464382 BCX8\">\u00a0<\/span><br class=\"SCXW151464382 BCX8\" \/><\/span><span class=\"TextRun SCXW151464382 BCX8\" lang=\"ES-ES\" xml:lang=\"ES-ES\" data-contrast=\"auto\"><span class=\"NormalTextRun SCXW151464382 BCX8\">Al finalizar, del\u00e9itate con un\u00a0<\/span><span class=\"NormalTextRun SCXW151464382 BCX8\">almuerzo gourmet de tres tiempos<\/span><span class=\"NormalTextRun SCXW151464382 BCX8\">\u00a0acompa\u00f1ado de una bebida sin alcohol, en un entorno patag\u00f3nico sereno. Te llevar\u00e1s como cortes\u00eda una\u00a0<\/span><span class=\"NormalTextRun SCXW151464382 BCX8\">botella de vino espumante de la casa<\/span><span class=\"NormalTextRun SCXW151464382 BCX8\">\u00a0y un\u00a0<\/span><span class=\"NormalTextRun SCXW151464382 BCX8\">regalo local<\/span><span class=\"NormalTextRun SCXW151464382 BCX8\">.<\/span><\/span><span class=\"LineBreakBlob BlobObject DragDrop SCXW151464382 BCX8\"><span class=\"SCXW151464382 BCX8\">\u00a0<\/span><br class=\"SCXW151464382 BCX8\" \/><\/span><span class=\"TextRun SCXW151464382 BCX8\" lang=\"ES-ES\" xml:lang=\"ES-ES\" data-contrast=\"auto\"><span class=\"NormalTextRun SCXW151464382 BCX8\">Exclusivo para tarjetahabientes\u00a0<\/span><span class=\"NormalTextRun SpellingErrorV2Themed SCXW151464382 BCX8\">Mastercard<\/span><span class=\"NormalTextRun SCXW151464382 BCX8\">.<\/span><\/span><span class=\"EOP SCXW151464382 BCX8\" data-ccp-props=\"{}\">\u00a0<\/span><\/p>\n","protected":false},"excerpt":{"rendered":"<p>Emb\u00e1rcate en una caminata guiada desde\u00a0Estancia\u00a0Peuma\u00a0Hue, un eco\u2011lodge\u00a0boutique ubicado dentro del\u00a0Parque Nacional Nahuel Huapi, cerca de Bariloche. A lo largo del sendero atravesar\u00e1s miradores dignos de postal hasta llegar a la imponente\u00a0cascada\u00a0D\u2019Agostini, donde podr\u00e1s disfrutar de las aguas que caen y del entorno natural impresionante.\u00a0Al finalizar, del\u00e9itate con un\u00a0almuerzo gourmet de tres tiempos\u00a0acompa\u00f1ado de una [&hellip;]<\/p>\n","protected":false},"featured_media":12422,"template":"","meta":{"_acf_changed":false,"inline_featured_image":false},"product_brand":[],"product_cat":[47],"product_tag":[],"class_list":{"0":"post-12385","1":"product","2":"type-product","3":"status-publish","4":"has-post-thumbnail","6":"product_cat-experiencias","8":"first","9":"instock","10":"virtual","11":"sold-individually","12":"purchasable","13":"product-type-booking"},"acf":[],"_links":{"self":[{"href":"https:\/\/www.experienciaslatam.com\/es\/wp-json\/wp\/v2\/product\/12385","targetHints":{"allow":["GET"]}}],"collection":[{"href":"https:\/\/www.experienciaslatam.com\/es\/wp-json\/wp\/v2\/product"}],"about":[{"href":"https:\/\/www.experienciaslatam.com\/es\/wp-json\/wp\/v2\/types\/product"}],"wp:featuredmedia":[{"embeddable":true,"href":"https:\/\/www.experienciaslatam.com\/es\/wp-json\/wp\/v2\/media\/12422"}],"wp:attachment":[{"href":"https:\/\/www.experienciaslatam.com\/es\/wp-json\/wp\/v2\/media?parent=12385"}],"wp:term":[{"taxonomy":"product_brand","embeddable":true,"href":"https:\/\/www.experienciaslatam.com\/es\/wp-json\/wp\/v2\/product_brand?post=12385"},{"taxonomy":"product_cat","embeddable":true,"href":"https:\/\/www.experienciaslatam.com\/es\/wp-json\/wp\/v2\/product_cat?post=12385"},{"taxonomy":"product_tag","embeddable":true,"href":"https:\/\/www.experienciaslatam.com\/es\/wp-json\/wp\/v2\/product_tag?post=12385"}],"curies":[{"name":"wp","href":"https:\/\/api.w.org\/{rel}","templated":true}]}}