{"id":12461,"date":"2026-04-15T17:15:20","date_gmt":"2026-04-15T22:15:20","guid":{"rendered":"https:\/\/experienciaslatam.com\/?post_type=product&#038;p=12461"},"modified":"2026-04-15T17:49:06","modified_gmt":"2026-04-15T22:49:06","slug":"encuentra-calma-con-yoga-caminatas-y-gastronomia-gourmet-en-la-patagonia","status":"publish","type":"product","link":"https:\/\/www.experienciaslatam.com\/es\/experiencias\/encuentra-calma-con-yoga-caminatas-y-gastronomia-gourmet-en-la-patagonia\/","title":{"rendered":"Encuentra calma con yoga, caminatas y gastronom\u00eda gourmet en la Patagonia"},"content":{"rendered":"<p>Reconecta en un entorno patag\u00f3nico sereno y pintoresco con un ritual de bienestar de d\u00eda completo en Estancia Peuma Hue. Comenzar\u00e1s con una sesi\u00f3n de yoga guiada por expertos, rodeado de bosque y aire puro de monta\u00f1a. Luego, disfrutar\u00e1s de un almuerzo de tres tiempos elaborado con ingredientes locales y de temporada, acompa\u00f1ado de una bebida sin alcohol.<br \/>\nM\u00e1s tarde, recorrer\u00e1s senderos entre el bosque y la orilla del lago en una caminata contemplativa dise\u00f1ada para restaurar la claridad y la calma. Como cierre de la experiencia, recibir\u00e1s una botella de vino espumante de la casa como obsequio de despedida. Exclusivo para tarjetahabientes Mastercard.<\/p>\n","protected":false},"excerpt":{"rendered":"<p>Reconecta en un entorno patag\u00f3nico sereno y pintoresco con un ritual de bienestar de d\u00eda completo en Estancia Peuma Hue. Comenzar\u00e1s con una sesi\u00f3n de yoga guiada por expertos, rodeado de bosque y aire puro de monta\u00f1a. Luego, disfrutar\u00e1s de un almuerzo de tres tiempos elaborado con ingredientes locales y de temporada, acompa\u00f1ado de una [&hellip;]<\/p>\n","protected":false},"featured_media":12465,"template":"","meta":{"_acf_changed":false,"inline_featured_image":false},"product_brand":[],"product_cat":[47],"product_tag":[],"class_list":{"0":"post-12461","1":"product","2":"type-product","3":"status-publish","4":"has-post-thumbnail","6":"product_cat-experiencias","8":"first","9":"instock","10":"virtual","11":"sold-individually","12":"purchasable","13":"product-type-booking"},"acf":[],"_links":{"self":[{"href":"https:\/\/www.experienciaslatam.com\/es\/wp-json\/wp\/v2\/product\/12461","targetHints":{"allow":["GET"]}}],"collection":[{"href":"https:\/\/www.experienciaslatam.com\/es\/wp-json\/wp\/v2\/product"}],"about":[{"href":"https:\/\/www.experienciaslatam.com\/es\/wp-json\/wp\/v2\/types\/product"}],"wp:featuredmedia":[{"embeddable":true,"href":"https:\/\/www.experienciaslatam.com\/es\/wp-json\/wp\/v2\/media\/12465"}],"wp:attachment":[{"href":"https:\/\/www.experienciaslatam.com\/es\/wp-json\/wp\/v2\/media?parent=12461"}],"wp:term":[{"taxonomy":"product_brand","embeddable":true,"href":"https:\/\/www.experienciaslatam.com\/es\/wp-json\/wp\/v2\/product_brand?post=12461"},{"taxonomy":"product_cat","embeddable":true,"href":"https:\/\/www.experienciaslatam.com\/es\/wp-json\/wp\/v2\/product_cat?post=12461"},{"taxonomy":"product_tag","embeddable":true,"href":"https:\/\/www.experienciaslatam.com\/es\/wp-json\/wp\/v2\/product_tag?post=12461"}],"curies":[{"name":"wp","href":"https:\/\/api.w.org\/{rel}","templated":true}]}}