{"id":12500,"date":"2026-04-16T16:26:40","date_gmt":"2026-04-16T21:26:40","guid":{"rendered":"https:\/\/experienciaslatam.com\/?post_type=product&#038;p=12500"},"modified":"2026-04-16T17:30:33","modified_gmt":"2026-04-16T22:30:33","slug":"descubre-el-avistamiento-de-aves-y-la-cultura-en-un-ecosistema-biodiverso","status":"publish","type":"product","link":"https:\/\/www.experienciaslatam.com\/es\/experiencias\/descubre-el-avistamiento-de-aves-y-la-cultura-en-un-ecosistema-biodiverso\/","title":{"rendered":"Descubre el avistamiento de aves y la cultura en un ecosistema biodiverso"},"content":{"rendered":"<p>Sum\u00e9rgete en la biodiversidad de la regi\u00f3n de Sierra de La Macarena, Colombia, a trav\u00e9s de un viaje regenerativo conectado con la naturaleza y la cultura. Comenzar\u00e1s en Lejan\u00edas con un caf\u00e9 local antes de dirigirte a la Finca El Diamante para participar en un taller art\u00edstico de aves, donde dise\u00f1ar\u00e1s un lienzo personalizado como recuerdo. Luego, realizar\u00e1s una caminata guiada de avistamiento de aves durante las horas de mayor actividad, acompa\u00f1ada de un snack local y un kit para observadores de aves.<br \/>\nPara cerrar la experiencia, disfrutar\u00e1s de una cena \u201cPreservando Tradiciones\u201d, que celebra los ingredientes de la regi\u00f3n y sus sabores ancestrales. Exclusivo para tarjetahabientes Mastercard.<\/p>\n","protected":false},"excerpt":{"rendered":"<p>Sum\u00e9rgete en la biodiversidad de la regi\u00f3n de Sierra de La Macarena, Colombia, a trav\u00e9s de un viaje regenerativo conectado con la naturaleza y la cultura. Comenzar\u00e1s en Lejan\u00edas con un caf\u00e9 local antes de dirigirte a la Finca El Diamante para participar en un taller art\u00edstico de aves, donde dise\u00f1ar\u00e1s un lienzo personalizado como [&hellip;]<\/p>\n","protected":false},"featured_media":12518,"template":"","meta":{"_acf_changed":false,"inline_featured_image":false},"product_brand":[],"product_cat":[47],"product_tag":[],"class_list":{"0":"post-12500","1":"product","2":"type-product","3":"status-publish","4":"has-post-thumbnail","6":"product_cat-experiencias","8":"first","9":"instock","10":"virtual","11":"sold-individually","12":"purchasable","13":"product-type-booking"},"acf":[],"_links":{"self":[{"href":"https:\/\/www.experienciaslatam.com\/es\/wp-json\/wp\/v2\/product\/12500","targetHints":{"allow":["GET"]}}],"collection":[{"href":"https:\/\/www.experienciaslatam.com\/es\/wp-json\/wp\/v2\/product"}],"about":[{"href":"https:\/\/www.experienciaslatam.com\/es\/wp-json\/wp\/v2\/types\/product"}],"wp:featuredmedia":[{"embeddable":true,"href":"https:\/\/www.experienciaslatam.com\/es\/wp-json\/wp\/v2\/media\/12518"}],"wp:attachment":[{"href":"https:\/\/www.experienciaslatam.com\/es\/wp-json\/wp\/v2\/media?parent=12500"}],"wp:term":[{"taxonomy":"product_brand","embeddable":true,"href":"https:\/\/www.experienciaslatam.com\/es\/wp-json\/wp\/v2\/product_brand?post=12500"},{"taxonomy":"product_cat","embeddable":true,"href":"https:\/\/www.experienciaslatam.com\/es\/wp-json\/wp\/v2\/product_cat?post=12500"},{"taxonomy":"product_tag","embeddable":true,"href":"https:\/\/www.experienciaslatam.com\/es\/wp-json\/wp\/v2\/product_tag?post=12500"}],"curies":[{"name":"wp","href":"https:\/\/api.w.org\/{rel}","templated":true}]}}