{"id":12688,"date":"2026-05-06T14:26:24","date_gmt":"2026-05-06T19:26:24","guid":{"rendered":"https:\/\/experienciaslatam.com\/?post_type=product&#038;p=12688"},"modified":"2026-05-06T15:03:34","modified_gmt":"2026-05-06T20:03:34","slug":"caminata-entre-las-nubes-mientras-recorres-bosques-andinos-y-cascadas","status":"publish","type":"product","link":"https:\/\/www.experienciaslatam.com\/es\/experiencias\/caminata-entre-las-nubes-mientras-recorres-bosques-andinos-y-cascadas\/","title":{"rendered":"Caminata entre las nubes mientras recorres bosques andinos y cascadas"},"content":{"rendered":"<p>Descubre Colombia en su faceta m\u00e1s pac\u00edfica durante una caminata consciente por un bosque andino de niebla, a 3.200 metros sobre el nivel del mar. Acompa\u00f1ado por un gu\u00eda local especializado, recorrer\u00e1s una ruta que atraviesa terrenos privados y \u00e1reas poco exploradas, lejos de los caminos m\u00e1s transitados y del turismo masivo.<br \/>\nLa experiencia incluye traslados privados desde el hotel, agua en botellas de vidrio y un s\u00e1ndwich estilo club para picnic, pensado para disfrutarse con calma mientras la monta\u00f1a hace su magia. Exclusivo para tarjetahabientes Mastercard.<\/p>\n","protected":false},"excerpt":{"rendered":"<p>Descubre Colombia en su faceta m\u00e1s pac\u00edfica durante una caminata consciente por un bosque andino de niebla, a 3.200 metros sobre el nivel del mar. Acompa\u00f1ado por un gu\u00eda local especializado, recorrer\u00e1s una ruta que atraviesa terrenos privados y \u00e1reas poco exploradas, lejos de los caminos m\u00e1s transitados y del turismo masivo. La experiencia incluye [&hellip;]<\/p>\n","protected":false},"featured_media":12692,"template":"","meta":{"_acf_changed":false,"inline_featured_image":false},"product_brand":[],"product_cat":[47],"product_tag":[],"class_list":{"0":"post-12688","1":"product","2":"type-product","3":"status-publish","4":"has-post-thumbnail","6":"product_cat-experiencias","8":"first","9":"instock","10":"virtual","11":"sold-individually","12":"purchasable","13":"product-type-booking"},"acf":[],"_links":{"self":[{"href":"https:\/\/www.experienciaslatam.com\/es\/wp-json\/wp\/v2\/product\/12688","targetHints":{"allow":["GET"]}}],"collection":[{"href":"https:\/\/www.experienciaslatam.com\/es\/wp-json\/wp\/v2\/product"}],"about":[{"href":"https:\/\/www.experienciaslatam.com\/es\/wp-json\/wp\/v2\/types\/product"}],"wp:featuredmedia":[{"embeddable":true,"href":"https:\/\/www.experienciaslatam.com\/es\/wp-json\/wp\/v2\/media\/12692"}],"wp:attachment":[{"href":"https:\/\/www.experienciaslatam.com\/es\/wp-json\/wp\/v2\/media?parent=12688"}],"wp:term":[{"taxonomy":"product_brand","embeddable":true,"href":"https:\/\/www.experienciaslatam.com\/es\/wp-json\/wp\/v2\/product_brand?post=12688"},{"taxonomy":"product_cat","embeddable":true,"href":"https:\/\/www.experienciaslatam.com\/es\/wp-json\/wp\/v2\/product_cat?post=12688"},{"taxonomy":"product_tag","embeddable":true,"href":"https:\/\/www.experienciaslatam.com\/es\/wp-json\/wp\/v2\/product_tag?post=12688"}],"curies":[{"name":"wp","href":"https:\/\/api.w.org\/{rel}","templated":true}]}}