{"id":12734,"date":"2026-05-11T14:31:19","date_gmt":"2026-05-11T19:31:19","guid":{"rendered":"https:\/\/experienciaslatam.com\/?post_type=product&#038;p=12734"},"modified":"2026-05-11T16:25:30","modified_gmt":"2026-05-11T21:25:30","slug":"muevete-al-ritmo-de-la-capoeira-con-un-mestre-en-una-iconica-playa-de-rio-copy","status":"publish","type":"product","link":"https:\/\/www.experienciaslatam.com\/es\/experiencias\/muevete-al-ritmo-de-la-capoeira-con-un-mestre-en-una-iconica-playa-de-rio-copy\/","title":{"rendered":"Mu\u00e9vete al ritmo de la capoeira con un mestre en una ic\u00f3nica playa de R\u00edo (Copy)"},"content":{"rendered":"<p>\u00danete a una clase privada de capoeira dirigida por un respetado mestre en las arenas de R\u00edo de Janeiro. Comenzar\u00e1s con una introducci\u00f3n a los or\u00edgenes y la evoluci\u00f3n de la capoeira, reconocida por la UNESCO como Patrimonio Cultural Inmaterial de la Humanidad. Luego, practicar\u00e1s movimientos y ritmos fundamentales, adaptados a tu nivel, seguido de una sesi\u00f3n pr\u00e1ctica de m\u00fasica con instrumentos tradicionales. Despu\u00e9s, te recargar\u00e1s con agua de coco fresca y un bowl de a\u00e7a\u00ed, y te llevar\u00e1s a casa un recuerdo artesanal inspirado en la capoeira, elaborado por artesanos locales. Exclusivo para tarjetahabientes Mastercard.<\/p>\n","protected":false},"excerpt":{"rendered":"<p>\u00danete a una clase privada de capoeira dirigida por un respetado mestre en las arenas de R\u00edo de Janeiro. Comenzar\u00e1s con una introducci\u00f3n a los or\u00edgenes y la evoluci\u00f3n de la capoeira, reconocida por la UNESCO como Patrimonio Cultural Inmaterial de la Humanidad. Luego, practicar\u00e1s movimientos y ritmos fundamentales, adaptados a tu nivel, seguido de [&hellip;]<\/p>\n","protected":false},"featured_media":12738,"template":"","meta":{"_acf_changed":false,"inline_featured_image":false},"product_brand":[],"product_cat":[47],"product_tag":[],"class_list":{"0":"post-12734","1":"product","2":"type-product","3":"status-publish","4":"has-post-thumbnail","6":"product_cat-experiencias","8":"first","9":"instock","10":"virtual","11":"sold-individually","12":"purchasable","13":"product-type-booking"},"acf":[],"_links":{"self":[{"href":"https:\/\/www.experienciaslatam.com\/es\/wp-json\/wp\/v2\/product\/12734","targetHints":{"allow":["GET"]}}],"collection":[{"href":"https:\/\/www.experienciaslatam.com\/es\/wp-json\/wp\/v2\/product"}],"about":[{"href":"https:\/\/www.experienciaslatam.com\/es\/wp-json\/wp\/v2\/types\/product"}],"wp:featuredmedia":[{"embeddable":true,"href":"https:\/\/www.experienciaslatam.com\/es\/wp-json\/wp\/v2\/media\/12738"}],"wp:attachment":[{"href":"https:\/\/www.experienciaslatam.com\/es\/wp-json\/wp\/v2\/media?parent=12734"}],"wp:term":[{"taxonomy":"product_brand","embeddable":true,"href":"https:\/\/www.experienciaslatam.com\/es\/wp-json\/wp\/v2\/product_brand?post=12734"},{"taxonomy":"product_cat","embeddable":true,"href":"https:\/\/www.experienciaslatam.com\/es\/wp-json\/wp\/v2\/product_cat?post=12734"},{"taxonomy":"product_tag","embeddable":true,"href":"https:\/\/www.experienciaslatam.com\/es\/wp-json\/wp\/v2\/product_tag?post=12734"}],"curies":[{"name":"wp","href":"https:\/\/api.w.org\/{rel}","templated":true}]}}