{"id":2792,"date":"2024-11-05T17:56:52","date_gmt":"2024-11-05T22:56:52","guid":{"rendered":"https:\/\/experienciaslatam.com\/?post_type=product&#038;p=2792"},"modified":"2025-04-29T14:33:29","modified_gmt":"2025-04-29T19:33:29","slug":"disfruta-del-arte-de-la-cocina-japonesa-en-una-clase-magistral-de-sushi-en-sao-paulo","status":"publish","type":"product","link":"https:\/\/www.experienciaslatam.com\/es\/experiencias\/disfruta-del-arte-de-la-cocina-japonesa-en-una-clase-magistral-de-sushi-en-sao-paulo\/","title":{"rendered":"Disfruta del arte de la cocina japonesa en una clase magistral de sushi en S\u00e3o Paulo"},"content":{"rendered":"<p>Sum\u00e9rgete en la deliciosa cocina de la comunidad japonesa de S\u00e3o Paulo con una clase magistral de sushi y sashimi en una de las principales escuelas de cocina de Brasil. Disfrutar\u00e1s de una bebida personalizada creada especialmente para la ocasi\u00f3n mientras tu instructor experto comparte los fundamentos de esta forma culinaria, antes de probar tu destreza preparando varios platos tradicionales. Recibir\u00e1s tu propio kit de sushi para llevar a casa. Exclusivamente para titulares de tarjetas Mastercard.<\/p>\n","protected":false},"excerpt":{"rendered":"<p>Sum\u00e9rgete en la deliciosa cocina de la comunidad japonesa de S\u00e3o Paulo con una clase magistral de sushi y sashimi en una de las principales escuelas de cocina de Brasil. Disfrutar\u00e1s de una bebida personalizada creada especialmente para la ocasi\u00f3n mientras tu instructor experto comparte los fundamentos de esta forma culinaria, antes de probar tu [&hellip;]<\/p>\n","protected":false},"featured_media":2175,"template":"","meta":{"_acf_changed":false,"inline_featured_image":false},"product_brand":[],"product_cat":[47],"product_tag":[],"class_list":{"0":"post-2792","1":"product","2":"type-product","3":"status-publish","4":"has-post-thumbnail","6":"product_cat-experiencias","8":"first","9":"instock","10":"virtual","11":"sold-individually","12":"purchasable","13":"product-type-booking"},"acf":[],"_links":{"self":[{"href":"https:\/\/www.experienciaslatam.com\/es\/wp-json\/wp\/v2\/product\/2792","targetHints":{"allow":["GET"]}}],"collection":[{"href":"https:\/\/www.experienciaslatam.com\/es\/wp-json\/wp\/v2\/product"}],"about":[{"href":"https:\/\/www.experienciaslatam.com\/es\/wp-json\/wp\/v2\/types\/product"}],"wp:featuredmedia":[{"embeddable":true,"href":"https:\/\/www.experienciaslatam.com\/es\/wp-json\/wp\/v2\/media\/2175"}],"wp:attachment":[{"href":"https:\/\/www.experienciaslatam.com\/es\/wp-json\/wp\/v2\/media?parent=2792"}],"wp:term":[{"taxonomy":"product_brand","embeddable":true,"href":"https:\/\/www.experienciaslatam.com\/es\/wp-json\/wp\/v2\/product_brand?post=2792"},{"taxonomy":"product_cat","embeddable":true,"href":"https:\/\/www.experienciaslatam.com\/es\/wp-json\/wp\/v2\/product_cat?post=2792"},{"taxonomy":"product_tag","embeddable":true,"href":"https:\/\/www.experienciaslatam.com\/es\/wp-json\/wp\/v2\/product_tag?post=2792"}],"curies":[{"name":"wp","href":"https:\/\/api.w.org\/{rel}","templated":true}]}}