{"id":2797,"date":"2024-11-06T11:50:58","date_gmt":"2024-11-06T16:50:58","guid":{"rendered":"https:\/\/experienciaslatam.com\/?post_type=product&#038;p=2797"},"modified":"2025-04-29T10:36:35","modified_gmt":"2025-04-29T15:36:35","slug":"embarcate-en-un-pintoresco-recorrido-en-barco-por-el-archipielago-de-rio-y-prueba-mariscos-locales","status":"publish","type":"product","link":"https:\/\/www.experienciaslatam.com\/es\/experiencias\/embarcate-en-un-pintoresco-recorrido-en-barco-por-el-archipielago-de-rio-y-prueba-mariscos-locales\/","title":{"rendered":"Emb\u00e1rcate en un pintoresco recorrido en bote por el archipi\u00e9lago de R\u00edo y prueba mariscos locales."},"content":{"rendered":"<p>Explora el canal Marapendi y el archipi\u00e9lago de la Isla Gigoia en R\u00edo de Janeiro en un recorrido en bote privado y disfruta de mariscos locales y un taller de c\u00f3cteles en Ocy\u00e1. Comenzar\u00e1s con un tranquilo paseo en barco por las 10 pintorescas islas del archipi\u00e9lago de la Ilha da Gigoia, donde te sumergir\u00e1s en un impresionante atardecer. Despu\u00e9s, te dirigir\u00e1s al famoso restaurante Ocy\u00e1 en la Isla Primeira en Barra da Tijuca para degustar aperitivos como el aclamado pan de ajo cremoso con camarones, salchichas de pescado ahumado y pescado frito crujiente acompa\u00f1ados de exclusivos c\u00f3cteles de ginebra presentados por el barman y terminados en la mesa. Adem\u00e1s, descubre c\u00f3mo hacer cada bebida en un taller en el lugar y recibe las recetas para recrear la magia en casa. Exclusivamente para titulares de tarjetas Mastercard.<\/p>\n","protected":false},"excerpt":{"rendered":"<p>Explora el canal Marapendi y el archipi\u00e9lago de la Isla Gigoia en R\u00edo de Janeiro en un recorrido en bote privado y disfruta de mariscos locales y un taller de c\u00f3cteles en Ocy\u00e1. Comenzar\u00e1s con un tranquilo paseo en barco por las 10 pintorescas islas del archipi\u00e9lago de la Ilha da Gigoia, donde te sumergir\u00e1s [&hellip;]<\/p>\n","protected":false},"featured_media":2431,"template":"","meta":{"_acf_changed":false,"inline_featured_image":false},"product_brand":[],"product_cat":[47],"product_tag":[],"class_list":{"0":"post-2797","1":"product","2":"type-product","3":"status-publish","4":"has-post-thumbnail","6":"product_cat-experiencias","8":"first","9":"instock","10":"sold-individually","11":"shipping-taxable","12":"purchasable","13":"product-type-booking"},"acf":[],"_links":{"self":[{"href":"https:\/\/www.experienciaslatam.com\/es\/wp-json\/wp\/v2\/product\/2797","targetHints":{"allow":["GET"]}}],"collection":[{"href":"https:\/\/www.experienciaslatam.com\/es\/wp-json\/wp\/v2\/product"}],"about":[{"href":"https:\/\/www.experienciaslatam.com\/es\/wp-json\/wp\/v2\/types\/product"}],"wp:featuredmedia":[{"embeddable":true,"href":"https:\/\/www.experienciaslatam.com\/es\/wp-json\/wp\/v2\/media\/2431"}],"wp:attachment":[{"href":"https:\/\/www.experienciaslatam.com\/es\/wp-json\/wp\/v2\/media?parent=2797"}],"wp:term":[{"taxonomy":"product_brand","embeddable":true,"href":"https:\/\/www.experienciaslatam.com\/es\/wp-json\/wp\/v2\/product_brand?post=2797"},{"taxonomy":"product_cat","embeddable":true,"href":"https:\/\/www.experienciaslatam.com\/es\/wp-json\/wp\/v2\/product_cat?post=2797"},{"taxonomy":"product_tag","embeddable":true,"href":"https:\/\/www.experienciaslatam.com\/es\/wp-json\/wp\/v2\/product_tag?post=2797"}],"curies":[{"name":"wp","href":"https:\/\/api.w.org\/{rel}","templated":true}]}}