{"id":4225,"date":"2024-11-29T17:08:11","date_gmt":"2024-11-29T22:08:11","guid":{"rendered":"https:\/\/experienciaslatam.com\/?post_type=product&#038;p=4225"},"modified":"2024-11-29T17:41:04","modified_gmt":"2024-11-29T22:41:04","slug":"escala-en-las-rocas-y-disfruta-de-una-sesion-de-yoga-en-un-sitio-unico","status":"publish","type":"product","link":"https:\/\/www.experienciaslatam.com\/es\/experiencias\/escala-en-las-rocas-y-disfruta-de-una-sesion-de-yoga-en-un-sitio-unico\/","title":{"rendered":"Escala en las rocas y disfruta de una sesi\u00f3n de yoga en un sitio \u00fanico"},"content":{"rendered":"<p><span data-contrast=\"auto\">Emb\u00e1rcate en una aventura exclusiva e inolvidable de escalada en roca y yoga en un lugar privilegiado de Fundo El Manzano en el impresionante Caj\u00f3n del Maipo de Chile, con una instructora certificada. Comenzar\u00e1s tu viaje con un gu\u00eda privado para encontrarte con la experta monta\u00f1ista e instructora de yoga B\u00e1rbara Donoso en este lugar \u00fanico para escalar, donde ella y su equipo te guiar\u00e1n en una emocionante sesi\u00f3n de escalada en roca centrada en la fortaleza f\u00edsica y mental, la coordinaci\u00f3n y el control. Despu\u00e9s, te desafiar\u00e1s a\u00fan m\u00e1s con una revitalizante sesi\u00f3n privada de hatha yoga integral centrada en t\u00e9cnicas de respiraci\u00f3n, flexibilidad y equilibrio mientras te sumerges en la tranquilidad de la naturaleza y sus sonidos relajantes. Adem\u00e1s, disfrutar\u00e1s de un almuerzo gourmet en caja para concluir tu d\u00eda. Exclusivo para titulares de tarjetas Mastercard.<\/span><span data-ccp-props=\"{&quot;134233117&quot;:false,&quot;134233118&quot;:false,&quot;201341983&quot;:0,&quot;335551550&quot;:6,&quot;335551620&quot;:6,&quot;335559685&quot;:0,&quot;335559737&quot;:0,&quot;335559738&quot;:240,&quot;335559739&quot;:240,&quot;335559740&quot;:279}\">\u00a0<\/span><\/p>\n<p><span data-contrast=\"auto\">Mastercard, junto con Priceless Planet Coalition, busca restaurar 100 millones de \u00e1rboles para 2030. Por cada experiencia que compres, Mastercard donar\u00e1 un \u00e1rbol a trav\u00e9s de Priceless Planet Coalition. Con tu contribuci\u00f3n, estamos promoviendo la restauraci\u00f3n en 6 continentes.<\/span><span data-ccp-props=\"{&quot;134233117&quot;:false,&quot;134233118&quot;:false,&quot;201341983&quot;:0,&quot;335551550&quot;:6,&quot;335551620&quot;:6,&quot;335559685&quot;:0,&quot;335559737&quot;:0,&quot;335559738&quot;:240,&quot;335559739&quot;:240,&quot;335559740&quot;:279}\">\u00a0<\/span><\/p>\n","protected":false},"excerpt":{"rendered":"<p>Emb\u00e1rcate en una aventura exclusiva e inolvidable de escalada en roca y yoga en un lugar privilegiado de Fundo El Manzano en el impresionante Caj\u00f3n del Maipo de Chile, con una instructora certificada. Comenzar\u00e1s tu viaje con un gu\u00eda privado para encontrarte con la experta monta\u00f1ista e instructora de yoga B\u00e1rbara Donoso en este lugar [&hellip;]<\/p>\n","protected":false},"featured_media":4229,"template":"","meta":{"_acf_changed":false,"inline_featured_image":false},"product_brand":[],"product_cat":[47],"product_tag":[],"class_list":{"0":"post-4225","1":"product","2":"type-product","3":"status-publish","4":"has-post-thumbnail","6":"product_cat-experiencias","8":"first","9":"instock","10":"virtual","11":"sold-individually","12":"purchasable","13":"product-type-booking"},"acf":[],"_links":{"self":[{"href":"https:\/\/www.experienciaslatam.com\/es\/wp-json\/wp\/v2\/product\/4225","targetHints":{"allow":["GET"]}}],"collection":[{"href":"https:\/\/www.experienciaslatam.com\/es\/wp-json\/wp\/v2\/product"}],"about":[{"href":"https:\/\/www.experienciaslatam.com\/es\/wp-json\/wp\/v2\/types\/product"}],"wp:featuredmedia":[{"embeddable":true,"href":"https:\/\/www.experienciaslatam.com\/es\/wp-json\/wp\/v2\/media\/4229"}],"wp:attachment":[{"href":"https:\/\/www.experienciaslatam.com\/es\/wp-json\/wp\/v2\/media?parent=4225"}],"wp:term":[{"taxonomy":"product_brand","embeddable":true,"href":"https:\/\/www.experienciaslatam.com\/es\/wp-json\/wp\/v2\/product_brand?post=4225"},{"taxonomy":"product_cat","embeddable":true,"href":"https:\/\/www.experienciaslatam.com\/es\/wp-json\/wp\/v2\/product_cat?post=4225"},{"taxonomy":"product_tag","embeddable":true,"href":"https:\/\/www.experienciaslatam.com\/es\/wp-json\/wp\/v2\/product_tag?post=4225"}],"curies":[{"name":"wp","href":"https:\/\/api.w.org\/{rel}","templated":true}]}}