{"id":5087,"date":"2025-02-03T17:39:17","date_gmt":"2025-02-03T22:39:17","guid":{"rendered":"https:\/\/experienciaslatam.com\/?post_type=product&#038;p=5087"},"modified":"2025-09-01T16:39:20","modified_gmt":"2025-09-01T21:39:20","slug":"sumergete-en-la-cultura-y-la-escena-culinaria-del-barrio-urca-en-rio-de-janeiro","status":"publish","type":"product","link":"https:\/\/www.experienciaslatam.com\/es\/experiencias\/sumergete-en-la-cultura-y-la-escena-culinaria-del-barrio-urca-en-rio-de-janeiro\/","title":{"rendered":"Sum\u00e9rgete en la cultura y la escena culinaria del barrio Urca en R\u00edo de Janeiro."},"content":{"rendered":"<p><span class=\"TextRun SCXW26372304 BCX0\" lang=\"ES-ES\" xml:lang=\"ES-ES\" data-contrast=\"none\"><span class=\"NormalTextRun SCXW26372304 BCX0\">Sum\u00e9rgete en las historias de Urca, un barrio tradicional en la zona sur de R\u00edo de Janeiro que da al Parque <\/span><span class=\"NormalTextRun SpellingErrorV2Themed SCXW26372304 BCX0\">Guanabara<\/span><span class=\"NormalTextRun SCXW26372304 BCX0\">. Con un gu\u00eda experto, obtendr\u00e1s informaci\u00f3n sobre los hitos de Urca, su importancia militar y su legado arquitect\u00f3nico. Haz una pausa para el almuerzo en el restaurante Terra <\/span><span class=\"NormalTextRun SpellingErrorV2Themed SCXW26372304 BCX0\">Brasilis<\/span><span class=\"NormalTextRun SCXW26372304 BCX0\">, con incre\u00edbles vistas de Praia <\/span><span class=\"NormalTextRun SpellingErrorV2Themed SCXW26372304 BCX0\">Vermelha<\/span><span class=\"NormalTextRun SCXW26372304 BCX0\"> y el Pan de Az\u00facar. Tambi\u00e9n har\u00e1s una parada en el Bar Urca y disfrutar\u00e1s de una bebida fr\u00eda mientras aprendes sobre la importancia cultural del lugar. Exclusivamente para titulares de tarjetas <\/span><span class=\"NormalTextRun SpellingErrorV2Themed SCXW26372304 BCX0\">Mastercard<\/span><span class=\"NormalTextRun SCXW26372304 BCX0\">.<\/span><\/span><span class=\"EOP SCXW26372304 BCX0\" data-ccp-props=\"{&quot;134233117&quot;:false,&quot;134233118&quot;:false,&quot;335551550&quot;:0,&quot;335551620&quot;:0,&quot;335557856&quot;:16777215,&quot;335559738&quot;:0,&quot;335559739&quot;:0}\">\u00a0<\/span><\/p>\n","protected":false},"excerpt":{"rendered":"<p>Sum\u00e9rgete en las historias de Urca, un barrio tradicional en la zona sur de R\u00edo de Janeiro que da al Parque Guanabara. Con un gu\u00eda experto, obtendr\u00e1s informaci\u00f3n sobre los hitos de Urca, su importancia militar y su legado arquitect\u00f3nico. Haz una pausa para el almuerzo en el restaurante Terra Brasilis, con incre\u00edbles vistas de [&hellip;]<\/p>\n","protected":false},"featured_media":5091,"template":"","meta":{"_acf_changed":false,"inline_featured_image":false},"product_brand":[],"product_cat":[47],"product_tag":[],"class_list":{"0":"post-5087","1":"product","2":"type-product","3":"status-publish","4":"has-post-thumbnail","6":"product_cat-experiencias","8":"first","9":"instock","10":"virtual","11":"sold-individually","12":"purchasable","13":"product-type-booking"},"acf":[],"_links":{"self":[{"href":"https:\/\/www.experienciaslatam.com\/es\/wp-json\/wp\/v2\/product\/5087","targetHints":{"allow":["GET"]}}],"collection":[{"href":"https:\/\/www.experienciaslatam.com\/es\/wp-json\/wp\/v2\/product"}],"about":[{"href":"https:\/\/www.experienciaslatam.com\/es\/wp-json\/wp\/v2\/types\/product"}],"wp:featuredmedia":[{"embeddable":true,"href":"https:\/\/www.experienciaslatam.com\/es\/wp-json\/wp\/v2\/media\/5091"}],"wp:attachment":[{"href":"https:\/\/www.experienciaslatam.com\/es\/wp-json\/wp\/v2\/media?parent=5087"}],"wp:term":[{"taxonomy":"product_brand","embeddable":true,"href":"https:\/\/www.experienciaslatam.com\/es\/wp-json\/wp\/v2\/product_brand?post=5087"},{"taxonomy":"product_cat","embeddable":true,"href":"https:\/\/www.experienciaslatam.com\/es\/wp-json\/wp\/v2\/product_cat?post=5087"},{"taxonomy":"product_tag","embeddable":true,"href":"https:\/\/www.experienciaslatam.com\/es\/wp-json\/wp\/v2\/product_tag?post=5087"}],"curies":[{"name":"wp","href":"https:\/\/api.w.org\/{rel}","templated":true}]}}