{"id":5257,"date":"2025-02-17T11:50:05","date_gmt":"2025-02-17T16:50:05","guid":{"rendered":"https:\/\/experienciaslatam.com\/?post_type=product&#038;p=5257"},"modified":"2025-09-01T14:42:36","modified_gmt":"2025-09-01T19:42:36","slug":"sumergete-en-la-cultura-y-la-escena-culinaria-del-barrio-urca-en-rio-de-janeiro-copy","status":"publish","type":"product","link":"https:\/\/www.experienciaslatam.com\/es\/experiencias\/sumergete-en-la-cultura-y-la-escena-culinaria-del-barrio-urca-en-rio-de-janeiro-copy\/","title":{"rendered":"Sum\u00e9rgete en el Carnaval de R\u00edo y en la escena de la samba en un tour exclusivo"},"content":{"rendered":"<p><span class=\"TextRun SCXW152451968 BCX0\" lang=\"ES-ES\" xml:lang=\"ES-ES\" data-contrast=\"none\"><span class=\"NormalTextRun SCXW152451968 BCX0\">Descubre los vibrantes colores del Carnaval de R\u00edo de Janeiro, <\/span><span class=\"NormalTextRun SCXW152451968 BCX0\">su<\/span><span class=\"NormalTextRun SCXW152451968 BCX0\">s \u00fanicos bailes de samba y <\/span><span class=\"NormalTextRun SCXW152451968 BCX0\">sus<\/span><span class=\"NormalTextRun SCXW152451968 BCX0\"> procesos creativos en un tour exclusivo con beneficios privilegiados. Comenzar\u00e1s en el centro, en la <\/span><span class=\"NormalTextRun SCXW152451968 BCX0\">Cidade<\/span><span class=\"NormalTextRun SCXW152451968 BCX0\"> do Samba, con una <\/span><span class=\"NormalTextRun SCXW152451968 BCX0\">caipirinha<\/span><span class=\"NormalTextRun SCXW152451968 BCX0\"> de bienvenida y un grupo de percusi\u00f3n que te recibir\u00e1 en el amplio taller de los Acad\u00e9micos da Grande Rio, donde aprender\u00e1s sobre la historia de<\/span> <span class=\"NormalTextRun SCXW152451968 BCX0\">l<\/span><span class=\"NormalTextRun SCXW152451968 BCX0\">a <\/span><span class=\"NormalTextRun SCXW152451968 BCX0\">samba y el Carnaval. Tendr\u00e1s la rara oportunidad de probar aut\u00e9nticos disfraces utilizados en celebraciones anteriores y ver d\u00f3nde se fabrican las carrozas del desfile, antes de <\/span><span class=\"NormalTextRun SCXW152451968 BCX0\">conocer<\/span><span class=\"NormalTextRun SCXW152451968 BCX0\"> a una reina de<\/span> <span class=\"NormalTextRun SCXW152451968 BCX0\">l<\/span><span class=\"NormalTextRun SCXW152451968 BCX0\">a<\/span><span class=\"NormalTextRun SCXW152451968 BCX0\"> samba actuar con un conjunto de m\u00fasicos que te invitar\u00e1 a unirte a una lecci\u00f3n de baile tradicional y ser parte del espect\u00e1culo. <\/span><span class=\"NormalTextRun SCXW152451968 BCX0\">Despu\u00e9s, te dirigir\u00e1s al barrio de Lapa, conocido por tener un bar de samba en cada esquina, para disfrutar de un aperitivo y una <\/span><span class=\"NormalTextRun SCXW152451968 BCX0\">caipirinha<\/span><span class=\"NormalTextRun SCXW152451968 BCX0\"> de cortes\u00eda en <\/span><\/span><span class=\"TextRun MacChromeBold SCXW152451968 BCX0\" lang=\"ES-ES\" xml:lang=\"ES-ES\" data-contrast=\"none\"><span class=\"NormalTextRun SCXW152451968 BCX0\">Carioca da Gema<\/span><\/span><span class=\"TextRun SCXW152451968 BCX0\" lang=\"ES-ES\" xml:lang=\"ES-ES\" data-contrast=\"none\"><span class=\"NormalTextRun SCXW152451968 BCX0\">, un bar popular donde presenciar\u00e1s actuaciones de los mejores artistas de samba. Exclusivamente para titulares de <\/span><span class=\"NormalTextRun SCXW152451968 BCX0\">Mastercard<\/span><span class=\"NormalTextRun SCXW152451968 BCX0\">.<\/span><\/span><span class=\"EOP SCXW152451968 BCX0\" data-ccp-props=\"{&quot;134233117&quot;:false,&quot;134233118&quot;:false,&quot;335557856&quot;:16777215,&quot;335559738&quot;:0,&quot;335559739&quot;:0}\">\u00a0<\/span><\/p>\n","protected":false},"excerpt":{"rendered":"<p>Descubre los vibrantes colores del Carnaval de R\u00edo de Janeiro, sus \u00fanicos bailes de samba y sus procesos creativos en un tour exclusivo con beneficios privilegiados. Comenzar\u00e1s en el centro, en la Cidade do Samba, con una caipirinha de bienvenida y un grupo de percusi\u00f3n que te recibir\u00e1 en el amplio taller de los Acad\u00e9micos [&hellip;]<\/p>\n","protected":false},"featured_media":5289,"template":"","meta":{"_acf_changed":false,"inline_featured_image":false},"product_brand":[],"product_cat":[47],"product_tag":[],"class_list":{"0":"post-5257","1":"product","2":"type-product","3":"status-publish","4":"has-post-thumbnail","6":"product_cat-experiencias","8":"first","9":"instock","10":"virtual","11":"sold-individually","12":"purchasable","13":"product-type-booking"},"acf":[],"_links":{"self":[{"href":"https:\/\/www.experienciaslatam.com\/es\/wp-json\/wp\/v2\/product\/5257","targetHints":{"allow":["GET"]}}],"collection":[{"href":"https:\/\/www.experienciaslatam.com\/es\/wp-json\/wp\/v2\/product"}],"about":[{"href":"https:\/\/www.experienciaslatam.com\/es\/wp-json\/wp\/v2\/types\/product"}],"wp:featuredmedia":[{"embeddable":true,"href":"https:\/\/www.experienciaslatam.com\/es\/wp-json\/wp\/v2\/media\/5289"}],"wp:attachment":[{"href":"https:\/\/www.experienciaslatam.com\/es\/wp-json\/wp\/v2\/media?parent=5257"}],"wp:term":[{"taxonomy":"product_brand","embeddable":true,"href":"https:\/\/www.experienciaslatam.com\/es\/wp-json\/wp\/v2\/product_brand?post=5257"},{"taxonomy":"product_cat","embeddable":true,"href":"https:\/\/www.experienciaslatam.com\/es\/wp-json\/wp\/v2\/product_cat?post=5257"},{"taxonomy":"product_tag","embeddable":true,"href":"https:\/\/www.experienciaslatam.com\/es\/wp-json\/wp\/v2\/product_tag?post=5257"}],"curies":[{"name":"wp","href":"https:\/\/api.w.org\/{rel}","templated":true}]}}