{"id":5696,"date":"2025-04-04T08:58:44","date_gmt":"2025-04-04T13:58:44","guid":{"rendered":"https:\/\/experienciaslatam.com\/?post_type=product&#038;p=5696"},"modified":"2025-09-01T15:06:34","modified_gmt":"2025-09-01T20:06:34","slug":"descubre-ilha-da-gigoia-en-un-exclusivo-paseo-en-bote-y-recorrido-a-pie-guiado","status":"publish","type":"product","link":"https:\/\/www.experienciaslatam.com\/es\/experiencias\/descubre-ilha-da-gigoia-en-un-exclusivo-paseo-en-bote-y-recorrido-a-pie-guiado\/","title":{"rendered":"Descubre Ilha da Gig\u00f3ia en un exclusivo paseo en bote y recorrido a pie guiado"},"content":{"rendered":"<p><span class=\"EOP SCXW152451968 BCX0\" data-ccp-props=\"{&quot;134233117&quot;:false,&quot;134233118&quot;:false,&quot;335557856&quot;:16777215,&quot;335559738&quot;:0,&quot;335559739&quot;:0}\"><span class=\"TextRun SCXW187292077 BCX0\" lang=\"ES-ES\" xml:lang=\"ES-ES\" data-contrast=\"auto\"><span class=\"NormalTextRun SCXW187292077 BCX0\">Emb\u00e1rcate en un exclusivo recorrido por <\/span><span class=\"NormalTextRun SpellingErrorV2Themed SCXW187292077 BCX0\">Ilha<\/span><span class=\"NormalTextRun SCXW187292077 BCX0\"> da <\/span><span class=\"NormalTextRun SpellingErrorV2Themed SCXW187292077 BCX0\">Gig\u00f3ia<\/span><span class=\"NormalTextRun SCXW187292077 BCX0\"> con un paseo en bote, un gu\u00eda experto y beneficios privilegiados. Escapar\u00e1s al oasis escondido en la Lagoa da <\/span><span class=\"NormalTextRun SpellingErrorV2Themed SCXW187292077 BCX0\">Tijuca<\/span><span class=\"NormalTextRun SCXW187292077 BCX0\">, conocido por sus restaurantes y clima fresco, comenzando con un paseo en bote a trav\u00e9s de canales y manglares con un gu\u00eda local que compartir\u00e1 informaci\u00f3n sobre la historia, cultura y puntos de referencia imperdibles de la isla. Pasear\u00e1s por encantadores callejones salpicados de casas, posadas y destinos gastron\u00f3micos caseros, con un sabor de la cocina local en Laguna, un restaurante frente al mar que ofrece un men\u00fa selecto de platos populares. Adem\u00e1s, disfrutar\u00e1s de un encuentro exclusivo con un residente de la isla que te contar\u00e1 historias sobre la vida en <\/span><span class=\"NormalTextRun SpellingErrorV2Themed SCXW187292077 BCX0\">Gig\u00f3ia<\/span> <span class=\"NormalTextRun SCXW187292077 BCX0\">con su<\/span><span class=\"NormalTextRun SCXW187292077 BCX0\"> visi\u00f3n<\/span><span class=\"NormalTextRun SCXW187292077 BCX0\"> \u00fanica<\/span><span class=\"NormalTextRun SCXW187292077 BCX0\"> de la comunidad. Exclusivamente para titulares de tarjetas <\/span><span class=\"NormalTextRun SpellingErrorV2Themed SCXW187292077 BCX0\">Mast<\/span><span class=\"NormalTextRun SpellingErrorV2Themed SCXW187292077 BCX0\">ercard<\/span><span class=\"NormalTextRun SCXW187292077 BCX0\">.<\/span><\/span><span class=\"EOP SCXW187292077 BCX0\" data-ccp-props=\"{}\">\u00a0<\/span>\u00a0<\/span><\/p>\n","protected":false},"excerpt":{"rendered":"<p>Emb\u00e1rcate en un exclusivo recorrido por Ilha da Gig\u00f3ia con un paseo en bote, un gu\u00eda experto y beneficios privilegiados. Escapar\u00e1s al oasis escondido en la Lagoa da Tijuca, conocido por sus restaurantes y clima fresco, comenzando con un paseo en bote a trav\u00e9s de canales y manglares con un gu\u00eda local que compartir\u00e1 informaci\u00f3n [&hellip;]<\/p>\n","protected":false},"featured_media":5709,"template":"","meta":{"_acf_changed":false,"inline_featured_image":false},"product_brand":[],"product_cat":[47],"product_tag":[],"class_list":{"0":"post-5696","1":"product","2":"type-product","3":"status-publish","4":"has-post-thumbnail","6":"product_cat-experiencias","8":"first","9":"instock","10":"virtual","11":"sold-individually","12":"purchasable","13":"product-type-booking"},"acf":[],"_links":{"self":[{"href":"https:\/\/www.experienciaslatam.com\/es\/wp-json\/wp\/v2\/product\/5696","targetHints":{"allow":["GET"]}}],"collection":[{"href":"https:\/\/www.experienciaslatam.com\/es\/wp-json\/wp\/v2\/product"}],"about":[{"href":"https:\/\/www.experienciaslatam.com\/es\/wp-json\/wp\/v2\/types\/product"}],"wp:featuredmedia":[{"embeddable":true,"href":"https:\/\/www.experienciaslatam.com\/es\/wp-json\/wp\/v2\/media\/5709"}],"wp:attachment":[{"href":"https:\/\/www.experienciaslatam.com\/es\/wp-json\/wp\/v2\/media?parent=5696"}],"wp:term":[{"taxonomy":"product_brand","embeddable":true,"href":"https:\/\/www.experienciaslatam.com\/es\/wp-json\/wp\/v2\/product_brand?post=5696"},{"taxonomy":"product_cat","embeddable":true,"href":"https:\/\/www.experienciaslatam.com\/es\/wp-json\/wp\/v2\/product_cat?post=5696"},{"taxonomy":"product_tag","embeddable":true,"href":"https:\/\/www.experienciaslatam.com\/es\/wp-json\/wp\/v2\/product_tag?post=5696"}],"curies":[{"name":"wp","href":"https:\/\/api.w.org\/{rel}","templated":true}]}}