{"id":5879,"date":"2025-04-14T16:26:22","date_gmt":"2025-04-14T21:26:22","guid":{"rendered":"https:\/\/experienciaslatam.com\/?post_type=product&#038;p=5879"},"modified":"2025-04-15T12:10:56","modified_gmt":"2025-04-15T17:10:56","slug":"disfruta-de-un-menu-degustacion-sostenible-y-conoce-al-chef-en-un-lugar-destacado-de-medellin","status":"publish","type":"product","link":"https:\/\/www.experienciaslatam.com\/es\/experiencias\/disfruta-de-un-menu-degustacion-sostenible-y-conoce-al-chef-en-un-lugar-destacado-de-medellin\/","title":{"rendered":"Disfruta de un men\u00fa degustaci\u00f3n sostenible y conoce al chef en un lugar destacado de Medell\u00edn"},"content":{"rendered":"<p><span class=\"EOP SCXW152451968 BCX0\" data-ccp-props=\"{&quot;134233117&quot;:false,&quot;134233118&quot;:false,&quot;335557856&quot;:16777215,&quot;335559738&quot;:0,&quot;335559739&quot;:0}\"><span class=\"TextRun SCXW145927244 BCX0\" lang=\"ES-ES\" xml:lang=\"ES-ES\" data-contrast=\"auto\"><span class=\"NormalTextRun SCXW145927244 BCX0\">Date un gusto con un men\u00fa degustaci\u00f3n gourmet sin desperdicios en el Restaurante <\/span><span class=\"NormalTextRun SpellingErrorV2Themed SCXW145927244 BCX0\">Zombra<\/span><span class=\"NormalTextRun SCXW145927244 BCX0\"> y conoce a su chef. Disfrutar\u00e1s de una deliciosa comida en este popular lugar de Medell\u00edn, conocido por mostrar productos locales y especias en una diversa variedad de platos, donde conocer\u00e1s al chef <strong>Pablo Naranjo<\/strong>, quien compartir\u00e1 los secretos de su enfoque sostenible para minimizar expertamente el desperdicio de alimentos utilizando cada parte de los ingredientes. Adem\u00e1s, recibir\u00e1s un regalo para llevar a casa: dos frascos de condimentos \u00fanicos hechos con c\u00e1scaras de c\u00edtricos arom\u00e1ticos, uno de los ingredientes m\u00e1s com\u00fanmente desperdiciados, incluyendo un delicioso mandarino &#8211; lime <\/span><span class=\"NormalTextRun SpellingErrorV2Themed SCXW145927244 BCX0\">kosho<\/span><span class=\"NormalTextRun SCXW145927244 BCX0\">, junto con instrucciones f\u00e1ciles sobre c\u00f3mo recrear las recetas en casa y usarl<\/span><span class=\"NormalTextRun SCXW145927244 BCX0\">o<\/span><span class=\"NormalTextRun SCXW145927244 BCX0\">s de diversas maneras. Exclusivo para titulares de tarjetas <\/span><span class=\"NormalTextRun SpellingErrorV2Themed SCXW145927244 BCX0\">Mastercard<\/span><span class=\"NormalTextRun SCXW145927244 BCX0\">.<\/span><\/span><span class=\"EOP SCXW145927244 BCX0\" data-ccp-props=\"{}\">\u00a0<\/span> <\/span><\/p>\n","protected":false},"excerpt":{"rendered":"<p>Date un gusto con un men\u00fa degustaci\u00f3n gourmet sin desperdicios en el Restaurante Zombra y conoce a su chef. Disfrutar\u00e1s de una deliciosa comida en este popular lugar de Medell\u00edn, conocido por mostrar productos locales y especias en una diversa variedad de platos, donde conocer\u00e1s al chef Pablo Naranjo, quien compartir\u00e1 los secretos de su [&hellip;]<\/p>\n","protected":false},"featured_media":5930,"template":"","meta":{"_acf_changed":false,"inline_featured_image":false},"product_brand":[],"product_cat":[47],"product_tag":[],"class_list":{"0":"post-5879","1":"product","2":"type-product","3":"status-publish","4":"has-post-thumbnail","6":"product_cat-experiencias","8":"first","9":"instock","10":"virtual","11":"sold-individually","12":"purchasable","13":"product-type-booking"},"acf":[],"_links":{"self":[{"href":"https:\/\/www.experienciaslatam.com\/es\/wp-json\/wp\/v2\/product\/5879","targetHints":{"allow":["GET"]}}],"collection":[{"href":"https:\/\/www.experienciaslatam.com\/es\/wp-json\/wp\/v2\/product"}],"about":[{"href":"https:\/\/www.experienciaslatam.com\/es\/wp-json\/wp\/v2\/types\/product"}],"wp:featuredmedia":[{"embeddable":true,"href":"https:\/\/www.experienciaslatam.com\/es\/wp-json\/wp\/v2\/media\/5930"}],"wp:attachment":[{"href":"https:\/\/www.experienciaslatam.com\/es\/wp-json\/wp\/v2\/media?parent=5879"}],"wp:term":[{"taxonomy":"product_brand","embeddable":true,"href":"https:\/\/www.experienciaslatam.com\/es\/wp-json\/wp\/v2\/product_brand?post=5879"},{"taxonomy":"product_cat","embeddable":true,"href":"https:\/\/www.experienciaslatam.com\/es\/wp-json\/wp\/v2\/product_cat?post=5879"},{"taxonomy":"product_tag","embeddable":true,"href":"https:\/\/www.experienciaslatam.com\/es\/wp-json\/wp\/v2\/product_tag?post=5879"}],"curies":[{"name":"wp","href":"https:\/\/api.w.org\/{rel}","templated":true}]}}