{"id":7186,"date":"2025-06-27T17:53:28","date_gmt":"2025-06-27T22:53:28","guid":{"rendered":"https:\/\/experienciaslatam.com\/?post_type=product&#038;p=7186"},"modified":"2026-03-26T13:30:17","modified_gmt":"2026-03-26T18:30:17","slug":"recorre-el-jardin-botanico-y-el-historico-jockey-club-de-rio-con-una-guia-local","status":"publish","type":"product","link":"https:\/\/www.experienciaslatam.com\/es\/experiencias\/recorre-el-jardin-botanico-y-el-historico-jockey-club-de-rio-con-una-guia-local\/","title":{"rendered":"Recorre el Jard\u00edn Bot\u00e1nico y el hist\u00f3rico Jockey Club de R\u00edo con una gu\u00eda local"},"content":{"rendered":"<p><span class=\"TextRun SCXW248084914 BCX0\" lang=\"ES-ES\" xml:lang=\"ES-ES\" data-contrast=\"auto\"><span class=\"NormalTextRun SCXW248084914 BCX0\">Explora un lado menos conocido de R\u00edo con una caminata guiada por su exuberante Jard\u00edn Bot\u00e1nico\u2014<\/span><span class=\"NormalTextRun SpellingErrorV2Themed SCXW248084914 BCX0\">Jardim<\/span> <span class=\"NormalTextRun SpellingErrorV2Themed SCXW248084914 BCX0\">Bot\u00e2nico<\/span><span class=\"NormalTextRun SCXW248084914 BCX0\">\u2014y el hist\u00f3rico Jockey Club, acompa\u00f1ado por una experta local que ha vivido all\u00ed durante d\u00e9cadas. La experiencia culmina con un almuerzo tradicional. Comenzar\u00e1s en el Jard\u00edn Bot\u00e1nico de R\u00edo de Janeiro, fundado en 1808 por Dom Jo\u00e3o VI, donde conocer\u00e1s el papel clave que desempe\u00f1\u00f3 en la reforestaci\u00f3n del Parque Nacional de <\/span><span class=\"NormalTextRun SpellingErrorV2Themed SCXW248084914 BCX0\">Tijuca<\/span><span class=\"NormalTextRun SCXW248084914 BCX0\">, lo cual ayud\u00f3 a preservar el suministro de agua y la belleza natural de la ciudad. Luego, visitar\u00e1s el Jockey Club Brasileiro, un \u00edcono cultural y arquitect\u00f3nico, donde escuchar\u00e1s historias de la alta sociedad carioca de finales del siglo XIX. Finalizar\u00e1s el recorrido con un almuerzo carioca y una cerveza fr\u00eda en un restaurante de barrio en <\/span><span class=\"NormalTextRun SpellingErrorV2Themed SCXW248084914 BCX0\">G\u00e1vea<\/span><span class=\"NormalTextRun SCXW248084914 BCX0\">, conocido por su ambiente aut\u00e9ntico y su clientela local. Exclusivo para tarjetahabientes <\/span><span class=\"NormalTextRun SpellingErrorV2Themed SCXW248084914 BCX0\">Mastercard<\/span><span class=\"NormalTextRun SCXW248084914 BCX0\">.<\/span><\/span><span class=\"EOP SCXW248084914 BCX0\" data-ccp-props=\"{}\">\u00a0<\/span><\/p>\n<p>&nbsp;<\/p>\n","protected":false},"excerpt":{"rendered":"<p>Explora un lado menos conocido de R\u00edo con una caminata guiada por su exuberante Jard\u00edn Bot\u00e1nico\u2014Jardim Bot\u00e2nico\u2014y el hist\u00f3rico Jockey Club, acompa\u00f1ado por una experta local que ha vivido all\u00ed durante d\u00e9cadas. La experiencia culmina con un almuerzo tradicional. Comenzar\u00e1s en el Jard\u00edn Bot\u00e1nico de R\u00edo de Janeiro, fundado en 1808 por Dom Jo\u00e3o VI, [&hellip;]<\/p>\n","protected":false},"featured_media":7190,"template":"","meta":{"_acf_changed":false,"inline_featured_image":false},"product_brand":[],"product_cat":[47],"product_tag":[],"class_list":{"0":"post-7186","1":"product","2":"type-product","3":"status-publish","4":"has-post-thumbnail","6":"product_cat-experiencias","8":"first","9":"instock","10":"virtual","11":"sold-individually","12":"purchasable","13":"product-type-booking"},"acf":[],"_links":{"self":[{"href":"https:\/\/www.experienciaslatam.com\/es\/wp-json\/wp\/v2\/product\/7186","targetHints":{"allow":["GET"]}}],"collection":[{"href":"https:\/\/www.experienciaslatam.com\/es\/wp-json\/wp\/v2\/product"}],"about":[{"href":"https:\/\/www.experienciaslatam.com\/es\/wp-json\/wp\/v2\/types\/product"}],"wp:featuredmedia":[{"embeddable":true,"href":"https:\/\/www.experienciaslatam.com\/es\/wp-json\/wp\/v2\/media\/7190"}],"wp:attachment":[{"href":"https:\/\/www.experienciaslatam.com\/es\/wp-json\/wp\/v2\/media?parent=7186"}],"wp:term":[{"taxonomy":"product_brand","embeddable":true,"href":"https:\/\/www.experienciaslatam.com\/es\/wp-json\/wp\/v2\/product_brand?post=7186"},{"taxonomy":"product_cat","embeddable":true,"href":"https:\/\/www.experienciaslatam.com\/es\/wp-json\/wp\/v2\/product_cat?post=7186"},{"taxonomy":"product_tag","embeddable":true,"href":"https:\/\/www.experienciaslatam.com\/es\/wp-json\/wp\/v2\/product_tag?post=7186"}],"curies":[{"name":"wp","href":"https:\/\/api.w.org\/{rel}","templated":true}]}}