{"id":8096,"date":"2025-08-06T15:56:39","date_gmt":"2025-08-06T20:56:39","guid":{"rendered":"https:\/\/experienciaslatam.com\/?post_type=product&#038;p=8096"},"modified":"2026-03-26T16:52:30","modified_gmt":"2026-03-26T21:52:30","slug":"prepara-cocteles-con-un-bartender-estrella-en-uno-de-los-mejores-bares-de-vina-del-mar-2","status":"publish","type":"product","link":"https:\/\/www.experienciaslatam.com\/es\/experiencias\/prepara-cocteles-con-un-bartender-estrella-en-uno-de-los-mejores-bares-de-vina-del-mar-2\/","title":{"rendered":"Prepara c\u00f3cteles con un bartender estrella en uno de los mejores bares de Vi\u00f1a del Mar"},"content":{"rendered":"<p><span class=\"TextRun SCXW89374397 BCX0\" lang=\"EN-US\" xml:lang=\"EN-US\" data-contrast=\"auto\"><span class=\"NormalTextRun SCXW89374397 BCX0\">Domina <\/span><span class=\"NormalTextRun SpellingErrorV2Themed SCXW89374397 BCX0\">el<\/span> <span class=\"NormalTextRun SpellingErrorV2Themed SCXW89374397 BCX0\">arte<\/span><span class=\"NormalTextRun SCXW89374397 BCX0\"> de la <\/span><span class=\"NormalTextRun SpellingErrorV2Themed SCXW89374397 BCX0\">mixolog\u00eda<\/span> <span class=\"NormalTextRun SpellingErrorV2Themed SCXW89374397 BCX0\">en<\/span> <span class=\"NormalTextRun SpellingErrorV2Themed SCXW89374397 BCX0\">una<\/span> <span class=\"NormalTextRun SpellingErrorV2Themed SCXW89374397 BCX0\">clase<\/span><span class=\"NormalTextRun SCXW89374397 BCX0\"> especial <\/span><span class=\"NormalTextRun SpellingErrorV2Themed SCXW89374397 BCX0\">dirigida<\/span> <span class=\"NormalTextRun SpellingErrorV2Themed SCXW89374397 BCX0\">por<\/span><span class=\"NormalTextRun SCXW89374397 BCX0\"> Renato Olmedo, bartender y <\/span><span class=\"NormalTextRun SpellingErrorV2Themed SCXW89374397 BCX0\">propietario<\/span><span class=\"NormalTextRun SCXW89374397 BCX0\"> de <\/span><span class=\"NormalTextRun SpellingErrorV2Themed SCXW89374397 BCX0\">C\u00f3nclave<\/span><span class=\"NormalTextRun SCXW89374397 BCX0\"> 1929 <\/span><span class=\"NormalTextRun SpellingErrorV2Themed SCXW89374397 BCX0\">en<\/span><span class=\"NormalTextRun SCXW89374397 BCX0\"> Vi\u00f1a del Mar. No hay <\/span><span class=\"NormalTextRun SpellingErrorV2Themed SCXW89374397 BCX0\">recetas<\/span> <span class=\"NormalTextRun SpellingErrorV2Themed SCXW89374397 BCX0\">predeterminadas<\/span><span class=\"NormalTextRun SCXW89374397 BCX0\">: <\/span><span class=\"NormalTextRun SpellingErrorV2Themed SCXW89374397 BCX0\">crear\u00e1s<\/span> <span class=\"NormalTextRun SpellingErrorV2Themed SCXW89374397 BCX0\">tus<\/span> <span class=\"NormalTextRun SpellingErrorV2Themed SCXW89374397 BCX0\">c\u00f3cteles<\/span> <span class=\"NormalTextRun SpellingErrorV2Themed SCXW89374397 BCX0\">en<\/span> <span class=\"NormalTextRun SpellingErrorV2Themed SCXW89374397 BCX0\">el<\/span> <span class=\"NormalTextRun SpellingErrorV2Themed SCXW89374397 BCX0\">momento<\/span><span class=\"NormalTextRun SCXW89374397 BCX0\">, <\/span><span class=\"NormalTextRun SpellingErrorV2Themed SCXW89374397 BCX0\">gui\u00e1ndote<\/span> <span class=\"NormalTextRun SpellingErrorV2Themed SCXW89374397 BCX0\">por<\/span> <span class=\"NormalTextRun SpellingErrorV2Themed SCXW89374397 BCX0\">tu<\/span> <span class=\"NormalTextRun SpellingErrorV2Themed SCXW89374397 BCX0\">propio<\/span><span class=\"NormalTextRun SCXW89374397 BCX0\"> gusto. <\/span><span class=\"NormalTextRun SpellingErrorV2Themed SCXW89374397 BCX0\">Prep\u00e1rate<\/span><span class=\"NormalTextRun SCXW89374397 BCX0\"> para <\/span><span class=\"NormalTextRun SpellingErrorV2Themed SCXW89374397 BCX0\">desarrollar<\/span> <span class=\"NormalTextRun SpellingErrorV2Themed SCXW89374397 BCX0\">perfiles<\/span><span class=\"NormalTextRun SCXW89374397 BCX0\"> de <\/span><span class=\"NormalTextRun SpellingErrorV2Themed SCXW89374397 BCX0\">sabor<\/span> <span class=\"NormalTextRun SpellingErrorV2Themed SCXW89374397 BCX0\">\u00fanicos<\/span><span class=\"NormalTextRun SCXW89374397 BCX0\"> con <\/span><span class=\"NormalTextRun SpellingErrorV2Themed SCXW89374397 BCX0\">licores<\/span><span class=\"NormalTextRun SCXW89374397 BCX0\"> premium, <\/span><span class=\"NormalTextRun SpellingErrorV2Themed SCXW89374397 BCX0\">cada<\/span><span class=\"NormalTextRun SCXW89374397 BCX0\"> uno <\/span><span class=\"NormalTextRun SpellingErrorV2Themed SCXW89374397 BCX0\">acompa\u00f1ado<\/span> <span class=\"NormalTextRun SpellingErrorV2Themed SCXW89374397 BCX0\">por<\/span> <span class=\"NormalTextRun SpellingErrorV2Themed SCXW89374397 BCX0\">una<\/span><span class=\"NormalTextRun SCXW89374397 BCX0\"> tapa <\/span><span class=\"NormalTextRun SpellingErrorV2Themed SCXW89374397 BCX0\">personalizada<\/span><span class=\"NormalTextRun SCXW89374397 BCX0\"> de la <\/span><span class=\"NormalTextRun SpellingErrorV2Themed SCXW89374397 BCX0\">cocina<\/span><span class=\"NormalTextRun SCXW89374397 BCX0\">. Para <\/span><span class=\"NormalTextRun SpellingErrorV2Themed SCXW89374397 BCX0\">llevar<\/span><span class=\"NormalTextRun SCXW89374397 BCX0\"> la <\/span><span class=\"NormalTextRun SpellingErrorV2Themed SCXW89374397 BCX0\">experiencia<\/span> <span class=\"NormalTextRun SpellingErrorV2Themed SCXW89374397 BCX0\">m\u00e1s<\/span> <span class=\"NormalTextRun SpellingErrorV2Themed SCXW89374397 BCX0\">all\u00e1<\/span><span class=\"NormalTextRun SCXW89374397 BCX0\"> del bar, <\/span><span class=\"NormalTextRun SpellingErrorV2Themed SCXW89374397 BCX0\">recibir\u00e1s<\/span><span class=\"NormalTextRun SCXW89374397 BCX0\"> un regalo <\/span><span class=\"NormalTextRun SpellingErrorV2Themed SCXW89374397 BCX0\">sorpresa<\/span><span class=\"NormalTextRun SCXW89374397 BCX0\"> y un kit de <\/span><span class=\"NormalTextRun SpellingErrorV2Themed SCXW89374397 BCX0\">cocteler\u00eda<\/span><span class=\"NormalTextRun SCXW89374397 BCX0\"> para que <\/span><span class=\"NormalTextRun SpellingErrorV2Themed SCXW89374397 BCX0\">puedas<\/span> <span class=\"NormalTextRun SpellingErrorV2Themed SCXW89374397 BCX0\">recrear<\/span> <span class=\"NormalTextRun SpellingErrorV2Themed SCXW89374397 BCX0\">tus<\/span> <span class=\"NormalTextRun SpellingErrorV2Themed SCXW89374397 BCX0\">creaciones<\/span> <span class=\"NormalTextRun SpellingErrorV2Themed SCXW89374397 BCX0\">en<\/span><span class=\"NormalTextRun SCXW89374397 BCX0\"> casa. Exclusivo para <\/span><span class=\"NormalTextRun SpellingErrorV2Themed SCXW89374397 BCX0\">tarjetahabientes<\/span><span class=\"NormalTextRun SCXW89374397 BCX0\"> Mastercard.<\/span><\/span><span class=\"EOP SCXW89374397 BCX0\" data-ccp-props=\"{}\">\u00a0<\/span><\/p>\n<p>&nbsp;<\/p>\n","protected":false},"excerpt":{"rendered":"<p>Domina el arte de la mixolog\u00eda en una clase especial dirigida por Renato Olmedo, bartender y propietario de C\u00f3nclave 1929 en Vi\u00f1a del Mar. No hay recetas predeterminadas: crear\u00e1s tus c\u00f3cteles en el momento, gui\u00e1ndote por tu propio gusto. Prep\u00e1rate para desarrollar perfiles de sabor \u00fanicos con licores premium, cada uno acompa\u00f1ado por una tapa [&hellip;]<\/p>\n","protected":false},"featured_media":8082,"template":"","meta":{"_acf_changed":false,"inline_featured_image":false},"product_brand":[],"product_cat":[47],"product_tag":[],"class_list":{"0":"post-8096","1":"product","2":"type-product","3":"status-publish","4":"has-post-thumbnail","6":"product_cat-experiencias","8":"first","9":"instock","10":"virtual","11":"sold-individually","12":"purchasable","13":"product-type-booking"},"acf":[],"_links":{"self":[{"href":"https:\/\/www.experienciaslatam.com\/es\/wp-json\/wp\/v2\/product\/8096","targetHints":{"allow":["GET"]}}],"collection":[{"href":"https:\/\/www.experienciaslatam.com\/es\/wp-json\/wp\/v2\/product"}],"about":[{"href":"https:\/\/www.experienciaslatam.com\/es\/wp-json\/wp\/v2\/types\/product"}],"wp:featuredmedia":[{"embeddable":true,"href":"https:\/\/www.experienciaslatam.com\/es\/wp-json\/wp\/v2\/media\/8082"}],"wp:attachment":[{"href":"https:\/\/www.experienciaslatam.com\/es\/wp-json\/wp\/v2\/media?parent=8096"}],"wp:term":[{"taxonomy":"product_brand","embeddable":true,"href":"https:\/\/www.experienciaslatam.com\/es\/wp-json\/wp\/v2\/product_brand?post=8096"},{"taxonomy":"product_cat","embeddable":true,"href":"https:\/\/www.experienciaslatam.com\/es\/wp-json\/wp\/v2\/product_cat?post=8096"},{"taxonomy":"product_tag","embeddable":true,"href":"https:\/\/www.experienciaslatam.com\/es\/wp-json\/wp\/v2\/product_tag?post=8096"}],"curies":[{"name":"wp","href":"https:\/\/api.w.org\/{rel}","templated":true}]}}