{"id":8182,"date":"2025-08-08T14:59:19","date_gmt":"2025-08-08T19:59:19","guid":{"rendered":"https:\/\/experienciaslatam.com\/?post_type=product&#038;p=8182"},"modified":"2026-03-26T13:48:30","modified_gmt":"2026-03-26T18:48:30","slug":"observa-el-amanecer-sobre-rio-desde-la-cima-del-morro-dois-irmaos","status":"publish","type":"product","link":"https:\/\/www.experienciaslatam.com\/es\/experiencias\/observa-el-amanecer-sobre-rio-desde-la-cima-del-morro-dois-irmaos\/","title":{"rendered":"Observa el amanecer sobre R\u00edo desde la cima del Morro Dois Irm\u00e3os"},"content":{"rendered":"<p><span class=\"TextRun SCXW193890826 BCX8\" lang=\"ES-ES\" xml:lang=\"ES-ES\" data-contrast=\"auto\"><span class=\"NormalTextRun SCXW193890826 BCX8\">Sal temprano para una caminata antes del amanecer por encima de R\u00edo. Comenzar\u00e1s con un emocionante recorrido en <\/span><span class=\"NormalTextRun SCXW193890826 BCX8\">Combi<\/span> <span class=\"NormalTextRun SCXW193890826 BCX8\">por los callejones serpenteantes de <\/span><span class=\"NormalTextRun SpellingErrorV2Themed SCXW193890826 BCX8\">Vidigal<\/span><span class=\"NormalTextRun SCXW193890826 BCX8\">, ascendiendo por la favela en la ladera con la primera luz del d\u00eda. En el Morro <\/span><span class=\"NormalTextRun SpellingErrorV2Themed SCXW193890826 BCX8\">Dois<\/span> <span class=\"NormalTextRun SpellingErrorV2Themed SCXW193890826 BCX8\">Irm\u00e3os<\/span><span class=\"NormalTextRun SCXW193890826 BCX8\">, caminar\u00e1s entre exuberante vegetaci\u00f3n tropical hasta un mirador impresionante, con vistas panor\u00e1micas del llamativo horizonte de la ciudad y sus interminables playas ba\u00f1adas por el sol. Al descender, te unir\u00e1s a una familia local para disfrutar de un c\u00e1lido y acogedor desayuno brasile\u00f1o. Exclusivo para tarjetahabientes <\/span><span class=\"NormalTextRun SpellingErrorV2Themed SpellingErrorHighlight SCXW193890826 BCX8\">Mastercard<\/span><span class=\"NormalTextRun SCXW193890826 BCX8\">.<\/span><\/span><span class=\"EOP SCXW193890826 BCX8\" data-ccp-props=\"{}\">\u00a0<\/span><\/p>\n","protected":false},"excerpt":{"rendered":"<p>Sal temprano para una caminata antes del amanecer por encima de R\u00edo. Comenzar\u00e1s con un emocionante recorrido en Combi por los callejones serpenteantes de Vidigal, ascendiendo por la favela en la ladera con la primera luz del d\u00eda. En el Morro Dois Irm\u00e3os, caminar\u00e1s entre exuberante vegetaci\u00f3n tropical hasta un mirador impresionante, con vistas panor\u00e1micas [&hellip;]<\/p>\n","protected":false},"featured_media":8207,"template":"","meta":{"_acf_changed":false,"inline_featured_image":false},"product_brand":[],"product_cat":[47],"product_tag":[],"class_list":{"0":"post-8182","1":"product","2":"type-product","3":"status-publish","4":"has-post-thumbnail","6":"product_cat-experiencias","8":"first","9":"instock","10":"virtual","11":"sold-individually","12":"purchasable","13":"product-type-booking"},"acf":[],"_links":{"self":[{"href":"https:\/\/www.experienciaslatam.com\/es\/wp-json\/wp\/v2\/product\/8182","targetHints":{"allow":["GET"]}}],"collection":[{"href":"https:\/\/www.experienciaslatam.com\/es\/wp-json\/wp\/v2\/product"}],"about":[{"href":"https:\/\/www.experienciaslatam.com\/es\/wp-json\/wp\/v2\/types\/product"}],"wp:featuredmedia":[{"embeddable":true,"href":"https:\/\/www.experienciaslatam.com\/es\/wp-json\/wp\/v2\/media\/8207"}],"wp:attachment":[{"href":"https:\/\/www.experienciaslatam.com\/es\/wp-json\/wp\/v2\/media?parent=8182"}],"wp:term":[{"taxonomy":"product_brand","embeddable":true,"href":"https:\/\/www.experienciaslatam.com\/es\/wp-json\/wp\/v2\/product_brand?post=8182"},{"taxonomy":"product_cat","embeddable":true,"href":"https:\/\/www.experienciaslatam.com\/es\/wp-json\/wp\/v2\/product_cat?post=8182"},{"taxonomy":"product_tag","embeddable":true,"href":"https:\/\/www.experienciaslatam.com\/es\/wp-json\/wp\/v2\/product_tag?post=8182"}],"curies":[{"name":"wp","href":"https:\/\/api.w.org\/{rel}","templated":true}]}}