{"id":8817,"date":"2025-09-09T10:34:21","date_gmt":"2025-09-09T15:34:21","guid":{"rendered":"https:\/\/experienciaslatam.com\/?post_type=product&#038;p=8817"},"modified":"2026-03-30T15:32:25","modified_gmt":"2026-03-30T20:32:25","slug":"aprecia-el-arte-y-diseno-colombiano-con-un-experto-en-arte-contemporaneo","status":"publish","type":"product","link":"https:\/\/www.experienciaslatam.com\/es\/experiencias\/aprecia-el-arte-y-diseno-colombiano-con-un-experto-en-arte-contemporaneo\/","title":{"rendered":"Aprecia el arte y dise\u00f1o colombiano con un experto en arte contempor\u00e1neo"},"content":{"rendered":"<p><span class=\"TextRun SCXW176905056 BCX0\" lang=\"ES-ES\" xml:lang=\"ES-ES\" data-contrast=\"auto\"><span class=\"NormalTextRun SCXW176905056 BCX0\">Conoce a otros entusiastas del arte y el dise\u00f1o en la galer\u00eda <\/span><span class=\"NormalTextRun SpellingErrorV2Themed SCXW176905056 BCX0\">Zehn<\/span> <span class=\"NormalTextRun AdvancedProofingIssueV2Themed SCXW176905056 BCX0\">Living<\/span><span class=\"NormalTextRun SCXW176905056 BCX0\">. Admirar\u00e1s una diversa colecci\u00f3n de arte contempor\u00e1neo llamativo de artistas colombianos emergentes con una copa de buen vino. Tu gu\u00eda experto liderar\u00e1 una discusi\u00f3n sobre las \u00faltimas tendencias que est\u00e1n redefiniendo la escena art\u00edstica global. Despu\u00e9s del recorrido, tendr\u00e1s tiempo para conectar con otros invitados amantes del arte mientras disfrutas de un c\u00f3ctel exclusivo y recibes una obra de arte de edici\u00f3n limitada de un talentoso artista de <\/span><span class=\"NormalTextRun SCXW176905056 BCX0\">Marte <\/span><span class=\"NormalTextRun SpellingErrorV2Themed SCXW176905056 BCX0\">Gallery<\/span><span class=\"NormalTextRun SCXW176905056 BCX0\">. Exclusivo para tarjetahabientes de <\/span><span class=\"NormalTextRun SpellingErrorV2Themed SCXW176905056 BCX0\">Mastercard<\/span><span class=\"NormalTextRun SCXW176905056 BCX0\">.<\/span><\/span><span class=\"EOP SCXW176905056 BCX0\" data-ccp-props=\"{}\">\u00a0<\/span><\/p>\n","protected":false},"excerpt":{"rendered":"<p>Conoce a otros entusiastas del arte y el dise\u00f1o en la galer\u00eda Zehn Living. Admirar\u00e1s una diversa colecci\u00f3n de arte contempor\u00e1neo llamativo de artistas colombianos emergentes con una copa de buen vino. Tu gu\u00eda experto liderar\u00e1 una discusi\u00f3n sobre las \u00faltimas tendencias que est\u00e1n redefiniendo la escena art\u00edstica global. Despu\u00e9s del recorrido, tendr\u00e1s tiempo para [&hellip;]<\/p>\n","protected":false},"featured_media":5424,"template":"","meta":{"_acf_changed":false,"inline_featured_image":false},"product_brand":[],"product_cat":[47],"product_tag":[],"class_list":{"0":"post-8817","1":"product","2":"type-product","3":"status-publish","4":"has-post-thumbnail","6":"product_cat-experiencias","8":"first","9":"instock","10":"virtual","11":"sold-individually","12":"purchasable","13":"product-type-booking"},"acf":[],"_links":{"self":[{"href":"https:\/\/www.experienciaslatam.com\/es\/wp-json\/wp\/v2\/product\/8817","targetHints":{"allow":["GET"]}}],"collection":[{"href":"https:\/\/www.experienciaslatam.com\/es\/wp-json\/wp\/v2\/product"}],"about":[{"href":"https:\/\/www.experienciaslatam.com\/es\/wp-json\/wp\/v2\/types\/product"}],"wp:featuredmedia":[{"embeddable":true,"href":"https:\/\/www.experienciaslatam.com\/es\/wp-json\/wp\/v2\/media\/5424"}],"wp:attachment":[{"href":"https:\/\/www.experienciaslatam.com\/es\/wp-json\/wp\/v2\/media?parent=8817"}],"wp:term":[{"taxonomy":"product_brand","embeddable":true,"href":"https:\/\/www.experienciaslatam.com\/es\/wp-json\/wp\/v2\/product_brand?post=8817"},{"taxonomy":"product_cat","embeddable":true,"href":"https:\/\/www.experienciaslatam.com\/es\/wp-json\/wp\/v2\/product_cat?post=8817"},{"taxonomy":"product_tag","embeddable":true,"href":"https:\/\/www.experienciaslatam.com\/es\/wp-json\/wp\/v2\/product_tag?post=8817"}],"curies":[{"name":"wp","href":"https:\/\/api.w.org\/{rel}","templated":true}]}}