{"id":12386,"date":"2026-04-09T08:42:54","date_gmt":"2026-04-09T13:42:54","guid":{"rendered":"https:\/\/experienciaslatam.com\/?post_type=product&#038;p=12386"},"modified":"2026-04-09T10:54:40","modified_gmt":"2026-04-09T15:54:40","slug":"caminhada-ate-uma-cachoeira-cenica-e-almoco-em-um-eco-lodge-na-patagonia","status":"publish","type":"product","link":"https:\/\/www.experienciaslatam.com\/pt-br\/experienciasx\/caminhada-ate-uma-cachoeira-cenica-e-almoco-em-um-eco-lodge-na-patagonia\/","title":{"rendered":"Caminhada at\u00e9 uma cachoeira c\u00eanica e almo\u00e7o em um eco\u2011lodge na Patag\u00f4nia"},"content":{"rendered":"<p><span class=\"TextRun SCXW164522396 BCX8\" lang=\"ES-ES\" xml:lang=\"ES-ES\" data-contrast=\"auto\"><span class=\"NormalTextRun SCXW164522396 BCX8\">Embarque em\u00a0<\/span><span class=\"NormalTextRun SpellingErrorV2Themed SCXW164522396 BCX8\">uma<\/span><span class=\"NormalTextRun SCXW164522396 BCX8\">\u00a0<\/span><span class=\"NormalTextRun SpellingErrorV2Themed SCXW164522396 BCX8\">caminhada<\/span><span class=\"NormalTextRun SCXW164522396 BCX8\">\u00a0guiada a partir da\u00a0<\/span><span class=\"NormalTextRun SCXW164522396 BCX8\">Estancia\u00a0<\/span><span class=\"NormalTextRun SpellingErrorV2Themed SCXW164522396 BCX8\">Peuma<\/span><span class=\"NormalTextRun SCXW164522396 BCX8\">\u00a0<\/span><span class=\"NormalTextRun SpellingErrorV2Themed SCXW164522396 BCX8\">Hue<\/span><span class=\"NormalTextRun SCXW164522396 BCX8\">,\u00a0<\/span><span class=\"NormalTextRun SpellingErrorV2Themed SCXW164522396 BCX8\">um<\/span><span class=\"NormalTextRun SCXW164522396 BCX8\">\u00a0eco\u2011<\/span><span class=\"NormalTextRun SpellingErrorV2Themed SCXW164522396 BCX8\">lodge<\/span><span class=\"NormalTextRun SCXW164522396 BCX8\">\u00a0boutique localizado dentro do\u00a0<\/span><span class=\"NormalTextRun SCXW164522396 BCX8\">Parque Nacional Nahuel Huapi<\/span><span class=\"NormalTextRun SCXW164522396 BCX8\">, pr\u00f3ximo a Bariloche.\u00a0<\/span><span class=\"NormalTextRun SpellingErrorV2Themed SCXW164522396 BCX8\">Ao<\/span><span class=\"NormalTextRun SCXW164522396 BCX8\">\u00a0longo da\u00a0<\/span><span class=\"NormalTextRun SpellingErrorV2Themed SCXW164522396 BCX8\">trilha<\/span><span class=\"NormalTextRun SCXW164522396 BCX8\">,\u00a0<\/span><span class=\"NormalTextRun SpellingErrorV2Themed SCXW164522396 BCX8\">voc\u00ea<\/span><span class=\"NormalTextRun SCXW164522396 BCX8\">\u00a0<\/span><span class=\"NormalTextRun SpellingErrorV2Themed SCXW164522396 BCX8\">passar\u00e1<\/span><span class=\"NormalTextRun SCXW164522396 BCX8\">\u00a0por mirantes dignos de\u00a0<\/span><span class=\"NormalTextRun SpellingErrorV2Themed SCXW164522396 BCX8\">cart\u00e3o<\/span><span class=\"NormalTextRun SCXW164522396 BCX8\">\u2011postal at\u00e9\u00a0<\/span><span class=\"NormalTextRun SpellingErrorV2Themed SCXW164522396 BCX8\">chegar<\/span><span class=\"NormalTextRun SCXW164522396 BCX8\">\u00a0\u00e0 imponente\u00a0<\/span><span class=\"NormalTextRun SpellingErrorV2Themed SCXW164522396 BCX8\">cachoeira<\/span><span class=\"NormalTextRun SCXW164522396 BCX8\">\u00a0<\/span><span class=\"NormalTextRun SpellingErrorV2Themed SCXW164522396 BCX8\">D\u2019Agostini<\/span><span class=\"NormalTextRun SCXW164522396 BCX8\">, onde\u00a0<\/span><span class=\"NormalTextRun SpellingErrorV2Themed SCXW164522396 BCX8\">poder\u00e1<\/span><span class=\"NormalTextRun SCXW164522396 BCX8\">\u00a0apreciar a\u00a0<\/span><span class=\"NormalTextRun SpellingErrorV2Themed SCXW164522396 BCX8\">for\u00e7a<\/span><span class=\"NormalTextRun SCXW164522396 BCX8\">\u00a0das\u00a0<\/span><span class=\"NormalTextRun SpellingErrorV2Themed SCXW164522396 BCX8\">\u00e1guas<\/span><span class=\"NormalTextRun SCXW164522396 BCX8\">\u00a0e o\u00a0<\/span><span class=\"NormalTextRun SpellingErrorV2Themed SCXW164522396 BCX8\">impressionante<\/span><span class=\"NormalTextRun SCXW164522396 BCX8\">\u00a0entorno natural.<\/span><\/span><span class=\"LineBreakBlob BlobObject DragDrop SCXW164522396 BCX8\"><span class=\"SCXW164522396 BCX8\">\u00a0<\/span><br class=\"SCXW164522396 BCX8\" \/><\/span><span class=\"TextRun SCXW164522396 BCX8\" lang=\"ES-ES\" xml:lang=\"ES-ES\" data-contrast=\"auto\"><span class=\"NormalTextRun SpellingErrorV2Themed SCXW164522396 BCX8\">Ao<\/span><span class=\"NormalTextRun SCXW164522396 BCX8\">\u00a0final,\u00a0<\/span><span class=\"NormalTextRun SpellingErrorV2Themed SCXW164522396 BCX8\">delicie<\/span><span class=\"NormalTextRun SCXW164522396 BCX8\">\u2011se\u00a0<\/span><span class=\"NormalTextRun SpellingErrorV2Themed SCXW164522396 BCX8\">com<\/span><span class=\"NormalTextRun SCXW164522396 BCX8\">\u00a0<\/span><span class=\"NormalTextRun SpellingErrorV2Themed SCXW164522396 BCX8\">um<\/span><span class=\"NormalTextRun SCXW164522396 BCX8\">\u00a0<\/span><span class=\"NormalTextRun SpellingErrorV2Themed SCXW164522396 BCX8\">almo\u00e7o<\/span><span class=\"NormalTextRun SCXW164522396 BCX8\">\u00a0gourmet de\u00a0<\/span><span class=\"NormalTextRun SpellingErrorV2Themed SCXW164522396 BCX8\">tr\u00eas<\/span><span class=\"NormalTextRun SCXW164522396 BCX8\">\u00a0etapas<\/span><span class=\"NormalTextRun SCXW164522396 BCX8\">,\u00a0<\/span><span class=\"NormalTextRun SpellingErrorV2Themed SCXW164522396 BCX8\">acompanhado<\/span><span class=\"NormalTextRun SCXW164522396 BCX8\">\u00a0de\u00a0<\/span><span class=\"NormalTextRun SpellingErrorV2Themed SCXW164522396 BCX8\">uma<\/span><span class=\"NormalTextRun SCXW164522396 BCX8\"> bebida\u00a0 <\/span><\/span><span class=\"TextRun SCXW164522396 BCX8\" lang=\"ES-ES\" xml:lang=\"ES-ES\" data-contrast=\"auto\"><span class=\"NormalTextRun SpellingErrorV2Themed SCXW164522396 BCX8\">n\u00e3o<\/span><span class=\"NormalTextRun SCXW164522396 BCX8\">\u00a0<\/span><span class=\"NormalTextRun SpellingErrorV2Themed SCXW164522396 BCX8\">alco\u00f3lica<\/span><span class=\"NormalTextRun SCXW164522396 BCX8\">, em <\/span><span class=\"NormalTextRun SpellingErrorV2Themed SCXW164522396 BCX8\">um<\/span><span class=\"NormalTextRun SCXW164522396 BCX8\">\u00a0ambiente\u00a0<\/span><span class=\"NormalTextRun SpellingErrorV2Themed SCXW164522396 BCX8\">patag\u00f4nico<\/span><span class=\"NormalTextRun SCXW164522396 BCX8\">\u00a0sereno. Como\u00a0<\/span><span class=\"NormalTextRun SpellingErrorV2Themed SCXW164522396 BCX8\">cortesia<\/span><span class=\"NormalTextRun SCXW164522396 BCX8\">,\u00a0<\/span><span class=\"NormalTextRun SpellingErrorV2Themed SCXW164522396 BCX8\">voc\u00ea<\/span><span class=\"NormalTextRun SCXW164522396 BCX8\">\u00a0levar\u00e1\u00a0<\/span><span class=\"NormalTextRun SpellingErrorV2Themed SCXW164522396 BCX8\">uma<\/span><span class=\"NormalTextRun SCXW164522396 BCX8\">\u00a0<\/span><span class=\"NormalTextRun SCXW164522396 BCX8\">garrafa de\u00a0<\/span><span class=\"NormalTextRun SpellingErrorV2Themed SCXW164522396 BCX8\">vinho<\/span><span class=\"NormalTextRun SCXW164522396 BCX8\">\u00a0espumante da casa<\/span><span class=\"NormalTextRun SCXW164522396 BCX8\">\u00a0e\u00a0<\/span><span class=\"NormalTextRun SpellingErrorV2Themed SCXW164522396 BCX8\">um<\/span><span class=\"NormalTextRun SCXW164522396 BCX8\">\u00a0<\/span><span class=\"NormalTextRun SCXW164522396 BCX8\">presente local<\/span><span class=\"NormalTextRun SCXW164522396 BCX8\">.<\/span><\/span><span class=\"LineBreakBlob BlobObject DragDrop SCXW164522396 BCX8\"><span class=\"SCXW164522396 BCX8\">\u00a0<\/span><br class=\"SCXW164522396 BCX8\" \/><\/span><span class=\"TextRun SCXW164522396 BCX8\" lang=\"ES-ES\" xml:lang=\"ES-ES\" data-contrast=\"auto\"><span class=\"NormalTextRun SCXW164522396 BCX8\">Exclusivo para portadores de\u00a0<\/span><span class=\"NormalTextRun SpellingErrorV2Themed SCXW164522396 BCX8\">cart\u00e3o<\/span><span class=\"NormalTextRun SCXW164522396 BCX8\">\u00a0<\/span><span class=\"NormalTextRun SpellingErrorV2Themed SCXW164522396 BCX8\">Mastercard<\/span><span class=\"NormalTextRun SCXW164522396 BCX8\">.<\/span><\/span><span class=\"EOP SCXW164522396 BCX8\" data-ccp-props=\"{}\">\u00a0<\/span><\/p>\n","protected":false},"excerpt":{"rendered":"<p>Embarque em\u00a0uma\u00a0caminhada\u00a0guiada a partir da\u00a0Estancia\u00a0Peuma\u00a0Hue,\u00a0um\u00a0eco\u2011lodge\u00a0boutique localizado dentro do\u00a0Parque Nacional Nahuel Huapi, pr\u00f3ximo a Bariloche.\u00a0Ao\u00a0longo da\u00a0trilha,\u00a0voc\u00ea\u00a0passar\u00e1\u00a0por mirantes dignos de\u00a0cart\u00e3o\u2011postal at\u00e9\u00a0chegar\u00a0\u00e0 imponente\u00a0cachoeira\u00a0D\u2019Agostini, onde\u00a0poder\u00e1\u00a0apreciar a\u00a0for\u00e7a\u00a0das\u00a0\u00e1guas\u00a0e o\u00a0impressionante\u00a0entorno natural.\u00a0Ao\u00a0final,\u00a0delicie\u2011se\u00a0com\u00a0um\u00a0almo\u00e7o\u00a0gourmet de\u00a0tr\u00eas\u00a0etapas,\u00a0acompanhado\u00a0de\u00a0uma bebida\u00a0 n\u00e3o\u00a0alco\u00f3lica, em um\u00a0ambiente\u00a0patag\u00f4nico\u00a0sereno. Como\u00a0cortesia,\u00a0voc\u00ea\u00a0levar\u00e1\u00a0uma\u00a0garrafa de\u00a0vinho\u00a0espumante da casa\u00a0e\u00a0um\u00a0presente local.\u00a0Exclusivo para portadores de\u00a0cart\u00e3o\u00a0Mastercard.\u00a0<\/p>\n","protected":false},"featured_media":12421,"template":"","meta":{"_acf_changed":false,"inline_featured_image":false},"product_brand":[],"product_cat":[48],"product_tag":[],"class_list":{"0":"post-12386","1":"product","2":"type-product","3":"status-publish","4":"has-post-thumbnail","6":"product_cat-experienciasx","8":"first","9":"instock","10":"virtual","11":"sold-individually","12":"purchasable","13":"product-type-booking"},"acf":[],"_links":{"self":[{"href":"https:\/\/www.experienciaslatam.com\/pt-br\/wp-json\/wp\/v2\/product\/12386","targetHints":{"allow":["GET"]}}],"collection":[{"href":"https:\/\/www.experienciaslatam.com\/pt-br\/wp-json\/wp\/v2\/product"}],"about":[{"href":"https:\/\/www.experienciaslatam.com\/pt-br\/wp-json\/wp\/v2\/types\/product"}],"wp:featuredmedia":[{"embeddable":true,"href":"https:\/\/www.experienciaslatam.com\/pt-br\/wp-json\/wp\/v2\/media\/12421"}],"wp:attachment":[{"href":"https:\/\/www.experienciaslatam.com\/pt-br\/wp-json\/wp\/v2\/media?parent=12386"}],"wp:term":[{"taxonomy":"product_brand","embeddable":true,"href":"https:\/\/www.experienciaslatam.com\/pt-br\/wp-json\/wp\/v2\/product_brand?post=12386"},{"taxonomy":"product_cat","embeddable":true,"href":"https:\/\/www.experienciaslatam.com\/pt-br\/wp-json\/wp\/v2\/product_cat?post=12386"},{"taxonomy":"product_tag","embeddable":true,"href":"https:\/\/www.experienciaslatam.com\/pt-br\/wp-json\/wp\/v2\/product_tag?post=12386"}],"curies":[{"name":"wp","href":"https:\/\/api.w.org\/{rel}","templated":true}]}}