{"id":12462,"date":"2026-04-15T17:15:20","date_gmt":"2026-04-15T22:15:20","guid":{"rendered":"https:\/\/experienciaslatam.com\/?post_type=product&#038;p=12462"},"modified":"2026-04-15T17:56:20","modified_gmt":"2026-04-15T22:56:20","slug":"encontre-tranquilidade-com-yoga-caminhadas-e-gastronomia-gourmet-na-patagonia","status":"publish","type":"product","link":"https:\/\/www.experienciaslatam.com\/pt-br\/experienciasx\/encontre-tranquilidade-com-yoga-caminhadas-e-gastronomia-gourmet-na-patagonia\/","title":{"rendered":"Encontre tranquilidade com yoga, caminhadas e gastronomia gourmet na Patag\u00f4nia"},"content":{"rendered":"<p>Reconecte-se em um cen\u00e1rio patag\u00f4nico sereno e encantador com um ritual de bem-estar de dia inteiro na Est\u00e2ncia Peuma Hue. A experi\u00eancia come\u00e7a com uma sess\u00e3o de yoga guiada por especialistas, cercada por floresta e ar puro da montanha. Em seguida, voc\u00ea desfrutar\u00e1 de um almo\u00e7o de tr\u00eas tempos preparado com ingredientes locais e sazonais, acompanhado de uma bebida sem \u00e1lcool.<br \/>\nMais tarde, percorra trilhas entre a floresta e a margem do lago em uma caminhada contemplativa, projetada para restaurar a clareza e a tranquilidade. Para encerrar, voc\u00ea receber\u00e1 uma garrafa de vinho espumante da casa como presente de despedida. Exclusivo para portadores de cart\u00e3o Mastercard.<\/p>\n","protected":false},"excerpt":{"rendered":"<p>Reconecte-se em um cen\u00e1rio patag\u00f4nico sereno e encantador com um ritual de bem-estar de dia inteiro na Est\u00e2ncia Peuma Hue. A experi\u00eancia come\u00e7a com uma sess\u00e3o de yoga guiada por especialistas, cercada por floresta e ar puro da montanha. Em seguida, voc\u00ea desfrutar\u00e1 de um almo\u00e7o de tr\u00eas tempos preparado com ingredientes locais e sazonais, [&hellip;]<\/p>\n","protected":false},"featured_media":12464,"template":"","meta":{"_acf_changed":false,"inline_featured_image":false},"product_brand":[],"product_cat":[48],"product_tag":[],"class_list":{"0":"post-12462","1":"product","2":"type-product","3":"status-publish","4":"has-post-thumbnail","6":"product_cat-experienciasx","8":"first","9":"instock","10":"virtual","11":"sold-individually","12":"purchasable","13":"product-type-booking"},"acf":[],"_links":{"self":[{"href":"https:\/\/www.experienciaslatam.com\/pt-br\/wp-json\/wp\/v2\/product\/12462","targetHints":{"allow":["GET"]}}],"collection":[{"href":"https:\/\/www.experienciaslatam.com\/pt-br\/wp-json\/wp\/v2\/product"}],"about":[{"href":"https:\/\/www.experienciaslatam.com\/pt-br\/wp-json\/wp\/v2\/types\/product"}],"wp:featuredmedia":[{"embeddable":true,"href":"https:\/\/www.experienciaslatam.com\/pt-br\/wp-json\/wp\/v2\/media\/12464"}],"wp:attachment":[{"href":"https:\/\/www.experienciaslatam.com\/pt-br\/wp-json\/wp\/v2\/media?parent=12462"}],"wp:term":[{"taxonomy":"product_brand","embeddable":true,"href":"https:\/\/www.experienciaslatam.com\/pt-br\/wp-json\/wp\/v2\/product_brand?post=12462"},{"taxonomy":"product_cat","embeddable":true,"href":"https:\/\/www.experienciaslatam.com\/pt-br\/wp-json\/wp\/v2\/product_cat?post=12462"},{"taxonomy":"product_tag","embeddable":true,"href":"https:\/\/www.experienciaslatam.com\/pt-br\/wp-json\/wp\/v2\/product_tag?post=12462"}],"curies":[{"name":"wp","href":"https:\/\/api.w.org\/{rel}","templated":true}]}}