{"id":12689,"date":"2026-05-06T14:26:24","date_gmt":"2026-05-06T19:26:24","guid":{"rendered":"https:\/\/experienciaslatam.com\/?post_type=product&#038;p=12689"},"modified":"2026-05-06T15:14:12","modified_gmt":"2026-05-06T20:14:12","slug":"caminhada-entre-as-nuvens-enquanto-percorre-florestas-andinas-e-cachoeiras","status":"publish","type":"product","link":"https:\/\/www.experienciaslatam.com\/pt-br\/experienciasx\/caminhada-entre-as-nuvens-enquanto-percorre-florestas-andinas-e-cachoeiras\/","title":{"rendered":"Caminhada entre as nuvens enquanto percorre florestas andinas e cachoeiras"},"content":{"rendered":"<p>Descubra a Col\u00f4mbia em sua vers\u00e3o mais tranquila durante uma caminhada consciente por uma floresta andina de neblina, a 3.200 metros acima do n\u00edvel do mar. Acompanhado por um guia local especializado, voc\u00ea seguir\u00e1 por uma rota que atravessa propriedades privadas e \u00e1reas pouco exploradas, longe dos caminhos mais movimentados e do turismo de massa.<br \/>\nA experi\u00eancia inclui traslados privados do hotel, \u00e1gua em garrafas de vidro e um sandu\u00edche estilo club para piquenique, pensado para ser apreciado com calma enquanto a montanha faz sua magia. Exclusivo para portadores de cart\u00e3o Mastercard.<\/p>\n","protected":false},"excerpt":{"rendered":"<p>Descubra a Col\u00f4mbia em sua vers\u00e3o mais tranquila durante uma caminhada consciente por uma floresta andina de neblina, a 3.200 metros acima do n\u00edvel do mar. Acompanhado por um guia local especializado, voc\u00ea seguir\u00e1 por uma rota que atravessa propriedades privadas e \u00e1reas pouco exploradas, longe dos caminhos mais movimentados e do turismo de massa. [&hellip;]<\/p>\n","protected":false},"featured_media":12691,"template":"","meta":{"_acf_changed":false,"inline_featured_image":false},"product_brand":[],"product_cat":[48],"product_tag":[],"class_list":{"0":"post-12689","1":"product","2":"type-product","3":"status-publish","4":"has-post-thumbnail","6":"product_cat-experienciasx","8":"first","9":"instock","10":"virtual","11":"sold-individually","12":"purchasable","13":"product-type-booking"},"acf":[],"_links":{"self":[{"href":"https:\/\/www.experienciaslatam.com\/pt-br\/wp-json\/wp\/v2\/product\/12689","targetHints":{"allow":["GET"]}}],"collection":[{"href":"https:\/\/www.experienciaslatam.com\/pt-br\/wp-json\/wp\/v2\/product"}],"about":[{"href":"https:\/\/www.experienciaslatam.com\/pt-br\/wp-json\/wp\/v2\/types\/product"}],"wp:featuredmedia":[{"embeddable":true,"href":"https:\/\/www.experienciaslatam.com\/pt-br\/wp-json\/wp\/v2\/media\/12691"}],"wp:attachment":[{"href":"https:\/\/www.experienciaslatam.com\/pt-br\/wp-json\/wp\/v2\/media?parent=12689"}],"wp:term":[{"taxonomy":"product_brand","embeddable":true,"href":"https:\/\/www.experienciaslatam.com\/pt-br\/wp-json\/wp\/v2\/product_brand?post=12689"},{"taxonomy":"product_cat","embeddable":true,"href":"https:\/\/www.experienciaslatam.com\/pt-br\/wp-json\/wp\/v2\/product_cat?post=12689"},{"taxonomy":"product_tag","embeddable":true,"href":"https:\/\/www.experienciaslatam.com\/pt-br\/wp-json\/wp\/v2\/product_tag?post=12689"}],"curies":[{"name":"wp","href":"https:\/\/api.w.org\/{rel}","templated":true}]}}