{"id":12851,"date":"2026-05-15T10:55:15","date_gmt":"2026-05-15T15:55:15","guid":{"rendered":"https:\/\/experienciaslatam.com\/?post_type=product&#038;p=12851"},"modified":"2026-05-15T11:21:02","modified_gmt":"2026-05-15T16:21:02","slug":"observe-as-estrelas-a-partir-de-um-observatorio-no-deserto-sem-poluicao-luminosa-copy-2","status":"publish","type":"product","link":"https:\/\/www.experienciaslatam.com\/pt-br\/experienciasx\/observe-as-estrelas-a-partir-de-um-observatorio-no-deserto-sem-poluicao-luminosa-copy-2\/","title":{"rendered":"Observe as estrelas a partir de um observat\u00f3rio no deserto, sem polui\u00e7\u00e3o luminosa (Copy)"},"content":{"rendered":"<p>Mergulhe no Deserto do Atacama para viver uma noite astron\u00f4mica intimista no Observat\u00f3rio do Hemisf\u00e9rio Sul. A experi\u00eancia come\u00e7a em um terra\u00e7o com vista para o p\u00f4r do sol, degusta\u00e7\u00f5es de sabores locais doces e salgados e um brinde com vinho ou um tradicional rica rica sour, antes de explorar o cosmos a partir da c\u00fapula educativa e da plataforma de observa\u00e7\u00e3o ao ar livre.<br \/>\nEm seguida, voc\u00ea observar\u00e1, por meio de telesc\u00f3pios profissionais, gal\u00e1xias, nebulosas e constela\u00e7\u00f5es do hemisf\u00e9rio sul, como Escorpi\u00e3o e Centauro, sob alguns dos c\u00e9us mais limpos do planeta. A experi\u00eancia inclui traslados de ida e volta a partir do seu hotel. Exclusivo para portadores de cart\u00f5es Mastercard.<\/p>\n","protected":false},"excerpt":{"rendered":"<p>Mergulhe no Deserto do Atacama para viver uma noite astron\u00f4mica intimista no Observat\u00f3rio do Hemisf\u00e9rio Sul. A experi\u00eancia come\u00e7a em um terra\u00e7o com vista para o p\u00f4r do sol, degusta\u00e7\u00f5es de sabores locais doces e salgados e um brinde com vinho ou um tradicional rica rica sour, antes de explorar o cosmos a partir da [&hellip;]<\/p>\n","protected":false},"featured_media":12853,"template":"","meta":{"_acf_changed":false,"inline_featured_image":false},"product_brand":[],"product_cat":[48],"product_tag":[],"class_list":{"0":"post-12851","1":"product","2":"type-product","3":"status-publish","4":"has-post-thumbnail","6":"product_cat-experienciasx","8":"first","9":"instock","10":"virtual","11":"sold-individually","12":"purchasable","13":"product-type-booking"},"acf":[],"_links":{"self":[{"href":"https:\/\/www.experienciaslatam.com\/pt-br\/wp-json\/wp\/v2\/product\/12851","targetHints":{"allow":["GET"]}}],"collection":[{"href":"https:\/\/www.experienciaslatam.com\/pt-br\/wp-json\/wp\/v2\/product"}],"about":[{"href":"https:\/\/www.experienciaslatam.com\/pt-br\/wp-json\/wp\/v2\/types\/product"}],"wp:featuredmedia":[{"embeddable":true,"href":"https:\/\/www.experienciaslatam.com\/pt-br\/wp-json\/wp\/v2\/media\/12853"}],"wp:attachment":[{"href":"https:\/\/www.experienciaslatam.com\/pt-br\/wp-json\/wp\/v2\/media?parent=12851"}],"wp:term":[{"taxonomy":"product_brand","embeddable":true,"href":"https:\/\/www.experienciaslatam.com\/pt-br\/wp-json\/wp\/v2\/product_brand?post=12851"},{"taxonomy":"product_cat","embeddable":true,"href":"https:\/\/www.experienciaslatam.com\/pt-br\/wp-json\/wp\/v2\/product_cat?post=12851"},{"taxonomy":"product_tag","embeddable":true,"href":"https:\/\/www.experienciaslatam.com\/pt-br\/wp-json\/wp\/v2\/product_tag?post=12851"}],"curies":[{"name":"wp","href":"https:\/\/api.w.org\/{rel}","templated":true}]}}