{"id":2748,"date":"2024-11-06T11:50:58","date_gmt":"2024-11-06T16:50:58","guid":{"rendered":"https:\/\/experienciaslatam.com\/sem%20categoria\/embark-on-a-scenic-boat-tour-of-rios-archipelago-and-taste-local-seafood\/"},"modified":"2025-04-29T10:43:10","modified_gmt":"2025-04-29T15:43:10","slug":"embarque-em-um-passeio-panoramico-de-barco-pelo-arquipelago-do-rio-e-saboreie-os-frutos-do-mar-locais","status":"publish","type":"product","link":"https:\/\/www.experienciaslatam.com\/pt-br\/experienciasx\/embarque-em-um-passeio-panoramico-de-barco-pelo-arquipelago-do-rio-e-saboreie-os-frutos-do-mar-locais\/","title":{"rendered":"Embarque em um passeio panor\u00e2mico de barco pelo arquip\u00e9lago do Rio e saboreie os frutos do mar locais"},"content":{"rendered":"<p>Explore o Canal de Marapendi do Rio de Janeiro e o arquip\u00e9lago da Ilha da Gigoia em um passeio de barco privativo e delicie-se com os frutos do mar locais e um workshop de coquet\u00e9is no Ocy\u00e1. Voc\u00ea come\u00e7ar\u00e1 com um tranquilo passeio de barco pelas 10 ilhas pitorescas do Pantanal Carioca no arquip\u00e9lago da Ilha da Gigoia, onde poder\u00e1 apreciar um p\u00f4r do sol inspirador. Em seguida, voc\u00ea ir\u00e1 ao famoso restaurante Ocy\u00e1, na Ilha Primeira, na Barra da Tijuca, para saborear aperitivos como o aclamado p\u00e3o de alho com camar\u00e3o cremoso, lingui\u00e7a de peixe defumado e peixe frito crocante, acompanhados de coquet\u00e9is de gim exclusivos apresentados pelo barman e finalizados \u00e0 mesa. Al\u00e9m disso, descubra como preparar cada drinque em um workshop no local e receba as receitas para recriar a magia em casa. Exclusivamente para portadores do cart\u00e3o Mastercard.<\/p>\n","protected":false},"excerpt":{"rendered":"<p>Explore o Canal de Marapendi do Rio de Janeiro e o arquip\u00e9lago da Ilha da Gigoia em um passeio de barco privativo e delicie-se com os frutos do mar locais e um workshop de coquet\u00e9is no Ocy\u00e1. Voc\u00ea come\u00e7ar\u00e1 com um tranquilo passeio de barco pelas 10 ilhas pitorescas do Pantanal Carioca no arquip\u00e9lago da [&hellip;]<\/p>\n","protected":false},"featured_media":2430,"template":"","meta":{"_acf_changed":false,"inline_featured_image":false},"product_brand":[],"product_cat":[48],"product_tag":[],"class_list":{"0":"post-2748","1":"product","2":"type-product","3":"status-publish","4":"has-post-thumbnail","6":"product_cat-experienciasx","8":"first","9":"instock","10":"sold-individually","11":"shipping-taxable","12":"purchasable","13":"product-type-booking"},"acf":[],"_links":{"self":[{"href":"https:\/\/www.experienciaslatam.com\/pt-br\/wp-json\/wp\/v2\/product\/2748","targetHints":{"allow":["GET"]}}],"collection":[{"href":"https:\/\/www.experienciaslatam.com\/pt-br\/wp-json\/wp\/v2\/product"}],"about":[{"href":"https:\/\/www.experienciaslatam.com\/pt-br\/wp-json\/wp\/v2\/types\/product"}],"wp:featuredmedia":[{"embeddable":true,"href":"https:\/\/www.experienciaslatam.com\/pt-br\/wp-json\/wp\/v2\/media\/2430"}],"wp:attachment":[{"href":"https:\/\/www.experienciaslatam.com\/pt-br\/wp-json\/wp\/v2\/media?parent=2748"}],"wp:term":[{"taxonomy":"product_brand","embeddable":true,"href":"https:\/\/www.experienciaslatam.com\/pt-br\/wp-json\/wp\/v2\/product_brand?post=2748"},{"taxonomy":"product_cat","embeddable":true,"href":"https:\/\/www.experienciaslatam.com\/pt-br\/wp-json\/wp\/v2\/product_cat?post=2748"},{"taxonomy":"product_tag","embeddable":true,"href":"https:\/\/www.experienciaslatam.com\/pt-br\/wp-json\/wp\/v2\/product_tag?post=2748"}],"curies":[{"name":"wp","href":"https:\/\/api.w.org\/{rel}","templated":true}]}}