{"id":2775,"date":"2024-11-05T16:24:24","date_gmt":"2024-11-05T21:24:24","guid":{"rendered":"https:\/\/experienciaslatam.com\/sem%20categoria\/glide-across-the-calm-waters-of-copacabana-beach-at-sunrise\/"},"modified":"2025-04-29T12:20:30","modified_gmt":"2025-04-29T17:20:30","slug":"deslize-pelas-aguas-calmas-da-praia-de-copacabana-ao-nascer-do-sol","status":"publish","type":"product","link":"https:\/\/www.experienciaslatam.com\/pt-br\/experienciasx\/deslize-pelas-aguas-calmas-da-praia-de-copacabana-ao-nascer-do-sol\/","title":{"rendered":"Deslize pelas \u00e1guas calmas da Praia de Copacabana ao nascer do sol"},"content":{"rendered":"<p>Deleite-se na tranquilidade da Praia de Copacabana com uma experi\u00eancia \u00fanica de stand up paddle e caf\u00e9 da manh\u00e3. Seu instrutor especialista lhe ensinar\u00e1 no\u00e7\u00f5es b\u00e1sicas de embarque em um ambiente seguro e divertido, ent\u00e3o voc\u00ea ir\u00e1 para o mar enquanto o sol nasce sobre o horizonte do Rio de Janeiro \u2014 com uma c\u00e2mera drone capturando cada momento para que voc\u00ea possa guardar as mem\u00f3rias para sempre. Ap\u00f3s sua aventura aqu\u00e1tica, voc\u00ea se deliciar\u00e1 com uma suntuosa variedade de doces assados \u200b\u200be frutas ex\u00f3ticas no Fairmont Hotel. Exclusivamente para portadores de cart\u00e3o Mastercard.<\/p>\n","protected":false},"excerpt":{"rendered":"<p>Deleite-se na tranquilidade da Praia de Copacabana com uma experi\u00eancia \u00fanica de stand up paddle e caf\u00e9 da manh\u00e3. Seu instrutor especialista lhe ensinar\u00e1 no\u00e7\u00f5es b\u00e1sicas de embarque em um ambiente seguro e divertido, ent\u00e3o voc\u00ea ir\u00e1 para o mar enquanto o sol nasce sobre o horizonte do Rio de Janeiro \u2014 com uma c\u00e2mera [&hellip;]<\/p>\n","protected":false},"featured_media":2034,"template":"","meta":{"_acf_changed":false,"inline_featured_image":false},"product_brand":[],"product_cat":[48],"product_tag":[],"class_list":{"0":"post-2775","1":"product","2":"type-product","3":"status-publish","4":"has-post-thumbnail","6":"product_cat-experienciasx","8":"first","9":"instock","10":"virtual","11":"sold-individually","12":"purchasable","13":"product-type-booking"},"acf":[],"_links":{"self":[{"href":"https:\/\/www.experienciaslatam.com\/pt-br\/wp-json\/wp\/v2\/product\/2775","targetHints":{"allow":["GET"]}}],"collection":[{"href":"https:\/\/www.experienciaslatam.com\/pt-br\/wp-json\/wp\/v2\/product"}],"about":[{"href":"https:\/\/www.experienciaslatam.com\/pt-br\/wp-json\/wp\/v2\/types\/product"}],"wp:featuredmedia":[{"embeddable":true,"href":"https:\/\/www.experienciaslatam.com\/pt-br\/wp-json\/wp\/v2\/media\/2034"}],"wp:attachment":[{"href":"https:\/\/www.experienciaslatam.com\/pt-br\/wp-json\/wp\/v2\/media?parent=2775"}],"wp:term":[{"taxonomy":"product_brand","embeddable":true,"href":"https:\/\/www.experienciaslatam.com\/pt-br\/wp-json\/wp\/v2\/product_brand?post=2775"},{"taxonomy":"product_cat","embeddable":true,"href":"https:\/\/www.experienciaslatam.com\/pt-br\/wp-json\/wp\/v2\/product_cat?post=2775"},{"taxonomy":"product_tag","embeddable":true,"href":"https:\/\/www.experienciaslatam.com\/pt-br\/wp-json\/wp\/v2\/product_tag?post=2775"}],"curies":[{"name":"wp","href":"https:\/\/api.w.org\/{rel}","templated":true}]}}