{"id":2783,"date":"2024-11-05T15:38:27","date_gmt":"2024-11-05T20:38:27","guid":{"rendered":"https:\/\/experienciaslatam.com\/sem%20categoria\/enter-the-world-of-the-gauchos-on-a-heritage-tour-from-buenos-aires\/"},"modified":"2025-12-23T15:47:31","modified_gmt":"2025-12-23T20:47:31","slug":"entre-no-mundo-dos-gauchos-em-um-tour-historico-saindo-de-buenos-aires","status":"publish","type":"product","link":"https:\/\/www.experienciaslatam.com\/pt-br\/experienciasx\/entre-no-mundo-dos-gauchos-em-um-tour-historico-saindo-de-buenos-aires\/","title":{"rendered":"Entre no mundo dos ga\u00fachos em um tour hist\u00f3rico saindo de Buenos Aires"},"content":{"rendered":"<p>Mergulhe na cultura ga\u00facha em uma excurs\u00e3o de um dia de Buenos Aires a San Antonio de Areco. Voc\u00ea come\u00e7ar\u00e1 com uma demonstra\u00e7\u00e3o de dan\u00e7a folcl\u00f3rica, m\u00fasica e habilidades ga\u00fachas. Na est\u00e2ncia, voc\u00ea descobrir\u00e1 como fazer ch\u00e1 de erva mate e se deliciar\u00e1 com champanhe de cortesia. Em seguida, voc\u00ea far\u00e1 um passeio pela cidade de San Antonio de Areco com um guia local especializado antes de se sentar para um asado (churrasco argentino) preparado por ga\u00fachos. Al\u00e9m disso, receba uma boina (boina) como lembran\u00e7a \u00fanica. Exclusivamente para portadores de cart\u00e3o Mastercard.<\/p>\n","protected":false},"excerpt":{"rendered":"<p>Mergulhe na cultura ga\u00facha em uma excurs\u00e3o de um dia de Buenos Aires a San Antonio de Areco. Voc\u00ea come\u00e7ar\u00e1 com uma demonstra\u00e7\u00e3o de dan\u00e7a folcl\u00f3rica, m\u00fasica e habilidades ga\u00fachas. Na est\u00e2ncia, voc\u00ea descobrir\u00e1 como fazer ch\u00e1 de erva mate e se deliciar\u00e1 com champanhe de cortesia. Em seguida, voc\u00ea far\u00e1 um passeio pela cidade [&hellip;]<\/p>\n","protected":false},"featured_media":1963,"template":"","meta":{"_acf_changed":false,"inline_featured_image":false},"product_brand":[],"product_cat":[48],"product_tag":[],"class_list":{"0":"post-2783","1":"product","2":"type-product","3":"status-publish","4":"has-post-thumbnail","6":"product_cat-experienciasx","8":"first","9":"instock","10":"virtual","11":"sold-individually","12":"purchasable","13":"product-type-booking"},"acf":[],"_links":{"self":[{"href":"https:\/\/www.experienciaslatam.com\/pt-br\/wp-json\/wp\/v2\/product\/2783","targetHints":{"allow":["GET"]}}],"collection":[{"href":"https:\/\/www.experienciaslatam.com\/pt-br\/wp-json\/wp\/v2\/product"}],"about":[{"href":"https:\/\/www.experienciaslatam.com\/pt-br\/wp-json\/wp\/v2\/types\/product"}],"wp:featuredmedia":[{"embeddable":true,"href":"https:\/\/www.experienciaslatam.com\/pt-br\/wp-json\/wp\/v2\/media\/1963"}],"wp:attachment":[{"href":"https:\/\/www.experienciaslatam.com\/pt-br\/wp-json\/wp\/v2\/media?parent=2783"}],"wp:term":[{"taxonomy":"product_brand","embeddable":true,"href":"https:\/\/www.experienciaslatam.com\/pt-br\/wp-json\/wp\/v2\/product_brand?post=2783"},{"taxonomy":"product_cat","embeddable":true,"href":"https:\/\/www.experienciaslatam.com\/pt-br\/wp-json\/wp\/v2\/product_cat?post=2783"},{"taxonomy":"product_tag","embeddable":true,"href":"https:\/\/www.experienciaslatam.com\/pt-br\/wp-json\/wp\/v2\/product_tag?post=2783"}],"curies":[{"name":"wp","href":"https:\/\/api.w.org\/{rel}","templated":true}]}}