{"id":3966,"date":"2024-11-26T21:23:41","date_gmt":"2024-11-27T02:23:41","guid":{"rendered":"https:\/\/experienciaslatam.com\/?post_type=product&#038;p=3966"},"modified":"2025-01-31T15:15:28","modified_gmt":"2025-01-31T20:15:28","slug":"deixe-sua-marca-nas-paredes-cheias-de-grafite-da-comuna-13","status":"publish","type":"product","link":"https:\/\/www.experienciaslatam.com\/pt-br\/experienciasx\/deixe-sua-marca-nas-paredes-cheias-de-grafite-da-comuna-13\/","title":{"rendered":"Deixe sua marca nas paredes cheias de grafite da Comuna 13"},"content":{"rendered":"<p><span class=\"TextRun SCXW117096879 BCX0\" lang=\"ES-CO\" xml:lang=\"ES-CO\" data-contrast=\"auto\"><span class=\"NormalTextRun SpellingErrorV2Themed SCXW117096879 BCX0\">Mergulhe<\/span><span class=\"NormalTextRun SCXW117096879 BCX0\"> no vibrante <\/span><span class=\"NormalTextRun SpellingErrorV2Themed SCXW117096879 BCX0\">cora\u00e7\u00e3o<\/span><span class=\"NormalTextRun SCXW117096879 BCX0\"> de Medell\u00edn <\/span><span class=\"NormalTextRun SpellingErrorV2Themed SCXW117096879 BCX0\">com<\/span> <span class=\"NormalTextRun SpellingErrorV2Themed SCXW117096879 BCX0\">uma<\/span> <span class=\"NormalTextRun SpellingErrorV2Themed SCXW117096879 BCX0\">experi\u00eancia<\/span><span class=\"NormalTextRun SCXW117096879 BCX0\"> de arte <\/span><span class=\"NormalTextRun SpellingErrorV2Themed SCXW117096879 BCX0\">grafite<\/span> <span class=\"NormalTextRun SpellingErrorV2Themed SCXW117096879 BCX0\">na<\/span><span class=\"NormalTextRun SCXW117096879 BCX0\"> Comuna 13, <\/span><span class=\"NormalTextRun SpellingErrorV2Themed SCXW117096879 BCX0\">um<\/span> <span class=\"NormalTextRun SpellingErrorV2Themed SCXW117096879 BCX0\">bairro<\/span><span class=\"NormalTextRun SCXW117096879 BCX0\"> famoso por <\/span><span class=\"NormalTextRun SpellingErrorV2Themed SCXW117096879 BCX0\">suas<\/span><span class=\"NormalTextRun SCXW117096879 BCX0\"> coloridas <\/span><span class=\"NormalTextRun SpellingErrorV2Themed SCXW117096879 BCX0\">exibi\u00e7\u00f5es<\/span><span class=\"NormalTextRun SCXW117096879 BCX0\"> de arte de <\/span><span class=\"NormalTextRun SpellingErrorV2Themed SCXW117096879 BCX0\">rua<\/span><span class=\"NormalTextRun SCXW117096879 BCX0\">. <\/span><span class=\"NormalTextRun SpellingErrorV2Themed SCXW117096879 BCX0\">Voc\u00ea<\/span><span class=\"NormalTextRun SCXW117096879 BCX0\"> encontrar\u00e1 artistas <\/span><span class=\"NormalTextRun SpellingErrorV2Themed SCXW117096879 BCX0\">locais<\/span><span class=\"NormalTextRun SCXW117096879 BCX0\"> que <\/span><span class=\"NormalTextRun SpellingErrorV2Themed SCXW117096879 BCX0\">compartilhar\u00e3o<\/span> <span class=\"NormalTextRun SpellingErrorV2Themed SCXW117096879 BCX0\">hist\u00f3rias<\/span><span class=\"NormalTextRun SCXW117096879 BCX0\"> fascinantes sobre a <\/span><span class=\"NormalTextRun SpellingErrorV2Themed SCXW117096879 BCX0\">hist\u00f3ria<\/span><span class=\"NormalTextRun SCXW117096879 BCX0\"> da \u00e1rea e, em seguida, dar\u00e1 vida \u00e0 <\/span><span class=\"NormalTextRun SpellingErrorV2Themed SCXW117096879 BCX0\">sua<\/span> <span class=\"NormalTextRun SpellingErrorV2Themed SCXW117096879 BCX0\">pr\u00f3pria<\/span> <span class=\"NormalTextRun SpellingErrorV2Themed SCXW117096879 BCX0\">vis\u00e3o<\/span><span class=\"NormalTextRun SCXW117096879 BCX0\"> como parte de <\/span><span class=\"NormalTextRun SpellingErrorV2Themed SCXW117096879 BCX0\">um<\/span> <span class=\"NormalTextRun SpellingErrorV2Themed SCXW117096879 BCX0\">projeto<\/span><span class=\"NormalTextRun SCXW117096879 BCX0\"> colaborativo em <\/span><span class=\"NormalTextRun SpellingErrorV2Themed SCXW117096879 BCX0\">uma<\/span><span class=\"NormalTextRun SCXW117096879 BCX0\"> das paredes designadas da <\/span><span class=\"NormalTextRun SpellingErrorV2Themed SCXW117096879 BCX0\">comunidade<\/span><span class=\"NormalTextRun SCXW117096879 BCX0\">. Como <\/span><span class=\"NormalTextRun SpellingErrorV2Themed SCXW117096879 BCX0\">lembran\u00e7a<\/span><span class=\"NormalTextRun SCXW117096879 BCX0\"> da <\/span><span class=\"NormalTextRun SpellingErrorV2Themed SCXW117096879 BCX0\">sua<\/span><span class=\"NormalTextRun SCXW117096879 BCX0\"> jornada, <\/span><span class=\"NormalTextRun SpellingErrorV2Themed SCXW117096879 BCX0\">voc\u00ea<\/span><span class=\"NormalTextRun SCXW117096879 BCX0\"> levar\u00e1 <\/span><span class=\"NormalTextRun SpellingErrorV2Themed SCXW117096879 BCX0\">um<\/span> <span class=\"NormalTextRun SpellingErrorV2Themed SCXW117096879 BCX0\">cart\u00e3o<\/span><span class=\"NormalTextRun SCXW117096879 BCX0\"> postal que capturar\u00e1 a <\/span><span class=\"NormalTextRun SpellingErrorV2Themed SCXW117096879 BCX0\">ess\u00eancia<\/span><span class=\"NormalTextRun SCXW117096879 BCX0\"> da <\/span><span class=\"NormalTextRun SpellingErrorV2Themed SCXW117096879 BCX0\">sua<\/span> <span class=\"NormalTextRun SpellingErrorV2Themed SCXW117096879 BCX0\">experi\u00eancia<\/span><span class=\"NormalTextRun SCXW117096879 BCX0\">, criado por <\/span><span class=\"NormalTextRun SpellingErrorV2Themed SCXW117096879 BCX0\">voc\u00ea<\/span> <span class=\"NormalTextRun SpellingErrorV2Themed SCXW117096879 BCX0\">ou<\/span><span class=\"NormalTextRun SCXW117096879 BCX0\"> por <\/span><span class=\"NormalTextRun SpellingErrorV2Themed SCXW117096879 BCX0\">um<\/span><span class=\"NormalTextRun SCXW117096879 BCX0\"> dos artistas que <\/span><span class=\"NormalTextRun SpellingErrorV2Themed SCXW117096879 BCX0\">voc\u00ea<\/span> <span class=\"NormalTextRun SpellingErrorV2Themed SCXW117096879 BCX0\">conheceu<\/span><span class=\"NormalTextRun SCXW117096879 BCX0\">.<\/span><\/span><span class=\"EOP SCXW117096879 BCX0\" data-ccp-props=\"{&quot;134233117&quot;:false,&quot;134233118&quot;:false,&quot;201341983&quot;:0,&quot;335551550&quot;:6,&quot;335551620&quot;:6,&quot;335559738&quot;:240,&quot;335559739&quot;:240,&quot;335559740&quot;:240}\">\u00a0<\/span><\/p>\n","protected":false},"excerpt":{"rendered":"<p>Mergulhe no vibrante cora\u00e7\u00e3o de Medell\u00edn com uma experi\u00eancia de arte grafite na Comuna 13, um bairro famoso por suas coloridas exibi\u00e7\u00f5es de arte de rua. Voc\u00ea encontrar\u00e1 artistas locais que compartilhar\u00e3o hist\u00f3rias fascinantes sobre a hist\u00f3ria da \u00e1rea e, em seguida, dar\u00e1 vida \u00e0 sua pr\u00f3pria vis\u00e3o como parte de um projeto colaborativo em [&hellip;]<\/p>\n","protected":false},"featured_media":3968,"template":"","meta":{"_acf_changed":false,"inline_featured_image":false},"product_brand":[],"product_cat":[48],"product_tag":[],"class_list":{"0":"post-3966","1":"product","2":"type-product","3":"status-publish","4":"has-post-thumbnail","6":"product_cat-experienciasx","8":"first","9":"instock","10":"sold-individually","11":"shipping-taxable","12":"purchasable","13":"product-type-booking"},"acf":[],"_links":{"self":[{"href":"https:\/\/www.experienciaslatam.com\/pt-br\/wp-json\/wp\/v2\/product\/3966","targetHints":{"allow":["GET"]}}],"collection":[{"href":"https:\/\/www.experienciaslatam.com\/pt-br\/wp-json\/wp\/v2\/product"}],"about":[{"href":"https:\/\/www.experienciaslatam.com\/pt-br\/wp-json\/wp\/v2\/types\/product"}],"wp:featuredmedia":[{"embeddable":true,"href":"https:\/\/www.experienciaslatam.com\/pt-br\/wp-json\/wp\/v2\/media\/3968"}],"wp:attachment":[{"href":"https:\/\/www.experienciaslatam.com\/pt-br\/wp-json\/wp\/v2\/media?parent=3966"}],"wp:term":[{"taxonomy":"product_brand","embeddable":true,"href":"https:\/\/www.experienciaslatam.com\/pt-br\/wp-json\/wp\/v2\/product_brand?post=3966"},{"taxonomy":"product_cat","embeddable":true,"href":"https:\/\/www.experienciaslatam.com\/pt-br\/wp-json\/wp\/v2\/product_cat?post=3966"},{"taxonomy":"product_tag","embeddable":true,"href":"https:\/\/www.experienciaslatam.com\/pt-br\/wp-json\/wp\/v2\/product_tag?post=3966"}],"curies":[{"name":"wp","href":"https:\/\/api.w.org\/{rel}","templated":true}]}}