{"id":4256,"date":"2024-11-29T17:49:41","date_gmt":"2024-11-29T22:49:41","guid":{"rendered":"https:\/\/experienciaslatam.com\/?post_type=product&#038;p=4256"},"modified":"2025-05-06T11:29:10","modified_gmt":"2025-05-06T16:29:10","slug":"escale-nas-rochas-e-desfrute-de-uma-sessao-de-yoga-em-um-ambiente-natural-impressionante-copy","status":"publish","type":"product","link":"https:\/\/www.experienciaslatam.com\/pt-br\/experienciasx\/escale-nas-rochas-e-desfrute-de-uma-sessao-de-yoga-em-um-ambiente-natural-impressionante-copy\/","title":{"rendered":"Observa majestosos condores andinos com um guia especializado no Chile"},"content":{"rendered":"<div class=\"elementor-element elementor-element-670c54f elementor-widget elementor-widget-theme-post-content\" data-id=\"670c54f\" data-element_type=\"widget\" data-widget_type=\"theme-post-content.default\">\n<div class=\"elementor-widget-container\">\n<div class=\"elementor-element elementor-element-670c54f elementor-widget elementor-widget-theme-post-content\" data-id=\"670c54f\" data-element_type=\"widget\" data-widget_type=\"theme-post-content.default\">\n<div class=\"elementor-widget-container\">\n<div class=\"elementor-element elementor-element-670c54f elementor-widget elementor-widget-theme-post-content\" data-id=\"670c54f\" data-element_type=\"widget\" data-widget_type=\"theme-post-content.default\">\n<div class=\"elementor-widget-container\">\n<div class=\"elementor-element elementor-element-670c54f elementor-widget elementor-widget-theme-post-content\" data-id=\"670c54f\" data-element_type=\"widget\" data-widget_type=\"theme-post-content.default\">\n<div class=\"elementor-widget-container\">\n<div class=\"elementor-element elementor-element-670c54f elementor-widget elementor-widget-theme-post-content\" data-id=\"670c54f\" data-element_type=\"widget\" data-widget_type=\"theme-post-content.default\">\n<div class=\"elementor-widget-container\">\n<p><span data-contrast=\"none\">Passe um dia inesquec\u00edvel explorando os Andes e observando condores no Chile, em uma excurs\u00e3o exclusiva geralmente dispon\u00edvel apenas como parte de uma viagem de v\u00e1rios dias. Ap\u00f3s encontrar seu guia especializado, voc\u00ea come\u00e7ar\u00e1 sua aventura no Santu\u00e1rio da Natureza Yerba Loca, um para\u00edso de biodiversidade. Em seguida, subir\u00e1 para Farellones e Valle Nevado, ideais para avistar condores e outras esp\u00e9cies selvagens em meio a vistas panor\u00e2micas incompar\u00e1veis. Voc\u00ea encerrar\u00e1 esta experi\u00eancia \u00fanica com um delicioso piquenique gourmet que inclui vinho, uma variedade de queijos, carnes, biscoitos e frutas, nas montanhas. Exclusivo para titulares de cart\u00f5es Mastercard.<\/span><span data-ccp-props=\"{&quot;335551550&quot;:6,&quot;335551620&quot;:6}\">\u00a0<\/span><\/p>\n<p><span data-contrast=\"none\">Mastercard, junto com Priceless Planet Coalition, busca restaurar 100 milh\u00f5es de \u00e1rvores at\u00e9 2030. Para cada experi\u00eancia que voc\u00ea comprar, a Mastercard doar\u00e1 uma \u00e1rvore atrav\u00e9s de Priceless Planet Coalition. Com sua contribui\u00e7\u00e3o, estamos promovendo a restaura\u00e7\u00e3o em 6 continentes.<\/span><span data-ccp-props=\"{&quot;335551550&quot;:6,&quot;335551620&quot;:6}\">\u00a0<\/span><\/p>\n<\/div>\n<\/div>\n<\/div>\n<\/div>\n<\/div>\n<\/div>\n<\/div>\n<\/div>\n<\/div>\n<\/div>\n","protected":false},"excerpt":{"rendered":"<p>Passe um dia inesquec\u00edvel explorando os Andes e observando condores no Chile, em uma excurs\u00e3o exclusiva geralmente dispon\u00edvel apenas como parte de uma viagem de v\u00e1rios dias. Ap\u00f3s encontrar seu guia especializado, voc\u00ea come\u00e7ar\u00e1 sua aventura no Santu\u00e1rio da Natureza Yerba Loca, um para\u00edso de biodiversidade. Em seguida, subir\u00e1 para Farellones e Valle Nevado, ideais [&hellip;]<\/p>\n","protected":false},"featured_media":4258,"template":"","meta":{"_acf_changed":false,"inline_featured_image":false},"product_brand":[],"product_cat":[48],"product_tag":[],"class_list":{"0":"post-4256","1":"product","2":"type-product","3":"status-publish","4":"has-post-thumbnail","6":"product_cat-experienciasx","8":"first","9":"instock","10":"virtual","11":"sold-individually","12":"purchasable","13":"product-type-booking"},"acf":[],"_links":{"self":[{"href":"https:\/\/www.experienciaslatam.com\/pt-br\/wp-json\/wp\/v2\/product\/4256","targetHints":{"allow":["GET"]}}],"collection":[{"href":"https:\/\/www.experienciaslatam.com\/pt-br\/wp-json\/wp\/v2\/product"}],"about":[{"href":"https:\/\/www.experienciaslatam.com\/pt-br\/wp-json\/wp\/v2\/types\/product"}],"wp:featuredmedia":[{"embeddable":true,"href":"https:\/\/www.experienciaslatam.com\/pt-br\/wp-json\/wp\/v2\/media\/4258"}],"wp:attachment":[{"href":"https:\/\/www.experienciaslatam.com\/pt-br\/wp-json\/wp\/v2\/media?parent=4256"}],"wp:term":[{"taxonomy":"product_brand","embeddable":true,"href":"https:\/\/www.experienciaslatam.com\/pt-br\/wp-json\/wp\/v2\/product_brand?post=4256"},{"taxonomy":"product_cat","embeddable":true,"href":"https:\/\/www.experienciaslatam.com\/pt-br\/wp-json\/wp\/v2\/product_cat?post=4256"},{"taxonomy":"product_tag","embeddable":true,"href":"https:\/\/www.experienciaslatam.com\/pt-br\/wp-json\/wp\/v2\/product_tag?post=4256"}],"curies":[{"name":"wp","href":"https:\/\/api.w.org\/{rel}","templated":true}]}}