{"id":5258,"date":"2025-02-17T11:50:05","date_gmt":"2025-02-17T16:50:05","guid":{"rendered":"https:\/\/experienciaslatam.com\/?post_type=product&#038;p=5258"},"modified":"2025-09-01T14:41:42","modified_gmt":"2025-09-01T19:41:42","slug":"mergulhe-na-cultura-e-na-cena-culinaria-do-bairro-urca-no-rio-de-janeiro-copy","status":"publish","type":"product","link":"https:\/\/www.experienciaslatam.com\/pt-br\/experienciasx\/mergulhe-na-cultura-e-na-cena-culinaria-do-bairro-urca-no-rio-de-janeiro-copy\/","title":{"rendered":"Mergulhe no Carnaval do Rio e na cena do samba em um tour exclusivo"},"content":{"rendered":"<p><span class=\"TextRun SCXW142233711 BCX0\" lang=\"ES-ES\" xml:lang=\"ES-ES\" data-contrast=\"auto\"><span class=\"NormalTextRun SCXW142233711 BCX0\">Descubra as <\/span><span class=\"NormalTextRun SpellingErrorV2Themed SCXW142233711 BCX0\">cores<\/span><span class=\"NormalTextRun SCXW142233711 BCX0\"> vibrantes do Carnaval do Rio de Janeiro, <\/span><span class=\"NormalTextRun SpellingErrorV2Themed SCXW142233711 BCX0\">suas<\/span> <span class=\"NormalTextRun SpellingErrorV2Themed SCXW142233711 BCX0\">dan\u00e7as<\/span><span class=\"NormalTextRun SCXW142233711 BCX0\"> de samba \u00fanicas e <\/span><span class=\"NormalTextRun SpellingErrorV2Themed SCXW142233711 BCX0\">seus<\/span> <span class=\"NormalTextRun SpellingErrorV2Themed SCXW142233711 BCX0\">processos<\/span> <span class=\"NormalTextRun SpellingErrorV2Themed SCXW142233711 BCX0\">criativos<\/span><span class=\"NormalTextRun SCXW142233711 BCX0\"> em <\/span><span class=\"NormalTextRun SpellingErrorV2Themed SCXW142233711 BCX0\">um<\/span><span class=\"NormalTextRun SCXW142233711 BCX0\"> tour exclusivo <\/span><span class=\"NormalTextRun SpellingErrorV2Themed SCXW142233711 BCX0\">com<\/span> <span class=\"NormalTextRun SpellingErrorV2Themed SCXW142233711 BCX0\">benef\u00edcios<\/span><span class=\"NormalTextRun SCXW142233711 BCX0\"> privilegiados. <\/span><span class=\"NormalTextRun SpellingErrorV2Themed SCXW142233711 BCX0\">Voc\u00ea<\/span> <span class=\"NormalTextRun SpellingErrorV2Themed SCXW142233711 BCX0\">come\u00e7ar\u00e1<\/span><span class=\"NormalTextRun SCXW142233711 BCX0\"> no centro, <\/span><span class=\"NormalTextRun SpellingErrorV2Themed SCXW142233711 BCX0\">na<\/span> <span class=\"NormalTextRun SpellingErrorV2Themed SCXW142233711 BCX0\">Cidade<\/span><span class=\"NormalTextRun SCXW142233711 BCX0\"> do Samba, <\/span><span class=\"NormalTextRun SpellingErrorV2Themed SCXW142233711 BCX0\">com<\/span> <span class=\"NormalTextRun SpellingErrorV2Themed SCXW142233711 BCX0\">uma<\/span> <span class=\"NormalTextRun SpellingErrorV2Themed SCXW142233711 BCX0\">caipirinha<\/span><span class=\"NormalTextRun SCXW142233711 BCX0\"> de boas-<\/span><span class=\"NormalTextRun SpellingErrorV2Themed SCXW142233711 BCX0\">vindas<\/span><span class=\"NormalTextRun SCXW142233711 BCX0\"> e <\/span><span class=\"NormalTextRun SpellingErrorV2Themed SCXW142233711 BCX0\">um<\/span><span class=\"NormalTextRun SCXW142233711 BCX0\"> grupo de <\/span><span class=\"NormalTextRun SpellingErrorV2Themed SCXW142233711 BCX0\">percuss\u00e3o<\/span><span class=\"NormalTextRun SCXW142233711 BCX0\"> que o <\/span><span class=\"NormalTextRun SpellingErrorV2Themed SCXW142233711 BCX0\">receber\u00e1<\/span><span class=\"NormalTextRun SCXW142233711 BCX0\"> no amplo <\/span><span class=\"NormalTextRun SpellingErrorV2Themed SCXW142233711 BCX0\">ateli\u00ea<\/span><span class=\"NormalTextRun SCXW142233711 BCX0\"> dos <\/span><span class=\"NormalTextRun SpellingErrorV2Themed SCXW142233711 BCX0\">Acad\u00eamicos<\/span><span class=\"NormalTextRun SCXW142233711 BCX0\"> da Grande Rio, onde aprender\u00e1 sobre a <\/span><span class=\"NormalTextRun SpellingErrorV2Themed SCXW142233711 BCX0\">hist\u00f3ria<\/span><span class=\"NormalTextRun SCXW142233711 BCX0\"> do samba <\/span><span class=\"NormalTextRun ContextualSpellingAndGrammarErrorV2Themed SCXW142233711 BCX0\">e<\/span><span class=\"NormalTextRun SCXW142233711 BCX0\"> do Carnaval. <\/span><span class=\"NormalTextRun SpellingErrorV2Themed SCXW142233711 BCX0\">Voc\u00ea<\/span> <span class=\"NormalTextRun SpellingErrorV2Themed SCXW142233711 BCX0\">ter\u00e1<\/span><span class=\"NormalTextRun SCXW142233711 BCX0\"> a rara <\/span><span class=\"NormalTextRun SpellingErrorV2Themed SCXW142233711 BCX0\">oportunidade<\/span><span class=\"NormalTextRun SCXW142233711 BCX0\"> de experimentar <\/span><span class=\"NormalTextRun SpellingErrorV2Themed SCXW142233711 BCX0\">fantasias<\/span> <span class=\"NormalTextRun SpellingErrorV2Themed SCXW142233711 BCX0\">aut\u00eanticas<\/span><span class=\"NormalTextRun SCXW142233711 BCX0\"> usadas em <\/span><span class=\"NormalTextRun SpellingErrorV2Themed SCXW142233711 BCX0\">celebra\u00e7\u00f5es<\/span><span class=\"NormalTextRun SCXW142233711 BCX0\"> anteriores <\/span><span class=\"NormalTextRun ContextualSpellingAndGrammarErrorV2Themed SCXW142233711 BCX0\">e<\/span><span class=\"NormalTextRun SCXW142233711 BCX0\"> ver onde os carros aleg\u00f3ricos do desfile <\/span><span class=\"NormalTextRun SpellingErrorV2Themed SCXW142233711 BCX0\">s\u00e3o<\/span><span class=\"NormalTextRun SCXW142233711 BCX0\"> fabricados, antes de <\/span><span class=\"NormalTextRun SpellingErrorV2Themed SCXW142233711 BCX0\">conhecer<\/span> <span class=\"NormalTextRun SpellingErrorV2Themed SCXW142233711 BCX0\">uma<\/span> <span class=\"NormalTextRun SpellingErrorV2Themed SCXW142233711 BCX0\">rainha<\/span><span class=\"NormalTextRun SCXW142233711 BCX0\"> do samba que se <\/span><span class=\"NormalTextRun SpellingErrorV2Themed SCXW142233711 BCX0\">apresentar\u00e1<\/span> <span class=\"NormalTextRun SpellingErrorV2Themed SCXW142233711 BCX0\">com<\/span> <span class=\"NormalTextRun SpellingErrorV2Themed SCXW142233711 BCX0\">um<\/span><span class=\"NormalTextRun SCXW142233711 BCX0\"> conjunto de m\u00fasicos que o convidar\u00e1 a participar de <\/span><span class=\"NormalTextRun SpellingErrorV2Themed SCXW142233711 BCX0\">uma<\/span><span class=\"NormalTextRun SCXW142233711 BCX0\"> aula de <\/span><span class=\"NormalTextRun SpellingErrorV2Themed SCXW142233711 BCX0\">dan\u00e7a<\/span><span class=\"NormalTextRun SCXW142233711 BCX0\"> tradicional e <\/span><span class=\"NormalTextRun SpellingErrorV2Themed SCXW142233711 BCX0\">fazer<\/span><span class=\"NormalTextRun SCXW142233711 BCX0\"> parte do <\/span><span class=\"NormalTextRun SpellingErrorV2Themed SCXW142233711 BCX0\">espet\u00e1culo<\/span><span class=\"NormalTextRun SCXW142233711 BCX0\">. <\/span><span class=\"NormalTextRun SpellingErrorV2Themed SCXW142233711 BCX0\">Depois<\/span><span class=\"NormalTextRun SCXW142233711 BCX0\">, <\/span><span class=\"NormalTextRun SpellingErrorV2Themed SCXW142233711 BCX0\">voc\u00ea<\/span><span class=\"NormalTextRun SCXW142233711 BCX0\"> se dirigir\u00e1 <\/span><span class=\"NormalTextRun SpellingErrorV2Themed SCXW142233711 BCX0\">ao<\/span> <span class=\"NormalTextRun SpellingErrorV2Themed SCXW142233711 BCX0\">bairro<\/span><span class=\"NormalTextRun SCXW142233711 BCX0\"> da Lapa, <\/span><span class=\"NormalTextRun SpellingErrorV2Themed SCXW142233711 BCX0\">conhecido<\/span><span class=\"NormalTextRun SCXW142233711 BCX0\"> por ter <\/span><span class=\"NormalTextRun SpellingErrorV2Themed SCXW142233711 BCX0\">um<\/span><span class=\"NormalTextRun SCXW142233711 BCX0\"> bar de samba em cada esquina, para desfrutar de <\/span><span class=\"NormalTextRun SpellingErrorV2Themed SCXW142233711 BCX0\">um<\/span><span class=\"NormalTextRun SCXW142233711 BCX0\"> aperitivo e <\/span><span class=\"NormalTextRun SpellingErrorV2Themed SCXW142233711 BCX0\">uma<\/span> <span class=\"NormalTextRun SpellingErrorV2Themed SCXW142233711 BCX0\">caipirinha<\/span><span class=\"NormalTextRun SCXW142233711 BCX0\"> de <\/span><span class=\"NormalTextRun SpellingErrorV2Themed SCXW142233711 BCX0\">cortesia<\/span><span class=\"NormalTextRun SCXW142233711 BCX0\"> no Carioca da Gema, <\/span><span class=\"NormalTextRun SpellingErrorV2Themed SCXW142233711 BCX0\">um<\/span><span class=\"NormalTextRun SCXW142233711 BCX0\"> bar popular onde <\/span><span class=\"NormalTextRun SpellingErrorV2Themed SCXW142233711 BCX0\">voc\u00ea<\/span> <span class=\"NormalTextRun SpellingErrorV2Themed SCXW142233711 BCX0\">assistir\u00e1<\/span><span class=\"NormalTextRun SCXW142233711 BCX0\"> a <\/span><span class=\"NormalTextRun SpellingErrorV2Themed SCXW142233711 BCX0\">apresenta\u00e7\u00f5es<\/span><span class=\"NormalTextRun SCXW142233711 BCX0\"> dos <\/span><span class=\"NormalTextRun SpellingErrorV2Themed SCXW142233711 BCX0\">melhores<\/span><span class=\"NormalTextRun SCXW142233711 BCX0\"> artistas de samba. Exclusivamente para titulares de <\/span><span class=\"NormalTextRun SpellingErrorV2Themed SCXW142233711 BCX0\">Mastercard<\/span><span class=\"NormalTextRun SCXW142233711 BCX0\">.<\/span><\/span><span class=\"EOP SCXW142233711 BCX0\" data-ccp-props=\"{}\">\u00a0<\/span><\/p>\n","protected":false},"excerpt":{"rendered":"<p>Descubra as cores vibrantes do Carnaval do Rio de Janeiro, suas dan\u00e7as de samba \u00fanicas e seus processos criativos em um tour exclusivo com benef\u00edcios privilegiados. Voc\u00ea come\u00e7ar\u00e1 no centro, na Cidade do Samba, com uma caipirinha de boas-vindas e um grupo de percuss\u00e3o que o receber\u00e1 no amplo ateli\u00ea dos Acad\u00eamicos da Grande Rio, [&hellip;]<\/p>\n","protected":false},"featured_media":5288,"template":"","meta":{"_acf_changed":false,"inline_featured_image":false},"product_brand":[],"product_cat":[48],"product_tag":[],"class_list":{"0":"post-5258","1":"product","2":"type-product","3":"status-publish","4":"has-post-thumbnail","6":"product_cat-experienciasx","8":"first","9":"instock","10":"virtual","11":"sold-individually","12":"purchasable","13":"product-type-booking"},"acf":[],"_links":{"self":[{"href":"https:\/\/www.experienciaslatam.com\/pt-br\/wp-json\/wp\/v2\/product\/5258","targetHints":{"allow":["GET"]}}],"collection":[{"href":"https:\/\/www.experienciaslatam.com\/pt-br\/wp-json\/wp\/v2\/product"}],"about":[{"href":"https:\/\/www.experienciaslatam.com\/pt-br\/wp-json\/wp\/v2\/types\/product"}],"wp:featuredmedia":[{"embeddable":true,"href":"https:\/\/www.experienciaslatam.com\/pt-br\/wp-json\/wp\/v2\/media\/5288"}],"wp:attachment":[{"href":"https:\/\/www.experienciaslatam.com\/pt-br\/wp-json\/wp\/v2\/media?parent=5258"}],"wp:term":[{"taxonomy":"product_brand","embeddable":true,"href":"https:\/\/www.experienciaslatam.com\/pt-br\/wp-json\/wp\/v2\/product_brand?post=5258"},{"taxonomy":"product_cat","embeddable":true,"href":"https:\/\/www.experienciaslatam.com\/pt-br\/wp-json\/wp\/v2\/product_cat?post=5258"},{"taxonomy":"product_tag","embeddable":true,"href":"https:\/\/www.experienciaslatam.com\/pt-br\/wp-json\/wp\/v2\/product_tag?post=5258"}],"curies":[{"name":"wp","href":"https:\/\/api.w.org\/{rel}","templated":true}]}}