{"id":5880,"date":"2025-04-14T16:26:22","date_gmt":"2025-04-14T21:26:22","guid":{"rendered":"https:\/\/experienciaslatam.com\/?post_type=product&#038;p=5880"},"modified":"2025-04-15T12:08:19","modified_gmt":"2025-04-15T17:08:19","slug":"desfrute-de-um-menu-degustacao-sustentavel-e-conheca-o-chef-em-um-local-destacado-de-medellin","status":"publish","type":"product","link":"https:\/\/www.experienciaslatam.com\/pt-br\/experienciasx\/desfrute-de-um-menu-degustacao-sustentavel-e-conheca-o-chef-em-um-local-destacado-de-medellin\/","title":{"rendered":"Desfrute de um menu degusta\u00e7\u00e3o sustent\u00e1vel e conhe\u00e7a o chef em um local destacado de Medell\u00edn"},"content":{"rendered":"<p><span class=\"TextRun SCXW264140725 BCX0\" lang=\"ES-ES\" xml:lang=\"ES-ES\" data-contrast=\"auto\"><span class=\"NormalTextRun SpellingErrorV2Themed SCXW264140725 BCX0\">Delicie<\/span><span class=\"NormalTextRun SCXW264140725 BCX0\">-se <\/span><span class=\"NormalTextRun SpellingErrorV2Themed SCXW264140725 BCX0\">com<\/span> <span class=\"NormalTextRun SpellingErrorV2Themed SCXW264140725 BCX0\">um<\/span> <span class=\"NormalTextRun SpellingErrorV2Themed SCXW264140725 BCX0\">menu<\/span> <span class=\"NormalTextRun SpellingErrorV2Themed SCXW264140725 BCX0\">degusta\u00e7\u00e3o<\/span><span class=\"NormalTextRun SCXW264140725 BCX0\"> gourmet <\/span><span class=\"NormalTextRun SpellingErrorV2Themed SCXW264140725 BCX0\">sem<\/span> <span class=\"NormalTextRun SpellingErrorV2Themed SCXW264140725 BCX0\">desperd\u00edcios<\/span><span class=\"NormalTextRun SCXW264140725 BCX0\"> no Restaurante <\/span><span class=\"NormalTextRun SpellingErrorV2Themed SCXW264140725 BCX0\">Zombra<\/span><span class=\"NormalTextRun SCXW264140725 BCX0\"> e <\/span><span class=\"NormalTextRun SpellingErrorV2Themed SCXW264140725 BCX0\">conhe\u00e7a<\/span> <span class=\"NormalTextRun SpellingErrorV2Themed SCXW264140725 BCX0\">seu<\/span><span class=\"NormalTextRun SCXW264140725 BCX0\"> chef ecol\u00f3gico. <\/span><span class=\"NormalTextRun SpellingErrorV2Themed SCXW264140725 BCX0\">Voc\u00ea<\/span><span class=\"NormalTextRun SCXW264140725 BCX0\"> desfrutar\u00e1 de <\/span><span class=\"NormalTextRun SpellingErrorV2Themed SCXW264140725 BCX0\">uma<\/span><span class=\"NormalTextRun SCXW264140725 BCX0\"> deliciosa <\/span><span class=\"NormalTextRun SpellingErrorV2Themed SCXW264140725 BCX0\">refei\u00e7\u00e3o<\/span> <span class=\"NormalTextRun SpellingErrorV2Themed SCXW264140725 BCX0\">neste<\/span><span class=\"NormalTextRun SCXW264140725 BCX0\"> popular local de Medell\u00edn, <\/span><span class=\"NormalTextRun SpellingErrorV2Themed SCXW264140725 BCX0\">conhecido<\/span><span class=\"NormalTextRun SCXW264140725 BCX0\"> por mostrar <\/span><span class=\"NormalTextRun SpellingErrorV2Themed SCXW264140725 BCX0\">produtos<\/span> <span class=\"NormalTextRun SpellingErrorV2Themed SCXW264140725 BCX0\">locais<\/span><span class=\"NormalTextRun SCXW264140725 BCX0\"> e <\/span><span class=\"NormalTextRun SpellingErrorV2Themed SCXW264140725 BCX0\">especiarias<\/span><span class=\"NormalTextRun SCXW264140725 BCX0\"> em <\/span><span class=\"NormalTextRun SpellingErrorV2Themed SCXW264140725 BCX0\">uma<\/span><span class=\"NormalTextRun SCXW264140725 BCX0\"> diversa <\/span><span class=\"NormalTextRun SpellingErrorV2Themed SCXW264140725 BCX0\">variedade<\/span><span class=\"NormalTextRun SCXW264140725 BCX0\"> de <\/span><span class=\"NormalTextRun SpellingErrorV2Themed SCXW264140725 BCX0\">pratos<\/span><span class=\"NormalTextRun SCXW264140725 BCX0\">, onde <\/span><span class=\"NormalTextRun SpellingErrorV2Themed SCXW264140725 BCX0\">conhecer\u00e1<\/span><span class=\"NormalTextRun SCXW264140725 BCX0\"> o chef <strong><span class=\"TextRun MacChromeBold SCXW254135863 BCX0\" lang=\"EN-US\" xml:lang=\"EN-US\" data-contrast=\"auto\"><span class=\"NormalTextRun SCXW254135863 BCX0\">Pablo Naranjo<\/span><\/span><\/strong>, que <\/span><span class=\"NormalTextRun SpellingErrorV2Themed SCXW264140725 BCX0\">compartilhar\u00e1<\/span><span class=\"NormalTextRun SCXW264140725 BCX0\"> os <\/span><span class=\"NormalTextRun SpellingErrorV2Themed SCXW264140725 BCX0\">segredos<\/span><span class=\"NormalTextRun SCXW264140725 BCX0\"> de <\/span><span class=\"NormalTextRun SpellingErrorV2Themed SCXW264140725 BCX0\">sua<\/span> <span class=\"NormalTextRun SpellingErrorV2Themed SCXW264140725 BCX0\">abordagem<\/span> <span class=\"NormalTextRun SpellingErrorV2Themed SCXW264140725 BCX0\">sustent\u00e1vel<\/span><span class=\"NormalTextRun SCXW264140725 BCX0\"> para minimizar expertamente o <\/span><span class=\"NormalTextRun SpellingErrorV2Themed SCXW264140725 BCX0\">desperd\u00edcio<\/span><span class=\"NormalTextRun SCXW264140725 BCX0\"> de alimentos utilizando cada parte de cada ingrediente. <\/span><span class=\"NormalTextRun SpellingErrorV2Themed SCXW264140725 BCX0\">Al\u00e9m<\/span> <span class=\"NormalTextRun SpellingErrorV2Themed SCXW264140725 BCX0\">disso<\/span><span class=\"NormalTextRun SCXW264140725 BCX0\">, <\/span><span class=\"NormalTextRun SpellingErrorV2Themed SCXW264140725 BCX0\">voc\u00ea<\/span> <span class=\"NormalTextRun SpellingErrorV2Themed SCXW264140725 BCX0\">receber\u00e1<\/span> <span class=\"NormalTextRun SpellingErrorV2Themed SCXW264140725 BCX0\">um<\/span><span class=\"NormalTextRun SCXW264140725 BCX0\"> presente para <\/span><span class=\"NormalTextRun ContextualSpellingAndGrammarErrorV2Themed SCXW264140725 BCX0\">levar<\/span><span class=\"NormalTextRun SCXW264140725 BCX0\"> para casa: <\/span><span class=\"NormalTextRun SpellingErrorV2Themed SCXW264140725 BCX0\">dois<\/span><span class=\"NormalTextRun SCXW264140725 BCX0\"> frascos de condimentos \u00fanicos <\/span><span class=\"NormalTextRun SpellingErrorV2Themed SCXW264140725 BCX0\">feitos<\/span> <span class=\"NormalTextRun SpellingErrorV2Themed SCXW264140725 BCX0\">com<\/span><span class=\"NormalTextRun SCXW264140725 BCX0\"> cascas de c\u00edtricos arom\u00e1ticos, <\/span><span class=\"NormalTextRun SpellingErrorV2Themed SCXW264140725 BCX0\">um<\/span><span class=\"NormalTextRun SCXW264140725 BCX0\"> dos ingredientes <\/span><span class=\"NormalTextRun SpellingErrorV2Themed SCXW264140725 BCX0\">mais<\/span> <span class=\"NormalTextRun SpellingErrorV2Themed SCXW264140725 BCX0\">comumente<\/span> <span class=\"NormalTextRun SpellingErrorV2Themed SCXW264140725 BCX0\">desperdi\u00e7ados<\/span><span class=\"NormalTextRun SCXW264140725 BCX0\">, <\/span><span class=\"NormalTextRun SpellingErrorV2Themed SCXW264140725 BCX0\">incluindo<\/span> <span class=\"NormalTextRun SpellingErrorV2Themed SCXW264140725 BCX0\">um<\/span><span class=\"NormalTextRun SCXW264140725 BCX0\"> delicioso mandarino lime <\/span><span class=\"NormalTextRun SpellingErrorV2Themed SCXW264140725 BCX0\">kosho<\/span><span class=\"NormalTextRun SCXW264140725 BCX0\">, junto <\/span><span class=\"NormalTextRun SpellingErrorV2Themed SCXW264140725 BCX0\">com<\/span> <span class=\"NormalTextRun SpellingErrorV2Themed SCXW264140725 BCX0\">instru\u00e7\u00f5es<\/span> <span class=\"NormalTextRun SpellingErrorV2Themed SCXW264140725 BCX0\">f\u00e1ceis<\/span><span class=\"NormalTextRun SCXW264140725 BCX0\"> sobre como recriar as <\/span><span class=\"NormalTextRun SpellingErrorV2Themed SCXW264140725 BCX0\">receitas<\/span><span class=\"NormalTextRun SCXW264140725 BCX0\"> em casa e <\/span><span class=\"NormalTextRun SpellingErrorV2Themed SCXW264140725 BCX0\">us\u00e1<\/span><span class=\"NormalTextRun SCXW264140725 BCX0\">-las de diversas <\/span><span class=\"NormalTextRun SpellingErrorV2Themed SCXW264140725 BCX0\">maneiras<\/span><span class=\"NormalTextRun SCXW264140725 BCX0\">. Exclusivo para portadores de <\/span><span class=\"NormalTextRun SpellingErrorV2Themed SCXW264140725 BCX0\">cart\u00f5es<\/span> <span class=\"NormalTextRun SpellingErrorV2Themed SCXW264140725 BCX0\">Mastercard<\/span><span class=\"NormalTextRun SCXW264140725 BCX0\">.<\/span><\/span><span class=\"EOP SCXW264140725 BCX0\" data-ccp-props=\"{}\">\u00a0<\/span><\/p>\n","protected":false},"excerpt":{"rendered":"<p>Delicie-se com um menu degusta\u00e7\u00e3o gourmet sem desperd\u00edcios no Restaurante Zombra e conhe\u00e7a seu chef ecol\u00f3gico. Voc\u00ea desfrutar\u00e1 de uma deliciosa refei\u00e7\u00e3o neste popular local de Medell\u00edn, conhecido por mostrar produtos locais e especiarias em uma diversa variedade de pratos, onde conhecer\u00e1 o chef Pablo Naranjo, que compartilhar\u00e1 os segredos de sua abordagem sustent\u00e1vel para [&hellip;]<\/p>\n","protected":false},"featured_media":5929,"template":"","meta":{"_acf_changed":false,"inline_featured_image":false},"product_brand":[],"product_cat":[48],"product_tag":[],"class_list":{"0":"post-5880","1":"product","2":"type-product","3":"status-publish","4":"has-post-thumbnail","6":"product_cat-experienciasx","8":"first","9":"instock","10":"virtual","11":"sold-individually","12":"purchasable","13":"product-type-booking"},"acf":[],"_links":{"self":[{"href":"https:\/\/www.experienciaslatam.com\/pt-br\/wp-json\/wp\/v2\/product\/5880","targetHints":{"allow":["GET"]}}],"collection":[{"href":"https:\/\/www.experienciaslatam.com\/pt-br\/wp-json\/wp\/v2\/product"}],"about":[{"href":"https:\/\/www.experienciaslatam.com\/pt-br\/wp-json\/wp\/v2\/types\/product"}],"wp:featuredmedia":[{"embeddable":true,"href":"https:\/\/www.experienciaslatam.com\/pt-br\/wp-json\/wp\/v2\/media\/5929"}],"wp:attachment":[{"href":"https:\/\/www.experienciaslatam.com\/pt-br\/wp-json\/wp\/v2\/media?parent=5880"}],"wp:term":[{"taxonomy":"product_brand","embeddable":true,"href":"https:\/\/www.experienciaslatam.com\/pt-br\/wp-json\/wp\/v2\/product_brand?post=5880"},{"taxonomy":"product_cat","embeddable":true,"href":"https:\/\/www.experienciaslatam.com\/pt-br\/wp-json\/wp\/v2\/product_cat?post=5880"},{"taxonomy":"product_tag","embeddable":true,"href":"https:\/\/www.experienciaslatam.com\/pt-br\/wp-json\/wp\/v2\/product_tag?post=5880"}],"curies":[{"name":"wp","href":"https:\/\/api.w.org\/{rel}","templated":true}]}}