{"id":7045,"date":"2025-06-19T15:08:05","date_gmt":"2025-06-19T20:08:05","guid":{"rendered":"https:\/\/experienciaslatam.com\/?post_type=product&#038;p=7045"},"modified":"2026-03-26T11:41:55","modified_gmt":"2026-03-26T16:41:55","slug":"embarque-em-um-tour-guiado-de-comida-e-bebida-pelos-bares-do-rio-com-um-especialista-local","status":"publish","type":"product","link":"https:\/\/www.experienciaslatam.com\/pt-br\/experienciasx\/embarque-em-um-tour-guiado-de-comida-e-bebida-pelos-bares-do-rio-com-um-especialista-local\/","title":{"rendered":"Embarque em um tour guiado de comida e bebida pelos bares do Rio com um especialista local"},"content":{"rendered":"<p><span data-contrast=\"auto\">Mergulhe na cena dos bares do Rio em um tour privado de degusta\u00e7\u00e3o por Copacabana e Leme com o especialista local Murillo Pijnappel Moreira. Voc\u00ea visitar\u00e1 quatro locais, come\u00e7ando pelo \u201cBar do David\u201d na favela Chap\u00e9u Mangueira, onde conhecer\u00e1 o propriet\u00e1rio e experimentar\u00e1 seus famosos petiscos acompanhados da cl\u00e1ssica cerveja brasileira gelada. Em seguida, continuar\u00e1 para outro bar escolhido pelo seu guia no bairro do Leme, com mais combina\u00e7\u00f5es de comidas e bebidas que refletem a rica heran\u00e7a culin\u00e1ria da cidade.<\/span><span data-ccp-props=\"{}\">\u00a0<\/span><\/p>\n<p><span data-contrast=\"auto\">Depois, voc\u00ea passear\u00e1 pela pitoresca orla para ver pontos hist\u00f3ricos como o Copacabana Palace, a Pra\u00e7a do Lido, o Beco das Garrafas e a primeira rua de Copacabana, enquanto seu guia compartilha hist\u00f3rias sobre o passado do Rio. O passeio termina com visitas a dois bares hist\u00f3ricos de influ\u00eancia portuguesa,<\/span><\/p>\n","protected":false},"excerpt":{"rendered":"<p>Mergulhe na cena dos bares do Rio em um tour privado de degusta\u00e7\u00e3o por Copacabana e Leme com o especialista local Murillo Pijnappel Moreira. Voc\u00ea visitar\u00e1 quatro locais, come\u00e7ando pelo \u201cBar do David\u201d na favela Chap\u00e9u Mangueira, onde conhecer\u00e1 o propriet\u00e1rio e experimentar\u00e1 seus famosos petiscos acompanhados da cl\u00e1ssica cerveja brasileira gelada. Em seguida, continuar\u00e1 [&hellip;]<\/p>\n","protected":false},"featured_media":7047,"template":"","meta":{"_acf_changed":false,"inline_featured_image":false},"product_brand":[],"product_cat":[48],"product_tag":[],"class_list":{"0":"post-7045","1":"product","2":"type-product","3":"status-publish","4":"has-post-thumbnail","6":"product_cat-experienciasx","8":"first","9":"instock","10":"virtual","11":"sold-individually","12":"purchasable","13":"product-type-booking"},"acf":[],"_links":{"self":[{"href":"https:\/\/www.experienciaslatam.com\/pt-br\/wp-json\/wp\/v2\/product\/7045","targetHints":{"allow":["GET"]}}],"collection":[{"href":"https:\/\/www.experienciaslatam.com\/pt-br\/wp-json\/wp\/v2\/product"}],"about":[{"href":"https:\/\/www.experienciaslatam.com\/pt-br\/wp-json\/wp\/v2\/types\/product"}],"wp:featuredmedia":[{"embeddable":true,"href":"https:\/\/www.experienciaslatam.com\/pt-br\/wp-json\/wp\/v2\/media\/7047"}],"wp:attachment":[{"href":"https:\/\/www.experienciaslatam.com\/pt-br\/wp-json\/wp\/v2\/media?parent=7045"}],"wp:term":[{"taxonomy":"product_brand","embeddable":true,"href":"https:\/\/www.experienciaslatam.com\/pt-br\/wp-json\/wp\/v2\/product_brand?post=7045"},{"taxonomy":"product_cat","embeddable":true,"href":"https:\/\/www.experienciaslatam.com\/pt-br\/wp-json\/wp\/v2\/product_cat?post=7045"},{"taxonomy":"product_tag","embeddable":true,"href":"https:\/\/www.experienciaslatam.com\/pt-br\/wp-json\/wp\/v2\/product_tag?post=7045"}],"curies":[{"name":"wp","href":"https:\/\/api.w.org\/{rel}","templated":true}]}}