{"id":7518,"date":"2025-07-29T09:10:46","date_gmt":"2025-07-29T14:10:46","guid":{"rendered":"https:\/\/experienciaslatam.com\/?post_type=product&#038;p=7518"},"modified":"2025-07-30T16:38:38","modified_gmt":"2025-07-30T21:38:38","slug":"deixe-seu-filho-entrar-em-campo-na-conmebol-libertadores-velez-sarsfield-vs-fortaleza","status":"publish","type":"product","link":"https:\/\/www.experienciaslatam.com\/pt-br\/experienciasx\/deixe-seu-filho-entrar-em-campo-na-conmebol-libertadores-velez-sarsfield-vs-fortaleza\/","title":{"rendered":"Deixe seu filho entrar em campo na CONMEBOL Libertadores: V\u00e9lez Sarsfield vs Fortaleza"},"content":{"rendered":"<p><span class=\"EOP SCXW46791976 BCX0\" data-ccp-props=\"{&quot;134233117&quot;:false,&quot;134233118&quot;:false,&quot;335559738&quot;:240,&quot;335559739&quot;:240}\"><span class=\"TextRun SCXW128505803 BCX0\" lang=\"ES-CL\" xml:lang=\"ES-CL\" data-contrast=\"auto\"><span class=\"NormalTextRun SpellingErrorV2Themed SCXW128505803 BCX0\">Com<\/span><span class=\"NormalTextRun SCXW128505803 BCX0\"> a compra do kit oficial de <\/span><span class=\"NormalTextRun SpellingErrorV2Themed SCXW128505803 BCX0\">capit\u00e3o<\/span> <span class=\"NormalTextRun SpellingErrorV2Themed SCXW128505803 BCX0\">honor\u00e1rio<\/span><span class=\"NormalTextRun SCXW128505803 BCX0\">, <\/span><span class=\"NormalTextRun SpellingErrorV2Themed SCXW128505803 BCX0\">voc\u00ea<\/span><span class=\"NormalTextRun SCXW128505803 BCX0\"> e <\/span><span class=\"NormalTextRun SpellingErrorV2Themed SCXW128505803 BCX0\">seu<\/span> <span class=\"NormalTextRun SpellingErrorV2Themed SCXW128505803 BCX0\">filho<\/span> <span class=\"NormalTextRun SpellingErrorV2Themed SCXW128505803 BCX0\">v\u00e3o<\/span> <span class=\"NormalTextRun SpellingErrorV2Themed SCXW128505803 BCX0\">viver<\/span> <span class=\"NormalTextRun SpellingErrorV2Themed SCXW128505803 BCX0\">uma<\/span> <span class=\"NormalTextRun SpellingErrorV2Themed SCXW128505803 BCX0\">experi\u00eancia<\/span><span class=\"NormalTextRun SCXW128505803 BCX0\"> \u00fanica <\/span><span class=\"NormalTextRun SpellingErrorV2Themed SCXW128505803 BCX0\">na<\/span><span class=\"NormalTextRun SCXW128505803 BCX0\"> CONMEBOL Libertadores, durante o <\/span><span class=\"NormalTextRun SpellingErrorV2Themed SCXW128505803 BCX0\">jogo<\/span><span class=\"NormalTextRun SCXW128505803 BCX0\"> das <\/span><span class=\"NormalTextRun SpellingErrorV2Themed SCXW128505803 BCX0\">oitavas<\/span><span class=\"NormalTextRun SCXW128505803 BCX0\"> de final entre V\u00e9lez Sarsfield e Fortaleza, no <\/span><span class=\"NormalTextRun SpellingErrorV2Themed SCXW128505803 BCX0\">dia<\/span><span class=\"NormalTextRun SCXW128505803 BCX0\"> 19 de agosto, em Buenos Aires. <\/span><span class=\"NormalTextRun SpellingErrorV2Themed SCXW128505803 BCX0\">Voc\u00eas<\/span> <span class=\"NormalTextRun SpellingErrorV2Themed SCXW128505803 BCX0\">chegar\u00e3o<\/span><span class=\"NormalTextRun SCXW128505803 BCX0\"> em <\/span><span class=\"NormalTextRun SpellingErrorV2Themed SCXW128505803 BCX0\">um<\/span><span class=\"NormalTextRun SCXW128505803 BCX0\"> carro de luxo e <\/span><span class=\"NormalTextRun SpellingErrorV2Themed SCXW128505803 BCX0\">receber\u00e3o<\/span> <span class=\"NormalTextRun SpellingErrorV2Themed SCXW128505803 BCX0\">v\u00e1rios<\/span><span class=\"NormalTextRun SCXW128505803 BCX0\"> presentes: uniforme <\/span><span class=\"NormalTextRun SpellingErrorV2Themed SCXW128505803 BCX0\">co-branded<\/span><span class=\"NormalTextRun SCXW128505803 BCX0\">, mochila, <\/span><span class=\"NormalTextRun SpellingErrorV2Themed SCXW128505803 BCX0\">cart\u00e3o<\/span> <span class=\"NormalTextRun SpellingErrorV2Themed SCXW128505803 BCX0\">pr\u00e9<\/span><span class=\"NormalTextRun SCXW128505803 BCX0\">-pago <\/span><span class=\"NormalTextRun SpellingErrorV2Themed SCXW128505803 BCX0\">Mastercard<\/span><span class=\"NormalTextRun SCXW128505803 BCX0\"> de USD $200 e brindes <\/span><span class=\"NormalTextRun SpellingErrorV2Themed SCXW128505803 BCX0\">oficiais<\/span><span class=\"NormalTextRun SCXW128505803 BCX0\"> da CONMEBOL Libertadores. <\/span><span class=\"NormalTextRun SpellingErrorV2Themed SCXW128505803 BCX0\">Cortesia<\/span><span class=\"NormalTextRun SCXW128505803 BCX0\"> da <\/span><span class=\"NormalTextRun SpellingErrorV2Themed SCXW128505803 BCX0\">Mastercard<\/span><span class=\"NormalTextRun SCXW128505803 BCX0\">, <\/span><span class=\"NormalTextRun SpellingErrorV2Themed SCXW128505803 BCX0\">seu<\/span> <span class=\"NormalTextRun SpellingErrorV2Themed SCXW128505803 BCX0\">filho<\/span><span class=\"NormalTextRun SCXW128505803 BCX0\"> entrar\u00e1 em campo <\/span><span class=\"NormalTextRun SpellingErrorV2Themed SCXW128505803 BCX0\">com<\/span><span class=\"NormalTextRun SCXW128505803 BCX0\"> os <\/span><span class=\"NormalTextRun SpellingErrorV2Themed SCXW128505803 BCX0\">capit\u00e3es<\/span><span class=\"NormalTextRun SCXW128505803 BCX0\"> e \u00e1rbitros <\/span><span class=\"NormalTextRun SpellingErrorV2Themed SCXW128505803 BCX0\">na<\/span> <span class=\"NormalTextRun SpellingErrorV2Themed SCXW128505803 BCX0\">cerim\u00f4nia<\/span><span class=\"NormalTextRun SCXW128505803 BCX0\"> de abertura, e <\/span><span class=\"NormalTextRun SpellingErrorV2Themed SCXW128505803 BCX0\">depois<\/span> <span class=\"NormalTextRun SpellingErrorV2Themed SCXW128505803 BCX0\">voc\u00eas<\/span> <span class=\"NormalTextRun SpellingErrorV2Themed SCXW128505803 BCX0\">assistir\u00e3o<\/span> <span class=\"NormalTextRun SpellingErrorV2Themed SCXW128505803 BCX0\">ao<\/span> <span class=\"NormalTextRun SpellingErrorV2Themed SCXW128505803 BCX0\">jogo<\/span><span class=\"NormalTextRun SCXW128505803 BCX0\"> juntos em <\/span><span class=\"NormalTextRun SpellingErrorV2Themed SCXW128505803 BCX0\">assentos<\/span><span class=\"NormalTextRun SCXW128505803 BCX0\"> de <\/span><span class=\"NormalTextRun SpellingErrorV2Themed SCXW128505803 BCX0\">cortesia<\/span> <span class=\"NormalTextRun SpellingErrorV2Themed SCXW128505803 BCX0\">na<\/span> <span class=\"NormalTextRun SpellingErrorV2Themed SCXW128505803 BCX0\">Categoria<\/span><span class=\"NormalTextRun SCXW128505803 BCX0\"> 1. <\/span><span class=\"NormalTextRun SpellingErrorV2Themed SCXW128505803 BCX0\">Tamb\u00e9m<\/span> <span class=\"NormalTextRun SpellingErrorV2Themed SCXW128505803 BCX0\">ter\u00e3o<\/span> <span class=\"NormalTextRun SpellingErrorV2Themed SCXW128505803 BCX0\">acesso<\/span><span class=\"NormalTextRun SCXW128505803 BCX0\"> \u00e0 \u00e1rea de <\/span><span class=\"NormalTextRun SpellingErrorV2Themed SCXW128505803 BCX0\">hospitalidade<\/span><span class=\"NormalTextRun SCXW128505803 BCX0\"> do Libertadores Club, <\/span><span class=\"NormalTextRun SpellingErrorV2Themed SCXW128505803 BCX0\">com<\/span><span class=\"NormalTextRun SCXW128505803 BCX0\"> snacks <\/span><span class=\"NormalTextRun ContextualSpellingAndGrammarErrorV2Themed SCXW128505803 BCX0\">e<\/span><span class=\"NormalTextRun SCXW128505803 BCX0\"> bebidas <\/span><span class=\"NormalTextRun SpellingErrorV2Themed SCXW128505803 BCX0\">inclu\u00eddos<\/span><span class=\"NormalTextRun SCXW128505803 BCX0\">, e <\/span><span class=\"NormalTextRun SpellingErrorV2Themed SCXW128505803 BCX0\">um<\/span> <span class=\"NormalTextRun SpellingErrorV2Themed SCXW128505803 BCX0\">anfitri\u00e3o<\/span> <span class=\"NormalTextRun SpellingErrorV2Themed SCXW128505803 BCX0\">acompanhar\u00e1<\/span> <span class=\"NormalTextRun SpellingErrorV2Themed SCXW128505803 BCX0\">seu<\/span> <span class=\"NormalTextRun SpellingErrorV2Themed SCXW128505803 BCX0\">filho<\/span><span class=\"NormalTextRun SCXW128505803 BCX0\"> durante toda a <\/span><span class=\"NormalTextRun SpellingErrorV2Themed SCXW128505803 BCX0\">experi\u00eancia<\/span><span class=\"NormalTextRun SCXW128505803 BCX0\"> em campo.<\/span><\/span><span class=\"LineBreakBlob BlobObject DragDrop SCXW128505803 BCX0\"><span class=\"SCXW128505803 BCX0\">\u00a0<\/span><br class=\"SCXW128505803 BCX0\" \/><\/span><span class=\"TextRun SCXW128505803 BCX0\" lang=\"ES-CL\" xml:lang=\"ES-CL\" data-contrast=\"auto\"><span class=\"NormalTextRun SCXW128505803 BCX0\"> Exclusivo para portadores de <\/span><span class=\"NormalTextRun SpellingErrorV2Themed SCXW128505803 BCX0\">cart\u00e3o<\/span> <span class=\"NormalTextRun SpellingErrorV2Themed SCXW128505803 BCX0\">Mastercard<\/span><span class=\"NormalTextRun SCXW128505803 BCX0\">.<\/span><\/span><span class=\"EOP SCXW128505803 BCX0\" data-ccp-props=\"{&quot;134233117&quot;:false,&quot;134233118&quot;:false,&quot;335551550&quot;:0,&quot;335551620&quot;:0,&quot;335559738&quot;:240,&quot;335559739&quot;:240}\">\u00a0<\/span><\/span><\/p>\n<p><strong>\u00bfO que \u00e9 priceless?<\/strong><\/p>\n<p><span class=\"NormalTextRun SCXW197691025 BCX0\"> Gritar <\/span><span class=\"NormalTextRun SpellingErrorV2Themed SCXW197691025 BCX0\">com<\/span> <span class=\"NormalTextRun SpellingErrorV2Themed SCXW197691025 BCX0\">orgulho<\/span><span class=\"NormalTextRun SCXW197691025 BCX0\"> pelo menor em campo.<\/span><\/p>\n","protected":false},"excerpt":{"rendered":"<p>Com a compra do kit oficial de capit\u00e3o honor\u00e1rio, voc\u00ea e seu filho v\u00e3o viver uma experi\u00eancia \u00fanica na CONMEBOL Libertadores, durante o jogo das oitavas de final entre V\u00e9lez Sarsfield e Fortaleza, no dia 19 de agosto, em Buenos Aires. Voc\u00eas chegar\u00e3o em um carro de luxo e receber\u00e3o v\u00e1rios presentes: uniforme co-branded, mochila, [&hellip;]<\/p>\n","protected":false},"featured_media":7580,"template":"","meta":{"_acf_changed":false,"inline_featured_image":false},"product_brand":[],"product_cat":[48,54],"product_tag":[],"class_list":{"0":"post-7518","1":"product","2":"type-product","3":"status-publish","4":"has-post-thumbnail","6":"product_cat-experienciasx","7":"product_cat-libertadoresx","9":"first","10":"instock","11":"sold-individually","12":"shipping-taxable","13":"purchasable","14":"product-type-variable","15":"has-default-attributes"},"acf":[],"_links":{"self":[{"href":"https:\/\/www.experienciaslatam.com\/pt-br\/wp-json\/wp\/v2\/product\/7518","targetHints":{"allow":["GET"]}}],"collection":[{"href":"https:\/\/www.experienciaslatam.com\/pt-br\/wp-json\/wp\/v2\/product"}],"about":[{"href":"https:\/\/www.experienciaslatam.com\/pt-br\/wp-json\/wp\/v2\/types\/product"}],"wp:featuredmedia":[{"embeddable":true,"href":"https:\/\/www.experienciaslatam.com\/pt-br\/wp-json\/wp\/v2\/media\/7580"}],"wp:attachment":[{"href":"https:\/\/www.experienciaslatam.com\/pt-br\/wp-json\/wp\/v2\/media?parent=7518"}],"wp:term":[{"taxonomy":"product_brand","embeddable":true,"href":"https:\/\/www.experienciaslatam.com\/pt-br\/wp-json\/wp\/v2\/product_brand?post=7518"},{"taxonomy":"product_cat","embeddable":true,"href":"https:\/\/www.experienciaslatam.com\/pt-br\/wp-json\/wp\/v2\/product_cat?post=7518"},{"taxonomy":"product_tag","embeddable":true,"href":"https:\/\/www.experienciaslatam.com\/pt-br\/wp-json\/wp\/v2\/product_tag?post=7518"}],"curies":[{"name":"wp","href":"https:\/\/api.w.org\/{rel}","templated":true}]}}