{"id":7559,"date":"2025-07-29T11:02:30","date_gmt":"2025-07-29T16:02:30","guid":{"rendered":"https:\/\/experienciaslatam.com\/?post_type=product&#038;p=7559"},"modified":"2025-07-30T15:56:21","modified_gmt":"2025-07-30T20:56:21","slug":"celebre-a-conmebol-libertadores-2024-com-o-city-tour-buenos-aires-sur-copy-copy-copy","status":"publish","type":"product","link":"https:\/\/www.experienciaslatam.com\/pt-br\/experienciasx\/celebre-a-conmebol-libertadores-2024-com-o-city-tour-buenos-aires-sur-copy-copy-copy\/","title":{"rendered":"Viva os bastidores da partida V\u00e9lez Sarsfield vs Fortaleza na CONMEBOL Libertadores"},"content":{"rendered":"<p><span class=\"TextRun SCXW150842827 BCX8\" lang=\"ES-CL\" xml:lang=\"ES-CL\" data-contrast=\"auto\"><span class=\"NormalTextRun SpellingErrorV2Themed SCXW150842827 BCX8\">Com<\/span><span class=\"NormalTextRun SCXW150842827 BCX8\"> a compra <\/span><span class=\"NormalTextRun SpellingErrorV2Themed SCXW150842827 BCX8\">deste<\/span> <span class=\"NormalTextRun SpellingErrorV2Themed SCXW150842827 BCX8\">pacote<\/span><span class=\"NormalTextRun SCXW150842827 BCX8\"> VIP exclusivo para a partida da CONMEBOL Libertadores em 19 de agosto, durante as <\/span><span class=\"NormalTextRun SpellingErrorV2Themed SCXW150842827 BCX8\">oitavas<\/span><span class=\"NormalTextRun SCXW150842827 BCX8\"> de final entre V\u00e9lez Sarsfield e Fortaleza, em Buenos Aires, <\/span><span class=\"NormalTextRun SpellingErrorV2Themed SCXW150842827 BCX8\">voc\u00ea<\/span><span class=\"NormalTextRun SCXW150842827 BCX8\"> ser\u00e1 transportado em <\/span><span class=\"NormalTextRun SpellingErrorV2Themed SCXW150842827 BCX8\">um<\/span> <span class=\"NormalTextRun SpellingErrorV2Themed SCXW150842827 BCX8\">servi\u00e7o<\/span><span class=\"NormalTextRun SCXW150842827 BCX8\"> de carro de luxo at\u00e9 o <\/span><span class=\"NormalTextRun SpellingErrorV2Themed SCXW150842827 BCX8\">Est\u00e1dio<\/span><span class=\"NormalTextRun SCXW150842827 BCX8\"> Jos\u00e9 Amalfitani, onde <\/span><span class=\"NormalTextRun SpellingErrorV2Themed SCXW150842827 BCX8\">seu<\/span> <span class=\"NormalTextRun SpellingErrorV2Themed SCXW150842827 BCX8\">anfitri\u00e3o<\/span><span class=\"NormalTextRun SCXW150842827 BCX8\"> ir\u00e1 <\/span><span class=\"NormalTextRun SpellingErrorV2Themed SCXW150842827 BCX8\">receb\u00ea<\/span><span class=\"NormalTextRun SCXW150842827 BCX8\">-lo <\/span><span class=\"NormalTextRun SpellingErrorV2Themed SCXW150842827 BCX8\">com<\/span> <span class=\"NormalTextRun SpellingErrorV2Themed SCXW150842827 BCX8\">um<\/span><span class=\"NormalTextRun SCXW150842827 BCX8\"> presente de <\/span><span class=\"NormalTextRun SpellingErrorV2Themed SCXW150842827 BCX8\">produtos<\/span> <span class=\"NormalTextRun SpellingErrorV2Themed SCXW150842827 BCX8\">oficiais<\/span><span class=\"NormalTextRun SCXW150842827 BCX8\"> da CONMEBOL Libertadores, <\/span><span class=\"NormalTextRun SpellingErrorV2Themed SCXW150842827 BCX8\">incluindo<\/span><span class=\"NormalTextRun SCXW150842827 BCX8\"> camisas <\/span><span class=\"NormalTextRun SpellingErrorV2Themed SCXW150842827 BCX8\">oficiais<\/span><span class=\"NormalTextRun SCXW150842827 BCX8\"> do clube local argentino e <\/span><span class=\"NormalTextRun SpellingErrorV2Themed SCXW150842827 BCX8\">um<\/span> <span class=\"NormalTextRun SpellingErrorV2Themed SCXW150842827 BCX8\">cart\u00e3o<\/span> <span class=\"NormalTextRun SpellingErrorV2Themed SCXW150842827 BCX8\">pr\u00e9<\/span><span class=\"NormalTextRun SCXW150842827 BCX8\">-pago <\/span><span class=\"NormalTextRun SpellingErrorV2Themed SCXW150842827 BCX8\">Mastercard<\/span><span class=\"NormalTextRun SCXW150842827 BCX8\"> no valor de USD $200. <\/span><span class=\"NormalTextRun SpellingErrorV2Themed SCXW150842827 BCX8\">Al\u00e9m<\/span> <span class=\"NormalTextRun SpellingErrorV2Themed SCXW150842827 BCX8\">disso<\/span><span class=\"NormalTextRun SCXW150842827 BCX8\">, <\/span><span class=\"NormalTextRun SpellingErrorV2Themed SCXW150842827 BCX8\">cortesia<\/span><span class=\"NormalTextRun SCXW150842827 BCX8\"> da <\/span><span class=\"NormalTextRun SpellingErrorV2Themed SCXW150842827 BCX8\">Mastercard<\/span><span class=\"NormalTextRun SCXW150842827 BCX8\">, <\/span><span class=\"NormalTextRun SpellingErrorV2Themed SCXW150842827 BCX8\">voc\u00ea<\/span> <span class=\"NormalTextRun SpellingErrorV2Themed SCXW150842827 BCX8\">poder\u00e1<\/span> <span class=\"NormalTextRun SpellingErrorV2Themed SCXW150842827 BCX8\">aproveitar<\/span><span class=\"NormalTextRun SCXW150842827 BCX8\"> a \u00e1rea de <\/span><span class=\"NormalTextRun SpellingErrorV2Themed SCXW150842827 BCX8\">hospitalidade<\/span><span class=\"NormalTextRun SCXW150842827 BCX8\"> do Clube Libertadores antes da partida. Em seguida, <\/span><span class=\"NormalTextRun SpellingErrorV2Themed SCXW150842827 BCX8\">des\u00e7a<\/span> <span class=\"NormalTextRun SpellingErrorV2Themed SCXW150842827 BCX8\">ao<\/span><span class=\"NormalTextRun SCXW150842827 BCX8\"> gramado para <\/span><span class=\"NormalTextRun SpellingErrorV2Themed SCXW150842827 BCX8\">assistir<\/span> <span class=\"NormalTextRun SpellingErrorV2Themed SCXW150842827 BCX8\">ao<\/span> <span class=\"NormalTextRun SpellingErrorV2Themed SCXW150842827 BCX8\">aquecimento<\/span><span class=\"NormalTextRun SCXW150842827 BCX8\"> \u00e0 <\/span><span class=\"NormalTextRun SpellingErrorV2Themed SCXW150842827 BCX8\">beira<\/span><span class=\"NormalTextRun SCXW150842827 BCX8\"> do campo antes de seguir para <\/span><span class=\"NormalTextRun SpellingErrorV2Themed SCXW150842827 BCX8\">seus<\/span> <span class=\"NormalTextRun SpellingErrorV2Themed SCXW150842827 BCX8\">assentos<\/span><span class=\"NormalTextRun SCXW150842827 BCX8\"> de <\/span><span class=\"NormalTextRun SpellingErrorV2Themed SCXW150842827 BCX8\">Categoria<\/span><span class=\"NormalTextRun SCXW150842827 BCX8\"> 1 para <\/span><span class=\"NormalTextRun SpellingErrorV2Themed SCXW150842827 BCX8\">assistir<\/span><span class=\"NormalTextRun SCXW150842827 BCX8\"> \u00e0 partida. Exclusivo para portadores de <\/span><span class=\"NormalTextRun SpellingErrorV2Themed SCXW150842827 BCX8\">cart\u00f5es<\/span> <span class=\"NormalTextRun SpellingErrorV2Themed SCXW150842827 BCX8\">Mastercard<\/span><span class=\"NormalTextRun SCXW150842827 BCX8\">.<\/span><\/span><span class=\"EOP SCXW150842827 BCX8\" data-ccp-props=\"{&quot;134233117&quot;:false,&quot;134233118&quot;:false,&quot;335551550&quot;:0,&quot;335551620&quot;:0,&quot;335559738&quot;:240,&quot;335559739&quot;:240}\">\u00a0<\/span><\/p>\n<p><b><span data-contrast=\"auto\">O que \u00e9 Priceless<\/span><\/b><span data-contrast=\"auto\">:<\/span><span data-ccp-props=\"{&quot;134233117&quot;:false,&quot;134233118&quot;:false,&quot;335551550&quot;:6,&quot;335551620&quot;:6,&quot;335559738&quot;:240,&quot;335559739&quot;:240}\">\u00a0<\/span><\/p>\n<p><span class=\"TextRun SCXW258024675 BCX8\" lang=\"ES-CL\" xml:lang=\"ES-CL\" data-contrast=\"auto\"><span class=\"NormalTextRun SCXW258024675 BCX8\">Estar <\/span><span class=\"NormalTextRun SpellingErrorV2Themed SCXW258024675 BCX8\">t\u00e3o<\/span> <span class=\"NormalTextRun SpellingErrorV2Themed SCXW258024675 BCX8\">perto<\/span><span class=\"NormalTextRun SCXW258024675 BCX8\"> que <\/span><span class=\"NormalTextRun SpellingErrorV2Themed SCXW258024675 BCX8\">voc\u00ea<\/span><span class=\"NormalTextRun SCXW258024675 BCX8\"> se <\/span><span class=\"NormalTextRun SpellingErrorV2Themed SCXW258024675 BCX8\">sente<\/span><span class=\"NormalTextRun SCXW258024675 BCX8\"> parte do time.<\/span><\/span><span class=\"EOP SCXW258024675 BCX8\" data-ccp-props=\"{&quot;134233117&quot;:false,&quot;134233118&quot;:false,&quot;335551550&quot;:0,&quot;335551620&quot;:0,&quot;335559738&quot;:240,&quot;335559739&quot;:240}\">\u00a0<\/span><\/p>\n","protected":false},"excerpt":{"rendered":"<p>Com a compra deste pacote VIP exclusivo para a partida da CONMEBOL Libertadores em 19 de agosto, durante as oitavas de final entre V\u00e9lez Sarsfield e Fortaleza, em Buenos Aires, voc\u00ea ser\u00e1 transportado em um servi\u00e7o de carro de luxo at\u00e9 o Est\u00e1dio Jos\u00e9 Amalfitani, onde seu anfitri\u00e3o ir\u00e1 receb\u00ea-lo com um presente de produtos [&hellip;]<\/p>\n","protected":false},"featured_media":3047,"template":"","meta":{"_acf_changed":false,"inline_featured_image":false},"product_brand":[],"product_cat":[48,54],"product_tag":[],"class_list":{"0":"post-7559","1":"product","2":"type-product","3":"status-publish","4":"has-post-thumbnail","6":"product_cat-experienciasx","7":"product_cat-libertadoresx","9":"first","10":"outofstock","11":"sold-individually","12":"shipping-taxable","13":"purchasable","14":"product-type-variable","15":"has-default-attributes"},"acf":[],"_links":{"self":[{"href":"https:\/\/www.experienciaslatam.com\/pt-br\/wp-json\/wp\/v2\/product\/7559","targetHints":{"allow":["GET"]}}],"collection":[{"href":"https:\/\/www.experienciaslatam.com\/pt-br\/wp-json\/wp\/v2\/product"}],"about":[{"href":"https:\/\/www.experienciaslatam.com\/pt-br\/wp-json\/wp\/v2\/types\/product"}],"wp:featuredmedia":[{"embeddable":true,"href":"https:\/\/www.experienciaslatam.com\/pt-br\/wp-json\/wp\/v2\/media\/3047"}],"wp:attachment":[{"href":"https:\/\/www.experienciaslatam.com\/pt-br\/wp-json\/wp\/v2\/media?parent=7559"}],"wp:term":[{"taxonomy":"product_brand","embeddable":true,"href":"https:\/\/www.experienciaslatam.com\/pt-br\/wp-json\/wp\/v2\/product_brand?post=7559"},{"taxonomy":"product_cat","embeddable":true,"href":"https:\/\/www.experienciaslatam.com\/pt-br\/wp-json\/wp\/v2\/product_cat?post=7559"},{"taxonomy":"product_tag","embeddable":true,"href":"https:\/\/www.experienciaslatam.com\/pt-br\/wp-json\/wp\/v2\/product_tag?post=7559"}],"curies":[{"name":"wp","href":"https:\/\/api.w.org\/{rel}","templated":true}]}}