{"id":7830,"date":"2025-07-31T14:17:23","date_gmt":"2025-07-31T19:17:23","guid":{"rendered":"https:\/\/experienciaslatam.com\/?post_type=product&#038;p=7830"},"modified":"2026-03-25T16:37:50","modified_gmt":"2026-03-25T21:37:50","slug":"mergulhe-no-mundo-criativo-de-tavo-garavato-em-um-workshop-de-serigrafia","status":"publish","type":"product","link":"https:\/\/www.experienciaslatam.com\/pt-br\/experienciasx\/mergulhe-no-mundo-criativo-de-tavo-garavato-em-um-workshop-de-serigrafia\/","title":{"rendered":"Mergulhe no mundo criativo de Tavo Garavato em um workshop de serigrafia"},"content":{"rendered":"<p><span data-contrast=\"auto\">Participe ativamente no est\u00fadio privado do ilustrador colombiano, aproveite petiscos locais, crie sua pr\u00f3pria impress\u00e3o e leve arte como lembran\u00e7a<\/span><span data-ccp-props=\"{&quot;134233117&quot;:false,&quot;134233118&quot;:false,&quot;335551550&quot;:0,&quot;335551620&quot;:0,&quot;335559738&quot;:240,&quot;335559739&quot;:240}\">\u00a0<\/span><\/p>\n<p><span data-contrast=\"auto\">Junte-se ao renomado ilustrador Tavo Garavato para um criativo workshop de serigrafia. Voc\u00ea entrar\u00e1 no est\u00fadio privado Editor Felino, onde ter\u00e1 um encontro interativo com o artista conhecido por seu estilo ousado. L\u00e1, assistir\u00e1 a uma demonstra\u00e7\u00e3o ao vivo de serigrafia antes de criar sua pr\u00f3pria impress\u00e3o personalizada. Tamb\u00e9m degustar\u00e1 petiscos selecionados de um famoso estabelecimento local. Al\u00e9m disso, levar\u00e1 para casa um tr\u00edptico assinado, um kit de arte, um certificado de propriedade e itens colecion\u00e1veis. Exclusivo para portadores de cart\u00e3o Mastercard.<\/span><span data-ccp-props=\"{&quot;134233117&quot;:false,&quot;134233118&quot;:false,&quot;335551550&quot;:0,&quot;335551620&quot;:0,&quot;335559738&quot;:240,&quot;335559739&quot;:240}\">\u00a0<\/span><\/p>\n","protected":false},"excerpt":{"rendered":"<p>Participe ativamente no est\u00fadio privado do ilustrador colombiano, aproveite petiscos locais, crie sua pr\u00f3pria impress\u00e3o e leve arte como lembran\u00e7a\u00a0 Junte-se ao renomado ilustrador Tavo Garavato para um criativo workshop de serigrafia. Voc\u00ea entrar\u00e1 no est\u00fadio privado Editor Felino, onde ter\u00e1 um encontro interativo com o artista conhecido por seu estilo ousado. L\u00e1, assistir\u00e1 a [&hellip;]<\/p>\n","protected":false},"featured_media":7916,"template":"","meta":{"_acf_changed":false,"inline_featured_image":false},"product_brand":[],"product_cat":[48],"product_tag":[],"class_list":{"0":"post-7830","1":"product","2":"type-product","3":"status-publish","4":"has-post-thumbnail","6":"product_cat-experienciasx","8":"first","9":"instock","10":"virtual","11":"sold-individually","12":"purchasable","13":"product-type-booking"},"acf":[],"_links":{"self":[{"href":"https:\/\/www.experienciaslatam.com\/pt-br\/wp-json\/wp\/v2\/product\/7830","targetHints":{"allow":["GET"]}}],"collection":[{"href":"https:\/\/www.experienciaslatam.com\/pt-br\/wp-json\/wp\/v2\/product"}],"about":[{"href":"https:\/\/www.experienciaslatam.com\/pt-br\/wp-json\/wp\/v2\/types\/product"}],"wp:featuredmedia":[{"embeddable":true,"href":"https:\/\/www.experienciaslatam.com\/pt-br\/wp-json\/wp\/v2\/media\/7916"}],"wp:attachment":[{"href":"https:\/\/www.experienciaslatam.com\/pt-br\/wp-json\/wp\/v2\/media?parent=7830"}],"wp:term":[{"taxonomy":"product_brand","embeddable":true,"href":"https:\/\/www.experienciaslatam.com\/pt-br\/wp-json\/wp\/v2\/product_brand?post=7830"},{"taxonomy":"product_cat","embeddable":true,"href":"https:\/\/www.experienciaslatam.com\/pt-br\/wp-json\/wp\/v2\/product_cat?post=7830"},{"taxonomy":"product_tag","embeddable":true,"href":"https:\/\/www.experienciaslatam.com\/pt-br\/wp-json\/wp\/v2\/product_tag?post=7830"}],"curies":[{"name":"wp","href":"https:\/\/api.w.org\/{rel}","templated":true}]}}