{"id":7930,"date":"2025-08-01T11:43:14","date_gmt":"2025-08-01T16:43:14","guid":{"rendered":"https:\/\/experienciaslatam.com\/?post_type=product&#038;p=7930"},"modified":"2026-03-25T17:03:07","modified_gmt":"2026-03-25T22:03:07","slug":"desfrute-de-massa-artesanal-e-negronis-em-um-restaurante-premiado-pelo-michelin","status":"publish","type":"product","link":"https:\/\/www.experienciaslatam.com\/pt-br\/experienciasx\/desfrute-de-massa-artesanal-e-negronis-em-um-restaurante-premiado-pelo-michelin\/","title":{"rendered":"Desfrute de massa artesanal e Negronis em um restaurante premiado pelo Michelin"},"content":{"rendered":"<p><span class=\"TextRun SCXW39886490 BCX0\" lang=\"ES-ES\" xml:lang=\"ES-ES\" data-contrast=\"auto\"><span class=\"NormalTextRun SCXW39886490 BCX0\">Embarque em <\/span><span class=\"NormalTextRun SpellingErrorV2Themed SCXW39886490 BCX0\">uma<\/span> <span class=\"NormalTextRun SpellingErrorV2Themed SCXW39886490 BCX0\">viagem<\/span><span class=\"NormalTextRun SCXW39886490 BCX0\"> \u00e0 <\/span><span class=\"NormalTextRun SpellingErrorV2Themed SCXW39886490 BCX0\">It\u00e1lia<\/span> <span class=\"NormalTextRun SpellingErrorV2Themed SCXW39886490 BCX0\">atrav\u00e9s<\/span><span class=\"NormalTextRun SCXW39886490 BCX0\"> de Buenos Aires, <\/span><span class=\"NormalTextRun SpellingErrorV2Themed SCXW39886490 BCX0\">com<\/span> <span class=\"NormalTextRun SpellingErrorV2Themed SCXW39886490 BCX0\">gastronomia<\/span><span class=\"NormalTextRun SCXW39886490 BCX0\"> requintada <\/span><span class=\"NormalTextRun SpellingErrorV2Themed SCXW39886490 BCX0\">na<\/span><span class=\"NormalTextRun SCXW39886490 BCX0\"> La Alacena Trattoria e <\/span><span class=\"NormalTextRun SpellingErrorV2Themed SCXW39886490 BCX0\">uma<\/span> <span class=\"NormalTextRun SpellingErrorV2Themed SCXW39886490 BCX0\">demonstra\u00e7\u00e3o<\/span><span class=\"NormalTextRun SCXW39886490 BCX0\"> de preparo de <\/span><span class=\"NormalTextRun SpellingErrorV2Themed SCXW39886490 BCX0\">massa<\/span><span class=\"NormalTextRun SCXW39886490 BCX0\"> artesanal. <\/span><span class=\"NormalTextRun SpellingErrorV2Themed SCXW39886490 BCX0\">Voc\u00ea<\/span><span class=\"NormalTextRun SCXW39886490 BCX0\"> ser\u00e1 <\/span><span class=\"NormalTextRun SpellingErrorV2Themed SCXW39886490 BCX0\">recebido<\/span> <span class=\"NormalTextRun SpellingErrorV2Themed SCXW39886490 BCX0\">com<\/span> <span class=\"NormalTextRun SpellingErrorV2Themed SCXW39886490 BCX0\">um<\/span> <span class=\"NormalTextRun SpellingErrorV2Themed SCXW39886490 BCX0\">coquetel<\/span><span class=\"NormalTextRun SCXW39886490 BCX0\"> Negroni, <\/span><span class=\"NormalTextRun SpellingErrorV2Themed SCXW39886490 BCX0\">p\u00e3o<\/span> <span class=\"NormalTextRun SpellingErrorV2Themed SCXW39886490 BCX0\">caseiro<\/span> <span class=\"NormalTextRun SpellingErrorV2Themed SCXW39886490 BCX0\">com<\/span> <span class=\"NormalTextRun SpellingErrorV2Themed SCXW39886490 BCX0\">azeite<\/span><span class=\"NormalTextRun SCXW39886490 BCX0\"> de oliva <\/span><span class=\"NormalTextRun SpellingErrorV2Themed SCXW39886490 BCX0\">extravirgem<\/span><span class=\"NormalTextRun SCXW39886490 BCX0\"> e <\/span><span class=\"NormalTextRun SpellingErrorV2Themed SCXW39886490 BCX0\">antipasti<\/span> <span class=\"NormalTextRun SpellingErrorV2Themed SCXW39886490 BCX0\">sazonais<\/span><span class=\"NormalTextRun SCXW39886490 BCX0\">. Em seguida, degustar\u00e1 <\/span><span class=\"NormalTextRun SpellingErrorV2Themed SCXW39886490 BCX0\">massa<\/span><span class=\"NormalTextRun SCXW39886490 BCX0\"> artesanal harmonizada <\/span><span class=\"NormalTextRun SpellingErrorV2Themed SCXW39886490 BCX0\">com<\/span><span class=\"NormalTextRun SCXW39886490 BCX0\"> Malbec argentino, seguida de sobremesas servidas <\/span><span class=\"NormalTextRun SpellingErrorV2Themed SCXW39886490 BCX0\">com<\/span><span class=\"NormalTextRun SCXW39886490 BCX0\"> caf\u00e9 italiano. Para finalizar, <\/span><span class=\"NormalTextRun SpellingErrorV2Themed SCXW39886490 BCX0\">ter\u00e1<\/span> <span class=\"NormalTextRun SpellingErrorV2Themed SCXW39886490 BCX0\">acesso<\/span> <span class=\"NormalTextRun SpellingErrorV2Themed SCXW39886490 BCX0\">aos<\/span><span class=\"NormalTextRun SCXW39886490 BCX0\"> bastidores para observar a Chef Julieta <\/span><span class=\"NormalTextRun SpellingErrorV2Themed SCXW39886490 BCX0\">Oriolo<\/span><span class=\"NormalTextRun SCXW39886490 BCX0\"> e <\/span><span class=\"NormalTextRun SpellingErrorV2Themed SCXW39886490 BCX0\">sua<\/span><span class=\"NormalTextRun SCXW39886490 BCX0\"> equipe preparando <\/span><span class=\"NormalTextRun SpellingErrorV2Themed SCXW39886490 BCX0\">sua<\/span> <span class=\"NormalTextRun SpellingErrorV2Themed SCXW39886490 BCX0\">massa<\/span><span class=\"NormalTextRun SCXW39886490 BCX0\"> exclusiva. Exclusivo para portadores de <\/span><span class=\"NormalTextRun SpellingErrorV2Themed SCXW39886490 BCX0\">cart\u00f5es<\/span> <span class=\"NormalTextRun SpellingErrorV2Themed SCXW39886490 BCX0\">Mastercard<\/span><span class=\"NormalTextRun SCXW39886490 BCX0\">.<\/span><\/span><span class=\"EOP SCXW39886490 BCX0\" data-ccp-props=\"{&quot;134233117&quot;:false,&quot;134233118&quot;:false,&quot;335559738&quot;:240,&quot;335559739&quot;:240}\">\u00a0<\/span><\/p>\n","protected":false},"excerpt":{"rendered":"<p>Embarque em uma viagem \u00e0 It\u00e1lia atrav\u00e9s de Buenos Aires, com gastronomia requintada na La Alacena Trattoria e uma demonstra\u00e7\u00e3o de preparo de massa artesanal. Voc\u00ea ser\u00e1 recebido com um coquetel Negroni, p\u00e3o caseiro com azeite de oliva extravirgem e antipasti sazonais. Em seguida, degustar\u00e1 massa artesanal harmonizada com Malbec argentino, seguida de sobremesas servidas [&hellip;]<\/p>\n","protected":false},"featured_media":7953,"template":"","meta":{"_acf_changed":false,"inline_featured_image":false},"product_brand":[],"product_cat":[48],"product_tag":[],"class_list":{"0":"post-7930","1":"product","2":"type-product","3":"status-publish","4":"has-post-thumbnail","6":"product_cat-experienciasx","8":"first","9":"instock","10":"virtual","11":"sold-individually","12":"purchasable","13":"product-type-booking"},"acf":[],"_links":{"self":[{"href":"https:\/\/www.experienciaslatam.com\/pt-br\/wp-json\/wp\/v2\/product\/7930","targetHints":{"allow":["GET"]}}],"collection":[{"href":"https:\/\/www.experienciaslatam.com\/pt-br\/wp-json\/wp\/v2\/product"}],"about":[{"href":"https:\/\/www.experienciaslatam.com\/pt-br\/wp-json\/wp\/v2\/types\/product"}],"wp:featuredmedia":[{"embeddable":true,"href":"https:\/\/www.experienciaslatam.com\/pt-br\/wp-json\/wp\/v2\/media\/7953"}],"wp:attachment":[{"href":"https:\/\/www.experienciaslatam.com\/pt-br\/wp-json\/wp\/v2\/media?parent=7930"}],"wp:term":[{"taxonomy":"product_brand","embeddable":true,"href":"https:\/\/www.experienciaslatam.com\/pt-br\/wp-json\/wp\/v2\/product_brand?post=7930"},{"taxonomy":"product_cat","embeddable":true,"href":"https:\/\/www.experienciaslatam.com\/pt-br\/wp-json\/wp\/v2\/product_cat?post=7930"},{"taxonomy":"product_tag","embeddable":true,"href":"https:\/\/www.experienciaslatam.com\/pt-br\/wp-json\/wp\/v2\/product_tag?post=7930"}],"curies":[{"name":"wp","href":"https:\/\/api.w.org\/{rel}","templated":true}]}}