{"id":8097,"date":"2025-08-06T15:56:39","date_gmt":"2025-08-06T20:56:39","guid":{"rendered":"https:\/\/experienciaslatam.com\/?post_type=product&#038;p=8097"},"modified":"2026-03-26T16:53:03","modified_gmt":"2026-03-26T21:53:03","slug":"prepare-coqueteis-com-um-bartender-estrela-em-um-dos-melhores-bares-de-vina-del-mar","status":"publish","type":"product","link":"https:\/\/www.experienciaslatam.com\/pt-br\/experienciasx\/prepare-coqueteis-com-um-bartender-estrela-em-um-dos-melhores-bares-de-vina-del-mar\/","title":{"rendered":"Prepare coquet\u00e9is com um bartender estrela em um dos melhores bares de Vi\u00f1a del Mar"},"content":{"rendered":"<p><span class=\"TextRun SCXW106231684 BCX0\" lang=\"EN-US\" xml:lang=\"EN-US\" data-contrast=\"auto\"><span class=\"NormalTextRun SCXW106231684 BCX0\">Domine a <\/span><span class=\"NormalTextRun SpellingErrorV2Themed SCXW106231684 BCX0\">arte<\/span><span class=\"NormalTextRun SCXW106231684 BCX0\"> da <\/span><span class=\"NormalTextRun SpellingErrorV2Themed SCXW106231684 BCX0\">mixologia<\/span> <span class=\"NormalTextRun SpellingErrorV2Themed SCXW106231684 BCX0\">em<\/span> <span class=\"NormalTextRun SpellingErrorV2Themed SCXW106231684 BCX0\">uma<\/span><span class=\"NormalTextRun SCXW106231684 BCX0\"> aula especial <\/span><span class=\"NormalTextRun SpellingErrorV2Themed SCXW106231684 BCX0\">conduzida<\/span> <span class=\"NormalTextRun SpellingErrorV2Themed SCXW106231684 BCX0\">por<\/span><span class=\"NormalTextRun SCXW106231684 BCX0\"> Renato Olmedo, bartender e <\/span><span class=\"NormalTextRun SpellingErrorV2Themed SCXW106231684 BCX0\">propriet\u00e1rio<\/span><span class=\"NormalTextRun SCXW106231684 BCX0\"> do <\/span><span class=\"NormalTextRun SpellingErrorV2Themed SCXW106231684 BCX0\">C\u00f3nclave<\/span><span class=\"NormalTextRun SCXW106231684 BCX0\"> 1929 <\/span><span class=\"NormalTextRun SpellingErrorV2Themed SCXW106231684 BCX0\">em<\/span><span class=\"NormalTextRun SCXW106231684 BCX0\"> Vi\u00f1a del Mar. <\/span><span class=\"NormalTextRun SpellingErrorV2Themed SCXW106231684 BCX0\">N\u00e3o<\/span> <span class=\"NormalTextRun SpellingErrorV2Themed SCXW106231684 BCX0\">h\u00e1<\/span> <span class=\"NormalTextRun SpellingErrorV2Themed SCXW106231684 BCX0\">receitas<\/span> <span class=\"NormalTextRun SpellingErrorV2Themed SCXW106231684 BCX0\">pr\u00e9-definidas<\/span><span class=\"NormalTextRun SCXW106231684 BCX0\">: <\/span><span class=\"NormalTextRun SpellingErrorV2Themed SCXW106231684 BCX0\">voc\u00ea<\/span> <span class=\"NormalTextRun SpellingErrorV2Themed SCXW106231684 BCX0\">criar\u00e1<\/span> <span class=\"NormalTextRun SpellingErrorV2Themed SCXW106231684 BCX0\">seus<\/span> <span class=\"NormalTextRun SpellingErrorV2Themed SCXW106231684 BCX0\">coquet\u00e9is<\/span><span class=\"NormalTextRun SCXW106231684 BCX0\"> no <\/span><span class=\"NormalTextRun SpellingErrorV2Themed SCXW106231684 BCX0\">momento<\/span><span class=\"NormalTextRun SCXW106231684 BCX0\">, <\/span><span class=\"NormalTextRun SpellingErrorV2Themed SCXW106231684 BCX0\">guiado<\/span> <span class=\"NormalTextRun SpellingErrorV2Themed SCXW106231684 BCX0\">pelo<\/span> <span class=\"NormalTextRun SpellingErrorV2Themed SCXW106231684 BCX0\">seu<\/span> <span class=\"NormalTextRun SpellingErrorV2Themed SCXW106231684 BCX0\">pr\u00f3prio<\/span><span class=\"NormalTextRun SCXW106231684 BCX0\"> paladar. Prepare-se para <\/span><span class=\"NormalTextRun SpellingErrorV2Themed SCXW106231684 BCX0\">desenvolver<\/span> <span class=\"NormalTextRun SpellingErrorV2Themed SCXW106231684 BCX0\">perfis<\/span><span class=\"NormalTextRun SCXW106231684 BCX0\"> de <\/span><span class=\"NormalTextRun SpellingErrorV2Themed SCXW106231684 BCX0\">sabor<\/span> <span class=\"NormalTextRun SpellingErrorV2Themed SCXW106231684 BCX0\">\u00fanicos<\/span><span class=\"NormalTextRun SCXW106231684 BCX0\"> com <\/span><span class=\"NormalTextRun SpellingErrorV2Themed SCXW106231684 BCX0\">destilados<\/span><span class=\"NormalTextRun SCXW106231684 BCX0\"> premium, <\/span><span class=\"NormalTextRun SpellingErrorV2Themed SCXW106231684 BCX0\">cada<\/span><span class=\"NormalTextRun SCXW106231684 BCX0\"> um <\/span><span class=\"NormalTextRun SpellingErrorV2Themed SCXW106231684 BCX0\">harmonizado<\/span><span class=\"NormalTextRun SCXW106231684 BCX0\"> com <\/span><span class=\"NormalTextRun SpellingErrorV2Themed SCXW106231684 BCX0\">uma<\/span><span class=\"NormalTextRun SCXW106231684 BCX0\"> tapa <\/span><span class=\"NormalTextRun SpellingErrorV2Themed SCXW106231684 BCX0\">personalizada<\/span><span class=\"NormalTextRun SCXW106231684 BCX0\"> da <\/span><span class=\"NormalTextRun SpellingErrorV2Themed SCXW106231684 BCX0\">cozinha<\/span><span class=\"NormalTextRun SCXW106231684 BCX0\">. Para <\/span><span class=\"NormalTextRun SpellingErrorV2Themed SCXW106231684 BCX0\">levar<\/span> <span class=\"NormalTextRun ContextualSpellingAndGrammarErrorV2Themed SCXW106231684 BCX0\">a<\/span> <span class=\"NormalTextRun SpellingErrorV2Themed SCXW106231684 BCX0\">experi\u00eancia<\/span> <span class=\"NormalTextRun SpellingErrorV2Themed SCXW106231684 BCX0\">al\u00e9m<\/span><span class=\"NormalTextRun SCXW106231684 BCX0\"> do bar, <\/span><span class=\"NormalTextRun SpellingErrorV2Themed SCXW106231684 BCX0\">voc\u00ea<\/span> <span class=\"NormalTextRun SpellingErrorV2Themed SCXW106231684 BCX0\">receber\u00e1<\/span><span class=\"NormalTextRun SCXW106231684 BCX0\"> um <\/span><span class=\"NormalTextRun SpellingErrorV2Themed SCXW106231684 BCX0\">presente<\/span> <span class=\"NormalTextRun SpellingErrorV2Themed SCXW106231684 BCX0\">surpresa<\/span><span class=\"NormalTextRun SCXW106231684 BCX0\"> e um kit de <\/span><span class=\"NormalTextRun SpellingErrorV2Themed SCXW106231684 BCX0\">coquetelaria<\/span><span class=\"NormalTextRun SCXW106231684 BCX0\"> para <\/span><span class=\"NormalTextRun SpellingErrorV2Themed SCXW106231684 BCX0\">recriar<\/span> <span class=\"NormalTextRun SpellingErrorV2Themed SCXW106231684 BCX0\">suas<\/span> <span class=\"NormalTextRun SpellingErrorV2Themed SCXW106231684 BCX0\">cria\u00e7\u00f5es<\/span> <span class=\"NormalTextRun SpellingErrorV2Themed SCXW106231684 BCX0\">em<\/span><span class=\"NormalTextRun SCXW106231684 BCX0\"> casa. Exclusivo para <\/span><span class=\"NormalTextRun SpellingErrorV2Themed SCXW106231684 BCX0\">portadores<\/span><span class=\"NormalTextRun SCXW106231684 BCX0\"> de <\/span><span class=\"NormalTextRun SpellingErrorV2Themed SCXW106231684 BCX0\">cart\u00e3o<\/span><span class=\"NormalTextRun SCXW106231684 BCX0\"> Mastercard.<\/span><\/span><span class=\"EOP SCXW106231684 BCX0\" data-ccp-props=\"{}\">\u00a0<\/span><\/p>\n","protected":false},"excerpt":{"rendered":"<p>Domine a arte da mixologia em uma aula especial conduzida por Renato Olmedo, bartender e propriet\u00e1rio do C\u00f3nclave 1929 em Vi\u00f1a del Mar. N\u00e3o h\u00e1 receitas pr\u00e9-definidas: voc\u00ea criar\u00e1 seus coquet\u00e9is no momento, guiado pelo seu pr\u00f3prio paladar. Prepare-se para desenvolver perfis de sabor \u00fanicos com destilados premium, cada um harmonizado com uma tapa personalizada [&hellip;]<\/p>\n","protected":false},"featured_media":8081,"template":"","meta":{"_acf_changed":false,"inline_featured_image":false},"product_brand":[],"product_cat":[48],"product_tag":[],"class_list":{"0":"post-8097","1":"product","2":"type-product","3":"status-publish","4":"has-post-thumbnail","6":"product_cat-experienciasx","8":"first","9":"instock","10":"virtual","11":"sold-individually","12":"purchasable","13":"product-type-booking"},"acf":[],"_links":{"self":[{"href":"https:\/\/www.experienciaslatam.com\/pt-br\/wp-json\/wp\/v2\/product\/8097","targetHints":{"allow":["GET"]}}],"collection":[{"href":"https:\/\/www.experienciaslatam.com\/pt-br\/wp-json\/wp\/v2\/product"}],"about":[{"href":"https:\/\/www.experienciaslatam.com\/pt-br\/wp-json\/wp\/v2\/types\/product"}],"wp:featuredmedia":[{"embeddable":true,"href":"https:\/\/www.experienciaslatam.com\/pt-br\/wp-json\/wp\/v2\/media\/8081"}],"wp:attachment":[{"href":"https:\/\/www.experienciaslatam.com\/pt-br\/wp-json\/wp\/v2\/media?parent=8097"}],"wp:term":[{"taxonomy":"product_brand","embeddable":true,"href":"https:\/\/www.experienciaslatam.com\/pt-br\/wp-json\/wp\/v2\/product_brand?post=8097"},{"taxonomy":"product_cat","embeddable":true,"href":"https:\/\/www.experienciaslatam.com\/pt-br\/wp-json\/wp\/v2\/product_cat?post=8097"},{"taxonomy":"product_tag","embeddable":true,"href":"https:\/\/www.experienciaslatam.com\/pt-br\/wp-json\/wp\/v2\/product_tag?post=8097"}],"curies":[{"name":"wp","href":"https:\/\/api.w.org\/{rel}","templated":true}]}}