{"id":8246,"date":"2025-08-11T15:13:47","date_gmt":"2025-08-11T20:13:47","guid":{"rendered":"https:\/\/experienciaslatam.com\/?post_type=product&#038;p=8246"},"modified":"2025-08-11T17:07:00","modified_gmt":"2025-08-11T22:07:00","slug":"explore-duas-paisagens-deslumbrantes-em-um-tour-fotografico-privado-pelo-deserto-do-atacama","status":"publish","type":"product","link":"https:\/\/www.experienciaslatam.com\/pt-br\/experienciasx\/explore-duas-paisagens-deslumbrantes-em-um-tour-fotografico-privado-pelo-deserto-do-atacama\/","title":{"rendered":"Explore duas paisagens deslumbrantes em um tour fotogr\u00e1fico privado pelo Deserto do Atacama"},"content":{"rendered":"<p><span class=\"TextRun SCXW205387633 BCX8\" lang=\"EN-US\" xml:lang=\"EN-US\" data-contrast=\"auto\"><span class=\"NormalTextRun SCXW205387633 BCX8\">Embarque em um tour fotogr\u00e1fico privado e guiado por duas paisagens impressionantes na espetacular Cordilheira de Sal do Deserto do Atacama. Voc\u00ea descobrir\u00e1 os contrastes dram\u00e1ticos do vasto deserto chileno com um guia e fot\u00f3grafo local com mais de 10 anos de experi\u00eancia, que compartilhar\u00e1 dicas de fotografia e conhecimentos aprofundados sobre o patrim\u00f4nio natural e cultural da regi\u00e3o. Voc\u00ea come\u00e7ar\u00e1 no Vale do Arco-\u00cdris, onde camadas minerais pintam o terreno com tonalidades caleidosc\u00f3picas de sonho, esculpidas em forma\u00e7\u00f5es de outro mundo pelas for\u00e7as da eros\u00e3o. Em seguida, caminhar\u00e1 pelo Rio Salgado, onde a \u00e1gua flui por tranquilos c\u00e2nions. Al\u00e9m disso, far\u00e1 uma parada para saborear um piquenique em um local de sua escolha ao longo do percurso, e viajar\u00e1 com conforto com transporte de ida e volta durante todo o dia. Exclusivo para portadores de cart\u00e3o Mastercard.<\/span><\/span><span class=\"EOP SCXW205387633 BCX8\" data-ccp-props=\"{&quot;134233117&quot;:false,&quot;134233118&quot;:false,&quot;335551550&quot;:0,&quot;335551620&quot;:0,&quot;335559738&quot;:240,&quot;335559739&quot;:240}\">\u00a0<\/span><\/p>\n","protected":false},"excerpt":{"rendered":"<p>Embarque em um tour fotogr\u00e1fico privado e guiado por duas paisagens impressionantes na espetacular Cordilheira de Sal do Deserto do Atacama. Voc\u00ea descobrir\u00e1 os contrastes dram\u00e1ticos do vasto deserto chileno com um guia e fot\u00f3grafo local com mais de 10 anos de experi\u00eancia, que compartilhar\u00e1 dicas de fotografia e conhecimentos aprofundados sobre o patrim\u00f4nio natural [&hellip;]<\/p>\n","protected":false},"featured_media":8248,"template":"","meta":{"_acf_changed":false,"inline_featured_image":false},"product_brand":[],"product_cat":[48],"product_tag":[],"class_list":{"0":"post-8246","1":"product","2":"type-product","3":"status-publish","4":"has-post-thumbnail","6":"product_cat-experienciasx","8":"first","9":"instock","10":"virtual","11":"sold-individually","12":"purchasable","13":"product-type-booking"},"acf":[],"_links":{"self":[{"href":"https:\/\/www.experienciaslatam.com\/pt-br\/wp-json\/wp\/v2\/product\/8246","targetHints":{"allow":["GET"]}}],"collection":[{"href":"https:\/\/www.experienciaslatam.com\/pt-br\/wp-json\/wp\/v2\/product"}],"about":[{"href":"https:\/\/www.experienciaslatam.com\/pt-br\/wp-json\/wp\/v2\/types\/product"}],"wp:featuredmedia":[{"embeddable":true,"href":"https:\/\/www.experienciaslatam.com\/pt-br\/wp-json\/wp\/v2\/media\/8248"}],"wp:attachment":[{"href":"https:\/\/www.experienciaslatam.com\/pt-br\/wp-json\/wp\/v2\/media?parent=8246"}],"wp:term":[{"taxonomy":"product_brand","embeddable":true,"href":"https:\/\/www.experienciaslatam.com\/pt-br\/wp-json\/wp\/v2\/product_brand?post=8246"},{"taxonomy":"product_cat","embeddable":true,"href":"https:\/\/www.experienciaslatam.com\/pt-br\/wp-json\/wp\/v2\/product_cat?post=8246"},{"taxonomy":"product_tag","embeddable":true,"href":"https:\/\/www.experienciaslatam.com\/pt-br\/wp-json\/wp\/v2\/product_tag?post=8246"}],"curies":[{"name":"wp","href":"https:\/\/api.w.org\/{rel}","templated":true}]}}