{"id":8348,"date":"2025-08-12T17:48:26","date_gmt":"2025-08-12T22:48:26","guid":{"rendered":"https:\/\/experienciaslatam.com\/?post_type=product&#038;p=8348"},"modified":"2026-03-26T16:20:32","modified_gmt":"2026-03-26T21:20:32","slug":"caminhe-pelas-praias-escondidas-do-rio-e-desfrute-de-um-almoco-de-frutos-do-mar-a-beira-mar","status":"publish","type":"product","link":"https:\/\/www.experienciaslatam.com\/pt-br\/experienciasx\/caminhe-pelas-praias-escondidas-do-rio-e-desfrute-de-um-almoco-de-frutos-do-mar-a-beira-mar\/","title":{"rendered":"Caminhe pelas praias escondidas do Rio e desfrute de um almo\u00e7o de frutos do mar \u00e0 beira-mar"},"content":{"rendered":"<p><span class=\"TextRun SCXW43371028 BCX0\" lang=\"ES-ES\" xml:lang=\"ES-ES\" data-contrast=\"auto\"><span class=\"NormalTextRun SCXW43371028 BCX0\">Explore o Rio em <\/span><span class=\"NormalTextRun SpellingErrorV2Themed SCXW43371028 BCX0\">uma<\/span> <span class=\"NormalTextRun SpellingErrorV2Themed SCXW43371028 BCX0\">caminhada<\/span><span class=\"NormalTextRun SCXW43371028 BCX0\"> guiada pela exuberante Mata <\/span><span class=\"NormalTextRun SpellingErrorV2Themed SCXW43371028 BCX0\">Atl\u00e2ntica<\/span><span class=\"NormalTextRun SCXW43371028 BCX0\"> at\u00e9 deslumbrantes <\/span><span class=\"NormalTextRun SpellingErrorV2Themed SCXW43371028 BCX0\">praias<\/span><span class=\"NormalTextRun SCXW43371028 BCX0\"> escondidas. <\/span><span class=\"NormalTextRun SpellingErrorV2Themed SCXW43371028 BCX0\">Voc\u00ea<\/span><span class=\"NormalTextRun SCXW43371028 BCX0\"> ver\u00e1 <\/span><span class=\"NormalTextRun SpellingErrorV2Themed SCXW43371028 BCX0\">um<\/span><span class=\"NormalTextRun SCXW43371028 BCX0\"> Rio que a <\/span><span class=\"NormalTextRun SpellingErrorV2Themed SCXW43371028 BCX0\">maioria<\/span><span class=\"NormalTextRun SCXW43371028 BCX0\"> dos visitantes nunca <\/span><span class=\"NormalTextRun SpellingErrorV2Themed SCXW43371028 BCX0\">conhece<\/span><span class=\"NormalTextRun SCXW43371028 BCX0\">, <\/span><span class=\"NormalTextRun SpellingErrorV2Themed SCXW43371028 BCX0\">caminhando<\/span><span class=\"NormalTextRun SCXW43371028 BCX0\"> entre as <\/span><span class=\"NormalTextRun SpellingErrorV2Themed SCXW43371028 BCX0\">\u00e1rvores<\/span><span class=\"NormalTextRun SCXW43371028 BCX0\"> at\u00e9 a <\/span><span class=\"NormalTextRun SpellingErrorV2Themed SCXW43371028 BCX0\">pitoresca<\/span> <span class=\"NormalTextRun SpellingErrorV2Themed SCXW43371028 BCX0\">Pedra<\/span><span class=\"NormalTextRun SCXW43371028 BCX0\"> da <\/span><span class=\"NormalTextRun SpellingErrorV2Themed SCXW43371028 BCX0\">Tartaruga<\/span><span class=\"NormalTextRun SCXW43371028 BCX0\">, <\/span><span class=\"NormalTextRun SpellingErrorV2Themed SCXW43371028 BCX0\">um<\/span><span class=\"NormalTextRun SCXW43371028 BCX0\"> mirante <\/span><span class=\"NormalTextRun SpellingErrorV2Themed SCXW43371028 BCX0\">panor\u00e2mico<\/span> <span class=\"NormalTextRun SpellingErrorV2Themed SCXW43371028 BCX0\">com<\/span><span class=\"NormalTextRun SCXW43371028 BCX0\"> vistas amplas de <\/span><span class=\"NormalTextRun SpellingErrorV2Themed SCXW43371028 BCX0\">praias<\/span><span class=\"NormalTextRun SCXW43371028 BCX0\"> intocadas. Pelo <\/span><span class=\"NormalTextRun SpellingErrorV2Themed SCXW43371028 BCX0\">caminho<\/span><span class=\"NormalTextRun SCXW43371028 BCX0\">, <\/span><span class=\"NormalTextRun SpellingErrorV2Themed SCXW43371028 BCX0\">ouvir\u00e1<\/span> <span class=\"NormalTextRun SpellingErrorV2Themed SCXW43371028 BCX0\">hist\u00f3rias<\/span><span class=\"NormalTextRun SCXW43371028 BCX0\"> cariocas e <\/span><span class=\"NormalTextRun SpellingErrorV2Themed SCXW43371028 BCX0\">informa\u00e7\u00f5es<\/span><span class=\"NormalTextRun SCXW43371028 BCX0\"> ecol\u00f3gicas do <\/span><span class=\"NormalTextRun SpellingErrorV2Themed SCXW43371028 BCX0\">seu<\/span> <span class=\"NormalTextRun SpellingErrorV2Themed SCXW43371028 BCX0\">guia<\/span><span class=\"NormalTextRun SCXW43371028 BCX0\"> local especializado. <\/span><span class=\"NormalTextRun SpellingErrorV2Themed SCXW43371028 BCX0\">Depois<\/span><span class=\"NormalTextRun SCXW43371028 BCX0\">, <\/span><span class=\"NormalTextRun SpellingErrorV2Themed SCXW43371028 BCX0\">relaxar\u00e1<\/span> <span class=\"NormalTextRun SpellingErrorV2Themed SCXW43371028 BCX0\">com<\/span> <span class=\"NormalTextRun SpellingErrorV2Themed SCXW43371028 BCX0\">um<\/span> <span class=\"NormalTextRun SpellingErrorV2Themed SCXW43371028 BCX0\">almo\u00e7o<\/span> <span class=\"NormalTextRun SpellingErrorV2Themed SCXW43371028 BCX0\">descal\u00e7o<\/span><span class=\"NormalTextRun SCXW43371028 BCX0\"> no <\/span><span class=\"NormalTextRun SpellingErrorV2Themed SCXW43371028 BCX0\">Cl\u00e1ssico<\/span><span class=\"NormalTextRun SCXW43371028 BCX0\"> Beach Club <\/span><span class=\"NormalTextRun SpellingErrorV2Themed SCXW43371028 BCX0\">Grumari<\/span><span class=\"NormalTextRun SCXW43371028 BCX0\">, <\/span><span class=\"NormalTextRun SpellingErrorV2Themed SCXW43371028 BCX0\">com<\/span><span class=\"NormalTextRun SCXW43371028 BCX0\"> especialidades <\/span><span class=\"NormalTextRun SpellingErrorV2Themed SCXW43371028 BCX0\">regionais<\/span><span class=\"NormalTextRun SCXW43371028 BCX0\"> de frutos do mar e refrescantes <\/span><span class=\"NormalTextRun SpellingErrorV2Themed SCXW43371028 BCX0\">caipirinhas<\/span><span class=\"NormalTextRun SCXW43371028 BCX0\">. Exclusivo para portadores de <\/span><span class=\"NormalTextRun SpellingErrorV2Themed SCXW43371028 BCX0\">cart\u00e3o<\/span> <span class=\"NormalTextRun SpellingErrorV2Themed SCXW43371028 BCX0\">Mastercard<\/span><span class=\"NormalTextRun SCXW43371028 BCX0\">.<\/span><\/span><span class=\"EOP SCXW43371028 BCX0\" data-ccp-props=\"{&quot;134233117&quot;:false,&quot;134233118&quot;:false,&quot;335559738&quot;:240,&quot;335559739&quot;:240}\">\u00a0<\/span><\/p>\n","protected":false},"excerpt":{"rendered":"<p>Explore o Rio em uma caminhada guiada pela exuberante Mata Atl\u00e2ntica at\u00e9 deslumbrantes praias escondidas. Voc\u00ea ver\u00e1 um Rio que a maioria dos visitantes nunca conhece, caminhando entre as \u00e1rvores at\u00e9 a pitoresca Pedra da Tartaruga, um mirante panor\u00e2mico com vistas amplas de praias intocadas. Pelo caminho, ouvir\u00e1 hist\u00f3rias cariocas e informa\u00e7\u00f5es ecol\u00f3gicas do seu [&hellip;]<\/p>\n","protected":false},"featured_media":8371,"template":"","meta":{"_acf_changed":false,"inline_featured_image":false},"product_brand":[],"product_cat":[48],"product_tag":[],"class_list":{"0":"post-8348","1":"product","2":"type-product","3":"status-publish","4":"has-post-thumbnail","6":"product_cat-experienciasx","8":"first","9":"instock","10":"virtual","11":"sold-individually","12":"purchasable","13":"product-type-booking"},"acf":[],"_links":{"self":[{"href":"https:\/\/www.experienciaslatam.com\/pt-br\/wp-json\/wp\/v2\/product\/8348","targetHints":{"allow":["GET"]}}],"collection":[{"href":"https:\/\/www.experienciaslatam.com\/pt-br\/wp-json\/wp\/v2\/product"}],"about":[{"href":"https:\/\/www.experienciaslatam.com\/pt-br\/wp-json\/wp\/v2\/types\/product"}],"wp:featuredmedia":[{"embeddable":true,"href":"https:\/\/www.experienciaslatam.com\/pt-br\/wp-json\/wp\/v2\/media\/8371"}],"wp:attachment":[{"href":"https:\/\/www.experienciaslatam.com\/pt-br\/wp-json\/wp\/v2\/media?parent=8348"}],"wp:term":[{"taxonomy":"product_brand","embeddable":true,"href":"https:\/\/www.experienciaslatam.com\/pt-br\/wp-json\/wp\/v2\/product_brand?post=8348"},{"taxonomy":"product_cat","embeddable":true,"href":"https:\/\/www.experienciaslatam.com\/pt-br\/wp-json\/wp\/v2\/product_cat?post=8348"},{"taxonomy":"product_tag","embeddable":true,"href":"https:\/\/www.experienciaslatam.com\/pt-br\/wp-json\/wp\/v2\/product_tag?post=8348"}],"curies":[{"name":"wp","href":"https:\/\/api.w.org\/{rel}","templated":true}]}}